{"id":11509,"date":"2025-06-10T05:42:46","date_gmt":"2025-06-10T05:42:46","guid":{"rendered":"https:\/\/euronut.com.tr\/?post_type=product&#038;p=11509"},"modified":"2025-06-12T12:50:51","modified_gmt":"2025-06-12T12:50:51","slug":"findik","status":"publish","type":"product","link":"https:\/\/euronut.com.tr\/tr_tr\/urunlerimiz\/kuruyemis\/findik\/","title":{"rendered":"F\u0131nd\u0131k"},"content":{"rendered":"<h2>F\u0131nd\u0131k: Lezzetli ve Sa\u011fl\u0131kl\u0131 Bir Kuruyemi\u015f<\/h2>\n<p>F\u0131nd\u0131k, kendine \u00f6zg\u00fc aromas\u0131 ve \u00e7\u0131t\u0131r dokusuyla severek t\u00fcketilen bir kuruyemi\u015ftir. Sadece lezzetiyle de\u011fil, ayn\u0131 zamanda sa\u011fl\u0131k a\u00e7\u0131s\u0131ndan sundu\u011fu faydalarla da \u00f6ne \u00e7\u0131kar. T\u00fcrkiye, d\u00fcnya f\u0131nd\u0131k \u00fcretiminin \u00f6nemli bir k\u0131sm\u0131n\u0131 kar\u015f\u0131lamakta olup, f\u0131nd\u0131k T\u00fcrk mutfa\u011f\u0131nda ve ekonomisinde \u00f6zel bir yere sahiptir.<\/p>\n<h3>F\u0131nd\u0131\u011f\u0131n Faydalar\u0131<\/h3>\n<p>F\u0131nd\u0131k, i\u00e7eri\u011findeki zengin besin de\u011ferleri sayesinde bir\u00e7ok fayda sunar:<\/p>\n<ul>\n<li><strong>Kalp Sa\u011fl\u0131\u011f\u0131:<\/strong>\u00a0Tekli doymam\u0131\u015f ya\u011f asitleri a\u00e7\u0131s\u0131ndan zengin olmas\u0131, k\u00f6t\u00fc kolesterol\u00fc d\u00fc\u015f\u00fcrmeye ve kalp krizi riskini azaltmaya yard\u0131mc\u0131 olabilir.<\/li>\n<li><strong>Antioksidan Kayna\u011f\u0131:<\/strong>\u00a0E vitamini ve manganez gibi g\u00fc\u00e7l\u00fc antioksidanlar i\u00e7erir. Bu antioksidanlar, v\u00fccudu serbest radikallerin zararl\u0131 etkilerinden korur.<\/li>\n<li><strong>Beyin Fonksiyonlar\u0131:<\/strong>\u00a0B vitaminleri (\u00f6zellikle folat) ve magnezyum i\u00e7eri\u011fi sayesinde beyin sa\u011fl\u0131\u011f\u0131n\u0131 destekler ve bili\u015fsel fonksiyonlar\u0131 geli\u015ftirmeye yard\u0131mc\u0131 olabilir.<\/li>\n<li><strong>Sindirim Sa\u011fl\u0131\u011f\u0131:<\/strong>\u00a0Y\u00fcksek lif i\u00e7eri\u011fi sayesinde sindirim sisteminin d\u00fczenli \u00e7al\u0131\u015fmas\u0131na katk\u0131da bulunur ve kab\u0131zl\u0131\u011f\u0131 \u00f6nleyebilir.<\/li>\n<li><strong>Enerji Kayna\u011f\u0131:<\/strong>\u00a0\u0130\u00e7erdi\u011fi sa\u011fl\u0131kl\u0131 ya\u011flar, protein ve karbonhidratlar sayesinde iyi bir enerji kayna\u011f\u0131d\u0131r.<\/li>\n<\/ul>\n<h3>F\u0131nd\u0131k Nerelerde Kullan\u0131l\u0131r?<\/h3>\n<p>F\u0131nd\u0131k, geni\u015f bir kullan\u0131m alan\u0131na sahiptir:<\/p>\n<ul>\n<li><strong>Tek Ba\u015f\u0131na T\u00fcketim:<\/strong>\u00a0En yayg\u0131n t\u00fcketim \u015fekli, \u00e7i\u011f veya kavrulmu\u015f olarak direkt yemektir.<\/li>\n<li><strong>Tatl\u0131lar ve Pastalar:<\/strong>\u00a0\u00c7ikolata, pasta, kurabiye, kek gibi bir\u00e7ok tatl\u0131n\u0131n vazge\u00e7ilmezidir. \u00d6zellikle \u00e7ikolatal\u0131 \u00fcr\u00fcnlerle m\u00fckemmel bir uyum yakalar.<\/li>\n<li><strong>Kahvalt\u0131l\u0131k \u00dcr\u00fcnler:<\/strong>\u00a0Granola, m\u00fcsli, yulaf ezmesi gibi kahvalt\u0131l\u0131klar\u0131n i\u00e7ine eklenebilir. F\u0131nd\u0131k ezmesi de sa\u011fl\u0131kl\u0131 bir kahvalt\u0131l\u0131k alternatifidir.<\/li>\n<li><strong>Salatalar ve Yemekler:<\/strong>\u00a0Baz\u0131 salatalara veya ana yemeklere lezzet ve \u00e7\u0131t\u0131rl\u0131k katmak i\u00e7in kullan\u0131labilir.<\/li>\n<li><strong>At\u0131\u015ft\u0131rmal\u0131klar:<\/strong>\u00a0Enerji veren sa\u011fl\u0131kl\u0131 bir at\u0131\u015ft\u0131rmal\u0131k olarak tercih edilebilir.<\/li>\n<\/ul>\n<h3>F\u0131nd\u0131k T\u00fcketiminde Dikkat Edilmesi Gerekenler<\/h3>\n<ul>\n<li><strong>Tazelik:<\/strong>\u00a0F\u0131nd\u0131\u011f\u0131n taze olmas\u0131 lezzeti ve besin de\u011feri a\u00e7\u0131s\u0131ndan kritiktir. Bayat f\u0131nd\u0131klar ac\u0131la\u015fabilir.<\/li>\n<li><strong>Kabuklu veya \u0130\u00e7 F\u0131nd\u0131k:<\/strong>\u00a0M\u00fc\u015fterinin tercihine g\u00f6re kabuklu veya i\u00e7 f\u0131nd\u0131k se\u00e7enekleri sunulabilir. \u0130\u00e7 f\u0131nd\u0131k, kullan\u0131m kolayl\u0131\u011f\u0131 sa\u011flarken, kabuklu f\u0131nd\u0131k daha uzun s\u00fcre tazeli\u011fini koruyabilir.<\/li>\n<li><strong>Kavrulmu\u015f veya \u00c7i\u011f:<\/strong>\u00a0Kavrulmu\u015f f\u0131nd\u0131k daha yo\u011fun bir aroma sunarken, \u00e7i\u011f f\u0131nd\u0131k besin de\u011ferlerini daha fazla korur.<\/li>\n<li><strong>Paketleme:<\/strong>\u00a0Hava almayan, \u0131\u015f\u0131k ge\u00e7irmeyen ve nemden koruyan ambalajlar tercih edilmelidir. Bu, f\u0131nd\u0131\u011f\u0131n tazeli\u011fini uzun s\u00fcre muhafaza etmesine yard\u0131mc\u0131 olur.<\/li>\n<li><strong>Saklama Ko\u015fullar\u0131:<\/strong>\u00a0F\u0131nd\u0131k, serin, kuru ve karanl\u0131k bir yerde saklanmal\u0131d\u0131r. Buzdolab\u0131nda veya dondurucuda saklamak da tazeli\u011fini daha uzun s\u00fcre korumas\u0131na yard\u0131mc\u0131 olabilir.<\/li>\n<\/ul>\n<h3>Euronut<\/h3>\n<p>\u00dcr\u00fcnlerimizin kalitesi, tazeli\u011fi ve damaklarda b\u0131rakt\u0131\u011f\u0131 lezzet ile \u00f6n plana \u00e7\u0131kmaktad\u0131r.<\/p>\n<p>\u00dcretimden paketlemeye kadar y\u00fcksek kaliteye \u00f6nem vermekteyiz.<\/p>\n<p>Ambalaj i\u00e7ersindeki oksijen miktar\u0131n\u0131 en aza d\u00fc\u015f\u00fcrerek \u00fcr\u00fcnlerin taze kalmas\u0131n\u0131 sa\u011fl\u0131yoruz.<\/p>\n<p>Tesisimiz BRC Belgesi (British Relail Consortium Standart) ile belgelendirilmi\u015ftir.<\/p>\n<p>Euronut kuruyemi\u015f paketlerinin i\u00e7indeki taze ve lezzetli kuruyemi\u015flerin g\u0131da g\u00fcvenli\u011fi ve kalitesini uluslararas\u0131 standartlarda sa\u011flad\u0131\u011f\u0131m\u0131z\u0131n kan\u0131t\u0131 olmu\u015ftur.<\/p>\n<p>Avrupa\u2019n\u0131n en \u00fcst\u00fcn teknolojisine sahip modern tesisimiz Selimpa\u015fa\u2019dad\u0131r.<\/p>\n","protected":false},"excerpt":{"rendered":"<p>F\u0131nd\u0131k, kendine \u00f6zg\u00fc aromas\u0131 ve \u00e7\u0131t\u0131r dokusuyla severek t\u00fcketilen bir kuruyemi\u015ftir. Sadece lezzetiyle de\u011fil, ayn\u0131 zamanda sa\u011fl\u0131k a\u00e7\u0131s\u0131ndan sundu\u011fu faydalarla da \u00f6ne \u00e7\u0131kar. T\u00fcrkiye, d\u00fcnya f\u0131nd\u0131k \u00fcretiminin \u00f6nemli bir k\u0131sm\u0131n\u0131 kar\u015f\u0131lamakta olup, f\u0131nd\u0131k T\u00fcrk mutfa\u011f\u0131nda ve ekonomisinde \u00f6zel bir yere sahiptir.<\/p>\n<h3>F\u0131nd\u0131\u011f\u0131n Faydalar\u0131<\/h3>\n<p>F\u0131nd\u0131k, i\u00e7eri\u011findeki zengin besin de\u011ferleri sayesinde bir\u00e7ok fayda sunar:<\/p>\n<ul>\n<li><strong>Kalp Sa\u011fl\u0131\u011f\u0131:<\/strong>\u00a0Tekli doymam\u0131\u015f ya\u011f asitleri a\u00e7\u0131s\u0131ndan zengin olmas\u0131, k\u00f6t\u00fc kolesterol\u00fc d\u00fc\u015f\u00fcrmeye ve kalp krizi riskini azaltmaya yard\u0131mc\u0131 olabilir.<\/li>\n<li><strong>Antioksidan Kayna\u011f\u0131:<\/strong>\u00a0E vitamini ve manganez gibi g\u00fc\u00e7l\u00fc antioksidanlar i\u00e7erir. Bu antioksidanlar, v\u00fccudu serbest radikallerin zararl\u0131 etkilerinden korur.<\/li>\n<li><strong>Beyin Fonksiyonlar\u0131:<\/strong>\u00a0B vitaminleri (\u00f6zellikle folat) ve magnezyum i\u00e7eri\u011fi sayesinde beyin sa\u011fl\u0131\u011f\u0131n\u0131 destekler ve bili\u015fsel fonksiyonlar\u0131 geli\u015ftirmeye yard\u0131mc\u0131 olabilir.<\/li>\n<li><strong>Sindirim Sa\u011fl\u0131\u011f\u0131:<\/strong>\u00a0Y\u00fcksek lif i\u00e7eri\u011fi sayesinde sindirim sisteminin d\u00fczenli \u00e7al\u0131\u015fmas\u0131na katk\u0131da bulunur ve kab\u0131zl\u0131\u011f\u0131 \u00f6nleyebilir.<\/li>\n<li><strong>Enerji Kayna\u011f\u0131:<\/strong>\u00a0\u0130\u00e7erdi\u011fi sa\u011fl\u0131kl\u0131 ya\u011flar, protein ve karbonhidratlar sayesinde iyi bir enerji kayna\u011f\u0131d\u0131r.<\/li>\n<\/ul>\n","protected":false},"featured_media":11628,"comment_status":"open","ping_status":"closed","template":"","meta":[],"product_brand":[],"product_cat":[15],"product_tag":[],"class_list":{"0":"post-11509","1":"product","2":"type-product","3":"status-publish","4":"has-post-thumbnail","6":"product_cat-kuruyemis","8":"first","9":"instock","10":"shipping-taxable","11":"product-type-simple"},"aioseo_notices":[],"_links":{"self":[{"href":"https:\/\/euronut.com.tr\/tr_tr\/wp-json\/wp\/v2\/product\/11509","targetHints":{"allow":["GET"]}}],"collection":[{"href":"https:\/\/euronut.com.tr\/tr_tr\/wp-json\/wp\/v2\/product"}],"about":[{"href":"https:\/\/euronut.com.tr\/tr_tr\/wp-json\/wp\/v2\/types\/product"}],"replies":[{"embeddable":true,"href":"https:\/\/euronut.com.tr\/tr_tr\/wp-json\/wp\/v2\/comments?post=11509"}],"wp:featuredmedia":[{"embeddable":true,"href":"https:\/\/euronut.com.tr\/tr_tr\/wp-json\/wp\/v2\/media\/11628"}],"wp:attachment":[{"href":"https:\/\/euronut.com.tr\/tr_tr\/wp-json\/wp\/v2\/media?parent=11509"}],"wp:term":[{"taxonomy":"product_brand","embeddable":true,"href":"https:\/\/euronut.com.tr\/tr_tr\/wp-json\/wp\/v2\/product_brand?post=11509"},{"taxonomy":"product_cat","embeddable":true,"href":"https:\/\/euronut.com.tr\/tr_tr\/wp-json\/wp\/v2\/product_cat?post=11509"},{"taxonomy":"product_tag","embeddable":true,"href":"https:\/\/euronut.com.tr\/tr_tr\/wp-json\/wp\/v2\/product_tag?post=11509"}],"curies":[{"name":"wp","href":"https:\/\/api.w.org\/{rel}","templated":true}]}}