{"id":11745,"date":"2025-12-11T07:40:22","date_gmt":"2025-12-11T07:40:22","guid":{"rendered":"https:\/\/euronut.com.tr\/?page_id=11745"},"modified":"2025-12-11T14:25:50","modified_gmt":"2025-12-11T14:25:50","slug":"euronut-eu-gmbh","status":"publish","type":"page","link":"https:\/\/euronut.com.tr\/ru\/euronut-eu-gmbh\/","title":{"rendered":"Euronut EU GmbH"},"content":{"rendered":"<div data-elementor-type=\"wp-page\" data-elementor-id=\"11745\" class=\"elementor elementor-11745\">\n\t\t\t\t<div class=\"elementor-element elementor-element-cb83002 e-flex e-con-boxed e-con e-parent\" data-id=\"cb83002\" data-element_type=\"container\">\n\t\t\t\t\t<div class=\"e-con-inner\">\n\t\t<div class=\"elementor-element elementor-element-24c5cd5 e-con-full e-flex e-con e-child\" data-id=\"24c5cd5\" data-element_type=\"container\">\n\t\t\t\t<div class=\"elementor-element elementor-element-6e538c9 elementor-widget elementor-widget-text-editor\" data-id=\"6e538c9\" data-element_type=\"widget\" data-widget_type=\"text-editor.default\">\n\t\t\t\t<div class=\"elementor-widget-container\">\n\t\t\t\t\t\t\t\t\t<h3>Euronut EU GmbH (\u0412\u0430\u0448 \u043f\u0443\u0442\u044c \u043d\u0430 \u0435\u0432\u0440\u043e\u043f\u0435\u0439\u0441\u043a\u0438\u0439 \u0440\u044b\u043d\u043e\u043a \u043e\u0440\u0435\u0445\u043e\u0432)<\/h3><p><strong>Euronut EU GmbH<\/strong>, \u041a\u043e\u043c\u043f\u0430\u043d\u0438\u044f Euronut G\u0131da San. ve Tic. A.\u015e., \u043e\u0434\u0438\u043d \u0438\u0437 \u0432\u0435\u0434\u0443\u0449\u0438\u0445 \u043f\u0440\u043e\u0438\u0437\u0432\u043e\u0434\u0438\u0442\u0435\u043b\u0435\u0439 \u043e\u0440\u0435\u0445\u043e\u0432 \u0432 \u0422\u0443\u0440\u0446\u0438\u0438, \u0431\u0430\u0437\u0438\u0440\u0443\u0435\u0442\u0441\u044f \u0432 \u0413\u0435\u0440\u043c\u0430\u043d\u0438\u0438 \u0438 \u043f\u0440\u0435\u0434\u0441\u0442\u0430\u0432\u043b\u044f\u0435\u0442 \u0441\u043e\u0431\u043e\u0439 \u043f\u0440\u0438\u043c\u0435\u0440 \u0441\u0442\u0440\u0430\u0442\u0435\u0433\u0438\u0447\u0435\u0441\u043a\u043e\u0433\u043e \u0440\u0430\u0441\u0448\u0438\u0440\u0435\u043d\u0438\u044f \u043d\u0430 \u0435\u0432\u0440\u043e\u043f\u0435\u0439\u0441\u043a\u0438\u0439 \u0440\u044b\u043d\u043e\u043a. <strong>\u0410\u043b\u044c\u0431\u0448\u0442\u0430\u0434\u0442<\/strong> \u0420\u0430\u0441\u043f\u043e\u043b\u043e\u0436\u0435\u043d\u043d\u0430\u044f \u0432 \u044d\u0442\u043e\u043c \u0440\u0435\u0433\u0438\u043e\u043d\u0435, \u043d\u0430\u0448\u0430 \u043a\u043e\u043c\u043f\u0430\u043d\u0438\u044f \u0441\u0442\u0440\u0435\u043c\u0438\u0442\u0441\u044f \u043f\u0440\u0435\u0434\u043b\u0430\u0433\u0430\u0442\u044c \u0432\u044b\u0441\u043e\u043a\u043e\u043a\u0430\u0447\u0435\u0441\u0442\u0432\u0435\u043d\u043d\u044b\u0435 \u043e\u0440\u0435\u0445\u0438 \u0438 \u0441\u0443\u0445\u043e\u0444\u0440\u0443\u043a\u0442\u044b \u043d\u0430\u043f\u0440\u044f\u043c\u0443\u044e \u043d\u0430 \u0440\u044b\u043d\u043e\u043a \u0415\u0432\u0440\u043e\u043f\u0435\u0439\u0441\u043a\u043e\u0433\u043e \u0441\u043e\u044e\u0437\u0430 (\u0415\u0421) \u0438 \u043e\u043f\u0442\u0438\u043c\u0438\u0437\u0438\u0440\u043e\u0432\u0430\u0442\u044c \u043f\u0440\u043e\u0446\u0435\u0441\u0441\u044b \u0434\u0438\u0441\u0442\u0440\u0438\u0431\u0443\u0446\u0438\u0438.<\/p><h3>\u2728 \u041d\u0430\u0448\u0430 \u043c\u0438\u0441\u0441\u0438\u044f: \u041f\u0440\u0438\u043d\u043e\u0441\u0438\u0442\u044c \u043a\u0430\u0447\u0435\u0441\u0442\u0432\u043e \u0432 \u0415\u0432\u0440\u043e\u043f\u0443<\/h3><p>\u041c\u0438\u0441\u0441\u0438\u044f \u043a\u043e\u043c\u043f\u0430\u043d\u0438\u0438 Euronut EU GmbH \u2014 \u043f\u0440\u0435\u0434\u043e\u0441\u0442\u0430\u0432\u043b\u044f\u0442\u044c \u043f\u0440\u043e\u0434\u0443\u043a\u0446\u0438\u044e, \u043f\u0440\u043e\u0438\u0437\u0432\u0435\u0434\u0435\u043d\u043d\u0443\u044e \u0432 \u0441\u043e\u043e\u0442\u0432\u0435\u0442\u0441\u0442\u0432\u0438\u0438 \u0441 \u043c\u0435\u0436\u0434\u0443\u043d\u0430\u0440\u043e\u0434\u043d\u044b\u043c\u0438 \u0441\u0442\u0430\u043d\u0434\u0430\u0440\u0442\u0430\u043c\u0438 \u0431\u0435\u0437\u043e\u043f\u0430\u0441\u043d\u043e\u0441\u0442\u0438 \u043f\u0438\u0449\u0435\u0432\u044b\u0445 \u043f\u0440\u043e\u0434\u0443\u043a\u0442\u043e\u0432, \u0441\u043e\u0445\u0440\u0430\u043d\u044f\u044e\u0449\u0443\u044e \u0441\u0432\u043e\u044e \u0441\u0432\u0435\u0436\u0435\u0441\u0442\u044c \u0438 \u043e\u0442\u043b\u0438\u0447\u0430\u044e\u0449\u0443\u044e\u0441\u044f \u043f\u0440\u0435\u0432\u043e\u0441\u0445\u043e\u0434\u043d\u044b\u043c \u0432\u043a\u0443\u0441\u043e\u043c.; <strong>\u0440\u043e\u0437\u043d\u0438\u0447\u043d\u044b\u043c \u0441\u0435\u0442\u044f\u043c, \u043e\u043f\u0442\u043e\u0432\u044b\u043c \u0442\u043e\u0440\u0433\u043e\u0432\u0446\u0430\u043c \u0438 \u043f\u0440\u043e\u043c\u044b\u0448\u043b\u0435\u043d\u043d\u044b\u043c \u043e\u0440\u0433\u0430\u043d\u0438\u0437\u0430\u0446\u0438\u044f\u043c<\/strong> \u041e\u0431\u0435\u0441\u043f\u0435\u0447\u0438\u0442\u044c \u0431\u0435\u0441\u043f\u0435\u0440\u0435\u0431\u043e\u0439\u043d\u0443\u044e \u0438 \u043d\u0430\u0434\u0435\u0436\u043d\u0443\u044e \u0446\u0435\u043f\u043e\u0447\u043a\u0443 \u043f\u043e\u0441\u0442\u0430\u0432\u043e\u043a.<\/p><h3>\ud83c\udf1f \u0427\u0442\u043e \u043d\u0430\u0441 \u043e\u0442\u043b\u0438\u0447\u0430\u0435\u0442<\/h3><ul><li><strong>\u0415\u0432\u0440\u043e\u043f\u0435\u0439\u0441\u043a\u0438\u0439 \u043c\u0430\u0440\u043a\u0435\u0442\u0438\u043d\u0433\u043e\u0432\u044b\u0439 \u0446\u0435\u043d\u0442\u0440:<\/strong> \u0411\u043b\u0430\u0433\u043e\u0434\u0430\u0440\u044f \u043d\u0430\u0448\u0435\u0439 \u043e\u043f\u0435\u0440\u0430\u0446\u0438\u043e\u043d\u043d\u043e\u0439 \u0441\u0442\u0440\u0443\u043a\u0442\u0443\u0440\u0435, \u043f\u043e\u043b\u043d\u043e\u0441\u0442\u044c\u044e \u0441\u043e\u043e\u0442\u0432\u0435\u0442\u0441\u0442\u0432\u0443\u044e\u0449\u0435\u0439 \u0437\u0430\u043a\u043e\u043d\u043e\u0434\u0430\u0442\u0435\u043b\u044c\u0441\u0442\u0432\u0443 \u0415\u0421, \u043c\u044b \u043e\u0431\u0435\u0441\u043f\u0435\u0447\u0438\u0432\u0430\u0435\u043c \u0441\u043a\u043e\u0440\u043e\u0441\u0442\u044c \u0438 \u044d\u0444\u0444\u0435\u043a\u0442\u0438\u0432\u043d\u043e\u0441\u0442\u044c \u0442\u0430\u043c\u043e\u0436\u0435\u043d\u043d\u044b\u0445 \u0438 \u043b\u043e\u0433\u0438\u0441\u0442\u0438\u0447\u0435\u0441\u043a\u0438\u0445 \u043f\u0440\u043e\u0446\u0435\u0441\u0441\u043e\u0432.<\/li><li><strong>\u0413\u0430\u0440\u0430\u043d\u0442\u0438\u044f \u0441\u0432\u0435\u0436\u0435\u0441\u0442\u0438 \u0438 \u0431\u0435\u0437\u043e\u043f\u0430\u0441\u043d\u043e\u0441\u0442\u0438:<\/strong> \u041f\u0440\u043e\u0438\u0437\u0432\u0435\u0434\u0435\u043d\u043d\u0430\u044f \u043d\u0430 \u043d\u0430\u0448\u0438\u0445 \u043f\u0440\u0435\u0434\u043f\u0440\u0438\u044f\u0442\u0438\u044f\u0445 \u0432 \u0422\u0443\u0440\u0446\u0438\u0438 \u0441 \u0438\u0441\u043f\u043e\u043b\u044c\u0437\u043e\u0432\u0430\u043d\u0438\u0435\u043c \u043d\u043e\u0432\u0435\u0439\u0448\u0438\u0445 \u0442\u0435\u0445\u043d\u043e\u043b\u043e\u0433\u0438\u0439 \u0438 \u0437\u0430\u0449\u0438\u0449\u0435\u043d\u043d\u0430\u044f \u0441\u043f\u0435\u0446\u0438\u0430\u043b\u044c\u043d\u043e\u0439 \u0443\u043f\u0430\u043a\u043e\u0432\u043a\u043e\u0439 (\u0430\u0437\u043e\u0442\u043d\u043e\u0439 \u0443\u043f\u0430\u043a\u043e\u0432\u043a\u043e\u0439), \u043d\u0430\u0448\u0430 \u043f\u0440\u043e\u0434\u0443\u043a\u0446\u0438\u044f \u0434\u043e\u0441\u0442\u0430\u0432\u043b\u044f\u0435\u0442\u0441\u044f \u0447\u0435\u0440\u0435\u0437 \u0413\u0435\u0440\u043c\u0430\u043d\u0438\u044e \u0432 \u043a\u0430\u0436\u0434\u044b\u0439 \u0443\u0433\u043e\u043b\u043e\u043a \u0415\u0432\u0440\u043e\u043f\u044b, \u0441\u043e\u0445\u0440\u0430\u043d\u044f\u044f \u043f\u0440\u0438 \u044d\u0442\u043e\u043c \u0441\u0432\u043e\u044e \u0441\u0432\u0435\u0436\u0435\u0441\u0442\u044c.<\/li><li><strong>\u0421\u0442\u0440\u0430\u0442\u0435\u0433\u0438\u0447\u0435\u0441\u043a\u043e\u0435 \u0440\u0430\u0441\u043f\u043e\u043b\u043e\u0436\u0435\u043d\u0438\u0435:<\/strong> \u0411\u043b\u0430\u0433\u043e\u0434\u0430\u0440\u044f \u0431\u043b\u0438\u0437\u043e\u0441\u0442\u0438 \u043a \u043e\u0441\u043d\u043e\u0432\u043d\u044b\u043c \u0435\u0432\u0440\u043e\u043f\u0435\u0439\u0441\u043a\u0438\u043c \u0434\u0438\u0441\u0442\u0440\u0438\u0431\u044c\u044e\u0442\u043e\u0440\u0441\u043a\u0438\u043c \u0441\u0435\u0442\u044f\u043c, \u043d\u0430\u0448 \u0433\u043e\u043b\u043e\u0432\u043d\u043e\u0439 \u043e\u0444\u0438\u0441 \u0432 \u0413\u0435\u0440\u043c\u0430\u043d\u0438\u0438 \u043f\u0440\u0435\u0434\u043b\u0430\u0433\u0430\u0435\u0442 \u043f\u0440\u0435\u0438\u043c\u0443\u0449\u0435\u0441\u0442\u0432\u0430 \u0431\u044b\u0441\u0442\u0440\u043e\u0439 \u0434\u043e\u0441\u0442\u0430\u0432\u043a\u0438 \u0438 \u043d\u0438\u0437\u043a\u0438\u0445 \u044d\u043a\u0441\u043f\u043b\u0443\u0430\u0442\u0430\u0446\u0438\u043e\u043d\u043d\u044b\u0445 \u0440\u0430\u0441\u0445\u043e\u0434\u043e\u0432.<\/li><li><strong>\u041f\u043e\u0434\u0445\u043e\u0434, \u043e\u0440\u0438\u0435\u043d\u0442\u0438\u0440\u043e\u0432\u0430\u043d\u043d\u044b\u0439 \u043d\u0430 \u043f\u0430\u0440\u0442\u043d\u0435\u0440\u0441\u0442\u0432\u043e:<\/strong> \u041c\u044b \u043f\u0440\u0435\u0434\u043b\u0430\u0433\u0430\u0435\u043c \u0433\u0438\u0431\u043a\u0438\u0435 \u0440\u0435\u0448\u0435\u043d\u0438\u044f \u0432 \u043e\u0431\u043b\u0430\u0441\u0442\u0438 \u043f\u043e\u0441\u0442\u0430\u0432\u043e\u043a \u0438 \u043c\u0430\u0440\u043a\u0438\u0440\u043e\u0432\u043a\u0438, \u0430\u0434\u0430\u043f\u0442\u0438\u0440\u043e\u0432\u0430\u043d\u043d\u044b\u0435 \u043a \u0441\u043f\u0435\u0446\u0438\u0444\u0438\u0447\u0435\u0441\u043a\u0438\u043c \u0442\u0440\u0435\u0431\u043e\u0432\u0430\u043d\u0438\u044f\u043c \u0438 \u0434\u0438\u043d\u0430\u043c\u0438\u043a\u0435 \u0440\u044b\u043d\u043a\u0430 \u043d\u0430\u0448\u0438\u0445 \u0434\u0435\u043b\u043e\u0432\u044b\u0445 \u043f\u0430\u0440\u0442\u043d\u0435\u0440\u043e\u0432 \u043d\u0430 \u0435\u0432\u0440\u043e\u043f\u0435\u0439\u0441\u043a\u043e\u043c \u0440\u044b\u043d\u043a\u0435.<\/li><\/ul><p>\u041a\u043e\u043c\u043f\u0430\u043d\u0438\u044f Euronut EU GmbH \u0441\u043e\u0447\u0435\u0442\u0430\u0435\u0442 \u0432 \u0441\u0435\u0431\u0435 \u043a\u0430\u0447\u0435\u0441\u0442\u0432\u043e, \u043d\u0430\u0434\u0435\u0436\u043d\u043e\u0441\u0442\u044c \u0438 \u043a\u043e\u043d\u043a\u0443\u0440\u0435\u043d\u0442\u043e\u0441\u043f\u043e\u0441\u043e\u0431\u043d\u043e\u0441\u0442\u044c \u0434\u043b\u044f \u0432\u0441\u0435\u0445 \u043a\u043e\u043c\u043f\u0430\u043d\u0438\u0439, \u0441\u0442\u0440\u0435\u043c\u044f\u0449\u0438\u0445\u0441\u044f \u043a \u0441\u043e\u0442\u0440\u0443\u0434\u043d\u0438\u0447\u0435\u0441\u0442\u0432\u0443 \u0441 \u043d\u0430\u0434\u0435\u0436\u043d\u044b\u043c \u043f\u043e\u0441\u0442\u0430\u0432\u0449\u0438\u043a\u043e\u043c \u043e\u0440\u0435\u0445\u043e\u0432 \u0432 \u0415\u0432\u0440\u043e\u043f\u0435. <strong>\u042d\u0442\u043e \u0441\u0442\u0440\u0430\u0442\u0435\u0433\u0438\u0447\u0435\u0441\u043a\u0438\u0439 \u0434\u0435\u043b\u043e\u0432\u043e\u0439 \u043f\u0430\u0440\u0442\u043d\u0435\u0440.<\/strong><\/p>\t\t\t\t\t\t\t\t<\/div>\n\t\t\t\t<\/div>\n\t\t\t\t<\/div>\n\t\t<div class=\"elementor-element elementor-element-8b33295 e-con-full e-flex e-con e-child\" data-id=\"8b33295\" data-element_type=\"container\">\n\t\t\t\t<div class=\"elementor-element elementor-element-55d0651 elementor-widget elementor-widget-image\" data-id=\"55d0651\" data-element_type=\"widget\" data-widget_type=\"image.default\">\n\t\t\t\t<div class=\"elementor-widget-container\">\n\t\t\t\t\t\t\t\t\t\t\t\t\t\t\t<img fetchpriority=\"high\" decoding=\"async\" width=\"500\" height=\"905\" src=\"https:\/\/euronut.com.tr\/wp-content\/uploads\/2025\/12\/Euronut-Fabrika-Turkiye-ve-Almanya.webp\" class=\"attachment-large size-large wp-image-11795\" alt=\"\u0424\u0430\u0431\u0440\u0438\u043a\u0430 Euronut - \u0422\u0443\u0440\u0446\u0438\u044f \u0438 \u0413\u0435\u0440\u043c\u0430\u043d\u0438\u044f\" srcset=\"https:\/\/euronut.com.tr\/wp-content\/uploads\/2025\/12\/Euronut-Fabrika-Turkiye-ve-Almanya.webp 500w, https:\/\/euronut.com.tr\/wp-content\/uploads\/2025\/12\/Euronut-Fabrika-Turkiye-ve-Almanya-166x300.webp 166w, https:\/\/euronut.com.tr\/wp-content\/uploads\/2025\/12\/Euronut-Fabrika-Turkiye-ve-Almanya-7x12.webp 7w, https:\/\/euronut.com.tr\/wp-content\/uploads\/2025\/12\/Euronut-Fabrika-Turkiye-ve-Almanya-350x634.webp 350w\" sizes=\"(max-width: 500px) 100vw, 500px\" \/>\t\t\t\t\t\t\t\t\t\t\t\t\t\t\t<\/div>\n\t\t\t\t<\/div>\n\t\t\t\t<\/div>\n\t\t\t\t\t<\/div>\n\t\t\t\t<\/div>\n\t\t\t\t<\/div>","protected":false},"excerpt":{"rendered":"<p>Euronut EU GmbH (Avrupa Kuruyemi\u015f Pazar\u0131na A\u00e7\u0131lan Kap\u0131n\u0131z) Euronut EU GmbH, T\u00fcrkiye&#8217;nin \u00f6nde gelen kuruyemi\u015f \u00fcreticilerinden Euronut G\u0131da San. ve Tic. A.\u015e.&#8217;nin Avrupa pazar\u0131na stratejik a\u00e7\u0131l\u0131m\u0131n\u0131 temsil eden, Almanya merkezli bir kurulu\u015ftur. Albstadt b\u00f6lgesinde konumlanan \u015firketimiz, y\u00fcksek kaliteli kuruyemi\u015f ve kuru meyve \u00fcr\u00fcnlerimizi do\u011frudan Avrupa Birli\u011fi (AB) pazar\u0131na sunmay\u0131 ve da\u011f\u0131t\u0131m s\u00fcre\u00e7lerini optimize etmeyi ama\u00e7lamaktad\u0131r. [&hellip;]<\/p>","protected":false},"author":1,"featured_media":11792,"parent":0,"menu_order":0,"comment_status":"closed","ping_status":"closed","template":"elementor_header_footer","meta":{"footnotes":""},"class_list":["post-11745","page","type-page","status-publish","has-post-thumbnail","hentry"],"aioseo_notices":[],"_links":{"self":[{"href":"https:\/\/euronut.com.tr\/ru\/wp-json\/wp\/v2\/pages\/11745","targetHints":{"allow":["GET"]}}],"collection":[{"href":"https:\/\/euronut.com.tr\/ru\/wp-json\/wp\/v2\/pages"}],"about":[{"href":"https:\/\/euronut.com.tr\/ru\/wp-json\/wp\/v2\/types\/page"}],"author":[{"embeddable":true,"href":"https:\/\/euronut.com.tr\/ru\/wp-json\/wp\/v2\/users\/1"}],"replies":[{"embeddable":true,"href":"https:\/\/euronut.com.tr\/ru\/wp-json\/wp\/v2\/comments?post=11745"}],"version-history":[{"count":35,"href":"https:\/\/euronut.com.tr\/ru\/wp-json\/wp\/v2\/pages\/11745\/revisions"}],"predecessor-version":[{"id":11845,"href":"https:\/\/euronut.com.tr\/ru\/wp-json\/wp\/v2\/pages\/11745\/revisions\/11845"}],"wp:featuredmedia":[{"embeddable":true,"href":"https:\/\/euronut.com.tr\/ru\/wp-json\/wp\/v2\/media\/11792"}],"wp:attachment":[{"href":"https:\/\/euronut.com.tr\/ru\/wp-json\/wp\/v2\/media?parent=11745"}],"curies":[{"name":"wp","href":"https:\/\/api.w.org\/{rel}","templated":true}]}}