{"id":11617,"date":"2025-06-12T11:54:19","date_gmt":"2025-06-12T11:54:19","guid":{"rendered":"https:\/\/euronut.com.tr\/?post_type=product&#038;p=11617"},"modified":"2025-06-12T12:20:12","modified_gmt":"2025-06-12T12:20:12","slug":"kaju-cranberry","status":"publish","type":"product","link":"https:\/\/euronut.com.tr\/fr\/urunlerimiz\/kuruyemis\/noix-de-cajou-et-canneberge\/","title":{"rendered":"Noix de cajou et canneberge"},"content":{"rendered":"<p><strong>Noix de cajou et canneberge (Cranberry)<\/strong><\/p>\n<p>L&#039;harmonie parfaite du sucr\u00e9 et du sal\u00e9 : <strong>Noix de cajou et canneberge<\/strong>! Qualit\u00e9 <strong>noix de cajou <\/strong>Le go\u00fbt unique des pistaches est doux et l\u00e9g\u00e8rement acide <strong>g\u00e9ranium<\/strong> (<strong>Canneberge<\/strong>) se sont r\u00e9unis pour cr\u00e9er un <strong>biscuit <\/strong>offre de l&#039;exp\u00e9rience.<\/p>\n<p>Un repas sain et d\u00e9licieux <strong>noix <\/strong>pour ceux qui recherchent une alternative <strong>noix de cajou et canneberge<\/strong> C&#039;est un excellent choix. Id\u00e9al pour ceux qui recherchent un go\u00fbt diff\u00e9rent pour leurs collations quotidiennes et qui souhaitent combler naturellement leurs besoins \u00e9nerg\u00e9tiques avant ou apr\u00e8s l&#039;entra\u00eenement. <strong>Anacardier<\/strong>la saturation de et <strong>g\u00e9ranium<\/strong>La richesse antioxydante de ce m\u00e9lange s&#039;allie \u00e0 l&#039;\u00e9quilibre des saveurs sucr\u00e9es et sal\u00e9es pour ravir votre palais. Gr\u00e2ce \u00e0 son emballage pratique, ce m\u00e9lange unique vous accompagnera partout\u00a0!<\/p>\n<p><strong>Contenu<\/strong>: Noix de cajou, canneberge, jus de pomme concentr\u00e9, huile v\u00e9g\u00e9tale (tournesol).<\/p>\n<table border=\"1\" cellspacing=\"1\" cellpadding=\"1\">\n<caption>\u00a0<\/caption>\n<tbody>\n<tr>\n<td><strong>Tableau des valeurs nutritives<br \/>\nValeurs nutritionnelles<\/strong><\/td>\n<td><strong>Pour 100 g \/ Pour 100 g<\/strong><\/td>\n<\/tr>\n<tr>\n<td>Calories \/ \u00c9nergie<\/td>\n<td>2096\/502 kJ\/kcal<\/td>\n<\/tr>\n<tr>\n<td>Mati\u00e8res grasses \/ Huile<\/td>\n<td>29 g<\/td>\n<\/tr>\n<tr>\n<td>graisses satur\u00e9es<\/td>\n<td>4,2 g<\/td>\n<\/tr>\n<tr>\n<td>Glucides<\/td>\n<td>45 g<\/td>\n<\/tr>\n<tr>\n<td>Fibres alimentaires<\/td>\n<td>12 grammes<\/td>\n<\/tr>\n<tr>\n<td>Sucre<\/td>\n<td>30g<\/td>\n<\/tr>\n<tr>\n<td>Prot\u00e9ine \/ Prot\u00e9ine<\/td>\n<td>12 grammes<\/td>\n<\/tr>\n<tr>\n<td>Sel \/ Sel<\/td>\n<td>0 g<\/td>\n<\/tr>\n<\/tbody>\n<\/table>\n<p><strong>Qualit\u00e9 et fra\u00eecheur des produits :<\/strong><br \/>\nNos produits se distinguent par leur qualit\u00e9 sup\u00e9rieure, leur fra\u00eecheur et leur saveur unique. Nous accordons une grande importance \u00e0 la satisfaction de nos clients en maintenant un niveau de qualit\u00e9 optimal \u00e0 chaque \u00e9tape, de la production au conditionnement.<\/p>\n<p><strong>Emballage facile \u00e0 ouvrir et pr\u00e9servant la fra\u00eecheur :<\/strong><br \/>\nNos produits sont exp\u00e9di\u00e9s dans des emballages faciles \u00e0 ouvrir. Leur design \u00e9l\u00e9gant et pratique garantit une fra\u00eecheur et un go\u00fbt exceptionnels. En minimisant la quantit\u00e9 d&#039;oxyg\u00e8ne \u00e0 l&#039;int\u00e9rieur, nous garantissons une fra\u00eecheur et une protection optimales des produits pendant de longues p\u00e9riodes.<\/p>\n<p><strong>Qualit\u00e9 et s\u00e9curit\u00e9 aux normes internationales :<\/strong><br \/>\nNotre usine est certifi\u00e9e BRC (British Retail Consortium Standard). Les produits frais et savoureux emball\u00e9s chez Pa\u015fa Kuruyemi\u015f t\u00e9moignent d&#039;une s\u00e9curit\u00e9 et d&#039;une qualit\u00e9 alimentaires conformes aux normes internationales. Notre usine moderne, dot\u00e9e des technologies les plus avanc\u00e9es d&#039;Europe, est situ\u00e9e \u00e0 Selimpa\u015fa.<\/p>\n<p><strong>Conditions de stockage et informations sur le contenu :<\/strong><br \/>\nConserver \u00e0 l&#039;abri de la chaleur et de l&#039;humidit\u00e9. Peut contenir des traces d&#039;arachides, de noisettes, de pistaches, de noix de cajou et de gluten.<\/p>","protected":false},"excerpt":{"rendered":"<p><strong>Noix de cajou et canneberge (Cranberry)<\/strong><\/p>\n<p>L&#039;harmonie parfaite du sucr\u00e9 et du sal\u00e9 : <strong>Noix de cajou et canneberge<\/strong>! Qualit\u00e9 <strong>noix de cajou <\/strong>Le go\u00fbt unique des pistaches est doux et l\u00e9g\u00e8rement acide <strong>g\u00e9ranium<\/strong> (<strong>Canneberge<\/strong>) se sont r\u00e9unis pour cr\u00e9er un <strong>biscuit <\/strong>offre de l&#039;exp\u00e9rience.<\/p>\n<p>Un repas sain et d\u00e9licieux <strong>noix <\/strong>pour ceux qui recherchent une alternative <strong>noix de cajou et canneberge<\/strong> C&#039;est un excellent choix. Id\u00e9al pour ceux qui recherchent un go\u00fbt diff\u00e9rent pour leurs collations quotidiennes et qui souhaitent combler naturellement leurs besoins \u00e9nerg\u00e9tiques avant ou apr\u00e8s l&#039;entra\u00eenement. <strong>Anacardier<\/strong>la saturation de et <strong>g\u00e9ranium<\/strong>La richesse antioxydante de ce m\u00e9lange s&#039;allie \u00e0 l&#039;\u00e9quilibre des saveurs sucr\u00e9es et sal\u00e9es pour ravir votre palais. Gr\u00e2ce \u00e0 son emballage pratique, ce m\u00e9lange unique vous accompagnera partout\u00a0!<\/p>","protected":false},"featured_media":11598,"comment_status":"closed","ping_status":"closed","template":"","meta":[],"product_brand":[],"product_cat":[15],"product_tag":[],"class_list":{"0":"post-11617","1":"product","2":"type-product","3":"status-publish","4":"has-post-thumbnail","6":"product_cat-kuruyemis","8":"first","9":"instock","10":"shipping-taxable","11":"product-type-simple"},"aioseo_notices":[],"_links":{"self":[{"href":"https:\/\/euronut.com.tr\/fr\/wp-json\/wp\/v2\/product\/11617","targetHints":{"allow":["GET"]}}],"collection":[{"href":"https:\/\/euronut.com.tr\/fr\/wp-json\/wp\/v2\/product"}],"about":[{"href":"https:\/\/euronut.com.tr\/fr\/wp-json\/wp\/v2\/types\/product"}],"replies":[{"embeddable":true,"href":"https:\/\/euronut.com.tr\/fr\/wp-json\/wp\/v2\/comments?post=11617"}],"wp:featuredmedia":[{"embeddable":true,"href":"https:\/\/euronut.com.tr\/fr\/wp-json\/wp\/v2\/media\/11598"}],"wp:attachment":[{"href":"https:\/\/euronut.com.tr\/fr\/wp-json\/wp\/v2\/media?parent=11617"}],"wp:term":[{"taxonomy":"product_brand","embeddable":true,"href":"https:\/\/euronut.com.tr\/fr\/wp-json\/wp\/v2\/product_brand?post=11617"},{"taxonomy":"product_cat","embeddable":true,"href":"https:\/\/euronut.com.tr\/fr\/wp-json\/wp\/v2\/product_cat?post=11617"},{"taxonomy":"product_tag","embeddable":true,"href":"https:\/\/euronut.com.tr\/fr\/wp-json\/wp\/v2\/product_tag?post=11617"}],"curies":[{"name":"wp","href":"https:\/\/api.w.org\/{rel}","templated":true}]}}