{"id":11617,"date":"2025-06-12T11:54:19","date_gmt":"2025-06-12T11:54:19","guid":{"rendered":"https:\/\/euronut.com.tr\/?post_type=product&#038;p=11617"},"modified":"2025-06-12T12:20:12","modified_gmt":"2025-06-12T12:20:12","slug":"kaju-cranberry","status":"publish","type":"product","link":"https:\/\/euronut.com.tr\/es\/urunlerimiz\/kuruyemis\/anacardo-y-arandano\/","title":{"rendered":"Anacardos y ar\u00e1ndanos"},"content":{"rendered":"<p><strong>Anacardo y ar\u00e1ndano (ar\u00e1ndano rojo)<\/strong><\/p>\n<p>La perfecta armon\u00eda de lo dulce y lo salado: <strong>Anacardos y ar\u00e1ndanos<\/strong>! Calidad <strong>anacardo <\/strong>El sabor \u00fanico de los pistachos es dulce y ligeramente \u00e1cido. <strong>geranio<\/strong> (<strong>Ar\u00e1ndano<\/strong>) se unieron con un \u00fanico <strong>galleta <\/strong>ofrece experiencia.<\/p>\n<p>Una opci\u00f3n saludable y deliciosa <strong>nueces <\/strong>para aquellos que buscan una alternativa <strong>anacardos y ar\u00e1ndanos<\/strong> Es una excelente opci\u00f3n. Ideal para quienes buscan un sabor diferente en sus refrigerios diarios y para quienes desean cubrir sus necesidades energ\u00e9ticas antes o despu\u00e9s del entrenamiento de forma natural. <strong>Anacardo<\/strong>la saturaci\u00f3n de y <strong>geranio<\/strong>La riqueza antioxidante de se combina con el equilibrio de sabores dulces y salados que deleitar\u00e1n tu paladar. \u00a1Esta mezcla especial siempre estar\u00e1 contigo gracias a su pr\u00e1ctico empaque!<\/p>\n<p><strong>Contenido<\/strong>:Anacardo, ar\u00e1ndano, concentrado de jugo de manzana, aceite vegetal (girasol).<\/p>\n<table border=\"1\" cellspacing=\"1\" cellpadding=\"1\">\n<caption>\u00a0<\/caption>\n<tbody>\n<tr>\n<td><strong>Tabla de informaci\u00f3n nutricional<br \/>\nInformaci\u00f3n nutricional<\/strong><\/td>\n<td><strong>Por 100g \/ Por 100g<\/strong><\/td>\n<\/tr>\n<tr>\n<td>Calor\u00edas \/ Energ\u00eda<\/td>\n<td>2096\/502 kJ\/kcal<\/td>\n<\/tr>\n<tr>\n<td>Grasa \/ Aceite<\/td>\n<td>29 gramos<\/td>\n<\/tr>\n<tr>\n<td>Grasas saturadas<\/td>\n<td>4,2 g<\/td>\n<\/tr>\n<tr>\n<td>Carbohidrato<\/td>\n<td>45 gramos<\/td>\n<\/tr>\n<tr>\n<td>Fibra diet\u00e9tica<\/td>\n<td>12 gramos<\/td>\n<\/tr>\n<tr>\n<td>Az\u00facar<\/td>\n<td>30 gramos<\/td>\n<\/tr>\n<tr>\n<td>Prote\u00edna \/ Prote\u00edna<\/td>\n<td>12 gramos<\/td>\n<\/tr>\n<tr>\n<td>Sal \/ Sal<\/td>\n<td>0 gramos<\/td>\n<\/tr>\n<\/tbody>\n<\/table>\n<p><strong>Calidad y frescura del producto:<\/strong><br \/>\nNuestros productos se distinguen por su calidad superior, frescura y sabor \u00fanico. Priorizamos la satisfacci\u00f3n del cliente manteniendo el m\u00e1s alto nivel de calidad en cada etapa, desde la producci\u00f3n hasta el envasado.<\/p>\n<p><strong>Envase f\u00e1cil de abrir y que conserva la frescura:<\/strong><br \/>\nNuestros productos se env\u00edan en envases f\u00e1ciles de abrir. Su dise\u00f1o elegante y pr\u00e1ctico garantiza que el producto se mantenga fresco y delicioso. Al minimizar la cantidad de ox\u00edgeno dentro del envase, garantizamos que los productos se mantengan frescos y protegidos durante m\u00e1s tiempo.<\/p>\n<p><strong>Calidad y Seguridad seg\u00fan Est\u00e1ndares Internacionales:<\/strong><br \/>\nNuestras instalaciones cuentan con la certificaci\u00f3n BRC (British Retail Consortium Standard). Los productos frescos y deliciosos en los envases de Pa\u015fa Kuruyemi\u015f demuestran que la seguridad y la calidad alimentaria cumplen con los est\u00e1ndares internacionales. Nuestras modernas instalaciones, equipadas con la tecnolog\u00eda m\u00e1s avanzada de Europa, operan en Selimpa\u015fa.<\/p>\n<p><strong>Condiciones de almacenamiento e informaci\u00f3n del contenido:<\/strong><br \/>\nConservar el producto alejado del calor y la humedad. Puede contener trazas de cacahuetes, avellanas, pistachos, anacardos y gluten.<\/p>","protected":false},"excerpt":{"rendered":"<p><strong>Anacardo y ar\u00e1ndano (ar\u00e1ndano rojo)<\/strong><\/p>\n<p>La perfecta armon\u00eda de lo dulce y lo salado: <strong>Anacardos y ar\u00e1ndanos<\/strong>! Calidad <strong>anacardo <\/strong>El sabor \u00fanico de los pistachos es dulce y ligeramente \u00e1cido. <strong>geranio<\/strong> (<strong>Ar\u00e1ndano<\/strong>) se unieron con un \u00fanico <strong>galleta <\/strong>ofrece experiencia.<\/p>\n<p>Una opci\u00f3n saludable y deliciosa <strong>nueces <\/strong>para aquellos que buscan una alternativa <strong>anacardos y ar\u00e1ndanos<\/strong> Es una excelente opci\u00f3n. Ideal para quienes buscan un sabor diferente en sus refrigerios diarios y para quienes desean cubrir sus necesidades energ\u00e9ticas antes o despu\u00e9s del entrenamiento de forma natural. <strong>Anacardo<\/strong>la saturaci\u00f3n de y <strong>geranio<\/strong>La riqueza antioxidante de se combina con el equilibrio de sabores dulces y salados que deleitar\u00e1n tu paladar. \u00a1Esta mezcla especial siempre estar\u00e1 contigo gracias a su pr\u00e1ctico empaque!<\/p>","protected":false},"featured_media":11598,"comment_status":"closed","ping_status":"closed","template":"","meta":[],"product_brand":[],"product_cat":[15],"product_tag":[],"class_list":{"0":"post-11617","1":"product","2":"type-product","3":"status-publish","4":"has-post-thumbnail","6":"product_cat-kuruyemis","8":"first","9":"instock","10":"shipping-taxable","11":"product-type-simple"},"aioseo_notices":[],"_links":{"self":[{"href":"https:\/\/euronut.com.tr\/es\/wp-json\/wp\/v2\/product\/11617","targetHints":{"allow":["GET"]}}],"collection":[{"href":"https:\/\/euronut.com.tr\/es\/wp-json\/wp\/v2\/product"}],"about":[{"href":"https:\/\/euronut.com.tr\/es\/wp-json\/wp\/v2\/types\/product"}],"replies":[{"embeddable":true,"href":"https:\/\/euronut.com.tr\/es\/wp-json\/wp\/v2\/comments?post=11617"}],"wp:featuredmedia":[{"embeddable":true,"href":"https:\/\/euronut.com.tr\/es\/wp-json\/wp\/v2\/media\/11598"}],"wp:attachment":[{"href":"https:\/\/euronut.com.tr\/es\/wp-json\/wp\/v2\/media?parent=11617"}],"wp:term":[{"taxonomy":"product_brand","embeddable":true,"href":"https:\/\/euronut.com.tr\/es\/wp-json\/wp\/v2\/product_brand?post=11617"},{"taxonomy":"product_cat","embeddable":true,"href":"https:\/\/euronut.com.tr\/es\/wp-json\/wp\/v2\/product_cat?post=11617"},{"taxonomy":"product_tag","embeddable":true,"href":"https:\/\/euronut.com.tr\/es\/wp-json\/wp\/v2\/product_tag?post=11617"}],"curies":[{"name":"wp","href":"https:\/\/api.w.org\/{rel}","templated":true}]}}