{"id":11601,"date":"2025-06-12T11:08:09","date_gmt":"2025-06-12T11:08:09","guid":{"rendered":"https:\/\/euronut.com.tr\/?post_type=product&#038;p=11601"},"modified":"2025-06-12T11:37:51","modified_gmt":"2025-06-12T11:37:51","slug":"cig-karisik-kuruyemis","status":"publish","type":"product","link":"https:\/\/euronut.com.tr\/es\/urunlerimiz\/kuruyemis\/frutos-secos-crudos-mixtos\/","title":{"rendered":"Frutos de c\u00e1scara crudos"},"content":{"rendered":"<p>Esta mezcla \u00fanica contiene una fuente inagotable de energ\u00eda. <strong>granos de almendras crudas<\/strong>, conquistando corazones con su cremoso sabor <strong>anacardos crudos<\/strong> y crujiente <strong>avellanas crudas<\/strong> Este producto cuidadosamente seleccionado es para quienes buscan un sabor natural que endulce su paladar. <strong>Variedades de frutos secos<\/strong>, tambi\u00e9n es rico en vitaminas y minerales.<\/p>\n<p>A\u00f1adiendo un toque dulce a nuestra mezcla <strong>pasas sin semillas <\/strong>y con su sabor ligeramente \u00e1cido <strong>geranio<\/strong>\u00a0Vivir\u00e1s una deliciosa experiencia con frutos secos, con un equilibrio dulce y \u00e1cido.<\/p>\n<p><strong>Frutos de c\u00e1scara crudos<\/strong>Ofrece una alternativa saludable para tus refrigerios, siempre disponible. Estos pr\u00e1cticos paquetes, perfectos para llevar en casa, la escuela, la oficina o de viaje, saciar\u00e1n tu apetito y te aportar\u00e1n los nutrientes que tu cuerpo necesita. Esta deliciosa mezcla de refrigerios, imprescindible para tus pausas de caf\u00e9, noches de cine o refrigerios post-entrenamiento, es la manera m\u00e1s f\u00e1cil de invertir en un estilo de vida saludable.<\/p>\n<p><strong>Contenido<\/strong>: \u00c7ekirdeksiz Kuru \u00dcz\u00fcm(%20), \u00c7i\u011f Badem \u0130\u00e7i(%20), \u00c7i\u011f Kaju F\u0131s\u0131t\u0131\u011f\u0131(%20), \u00c7i\u011f F\u0131nd\u0131k \u0130\u00e7i(%20), Turna Yemi\u015fi(%20) (Elma Suyu Konsantresi,Bitkisel Ya\u011f(Ay\u00e7i\u00e7ek))<\/p>\n<table border=\"1\" cellspacing=\"1\" cellpadding=\"1\">\n<caption>\u00a0<\/caption>\n<tbody>\n<tr>\n<td><strong>Tabla de informaci\u00f3n nutricional<br \/>\nInformaci\u00f3n nutricional<\/strong><\/td>\n<td><strong>Por 100g \/ Por 100g<\/strong><\/td>\n<\/tr>\n<tr>\n<td>Calor\u00edas \/ Energ\u00eda<\/td>\n<td>2160\/516 kJ\/kcal<\/td>\n<\/tr>\n<tr>\n<td>Grasas saturadas<\/td>\n<td>4,3 gramos<\/td>\n<\/tr>\n<tr>\n<td>Grasa \/ Aceite<\/td>\n<td>37 gramos<\/td>\n<\/tr>\n<tr>\n<td>Carbohidrato<\/td>\n<td>23,5 gramos<\/td>\n<\/tr>\n<tr>\n<td>Az\u00facar<\/td>\n<td>23 gramos<\/td>\n<\/tr>\n<tr>\n<td>Prote\u00edna \/ Prote\u00edna<\/td>\n<td>15 gramos<\/td>\n<\/tr>\n<tr>\n<td>Sal \/ Sal<\/td>\n<td>0,01 gramos<\/td>\n<\/tr>\n<\/tbody>\n<\/table>\n<p><strong>Calidad y frescura del producto:<\/strong><br \/>\nNuestros productos se distinguen por su calidad superior, frescura y sabor \u00fanico. Priorizamos la satisfacci\u00f3n del cliente manteniendo el m\u00e1s alto nivel de calidad en cada etapa, desde la producci\u00f3n hasta el envasado.<\/p>\n<p><strong>Envase f\u00e1cil de abrir y que conserva la frescura:<\/strong><br \/>\nNuestros productos se env\u00edan en envases f\u00e1ciles de abrir. Su dise\u00f1o elegante y pr\u00e1ctico garantiza que el producto se mantenga fresco y delicioso. Al minimizar la cantidad de ox\u00edgeno dentro del envase, garantizamos que los productos se mantengan frescos y protegidos durante m\u00e1s tiempo.<\/p>\n<p><strong>Calidad y Seguridad seg\u00fan Est\u00e1ndares Internacionales:<\/strong><br \/>\nNuestras instalaciones cuentan con la certificaci\u00f3n BRC (British Retail Consortium Standard). Los productos frescos y deliciosos en los envases de Pa\u015fa Kuruyemi\u015f demuestran que la seguridad y la calidad alimentaria cumplen con los est\u00e1ndares internacionales. Nuestras modernas instalaciones, equipadas con la tecnolog\u00eda m\u00e1s avanzada de Europa, operan en Selimpa\u015fa.<\/p>\n<p><strong>Condiciones de almacenamiento e informaci\u00f3n del contenido:<\/strong><br \/>\nConservar el producto alejado del calor y la humedad. No contiene colorantes ni conservantes. Puede contener trazas de cacahuetes, pistachos y gluten.<\/p>","protected":false},"excerpt":{"rendered":"<p>Esta mezcla \u00fanica contiene una fuente inagotable de energ\u00eda. <strong>granos de almendras crudas<\/strong>, conquistando corazones con su cremoso sabor <strong>anacardos crudos<\/strong> y crujiente <strong>avellanas crudas<\/strong> Este producto cuidadosamente seleccionado es para quienes buscan un sabor natural que endulce su paladar. <strong>Variedades de frutos secos<\/strong>, tambi\u00e9n es rico en vitaminas y minerales.<\/p>\n<p>A\u00f1adiendo un toque dulce a nuestra mezcla <strong>pasas sin semillas <\/strong>y con su sabor ligeramente \u00e1cido <strong>geranio<\/strong>\u00a0Vivir\u00e1s una deliciosa experiencia con frutos secos, con un equilibrio dulce y \u00e1cido.<\/p>\n<p><strong>Frutos de c\u00e1scara crudos<\/strong>Ofrece una alternativa saludable para tus refrigerios, siempre disponible. Estos pr\u00e1cticos paquetes, perfectos para llevar en casa, la escuela, la oficina o de viaje, saciar\u00e1n tu apetito y te aportar\u00e1n los nutrientes que tu cuerpo necesita. Esta deliciosa mezcla de refrigerios, imprescindible para tus pausas de caf\u00e9, noches de cine o refrigerios post-entrenamiento, es la manera m\u00e1s f\u00e1cil de invertir en un estilo de vida saludable.<\/p>","protected":false},"featured_media":11600,"comment_status":"open","ping_status":"closed","template":"","meta":[],"product_brand":[],"product_cat":[15],"product_tag":[],"class_list":{"0":"post-11601","1":"product","2":"type-product","3":"status-publish","4":"has-post-thumbnail","6":"product_cat-kuruyemis","8":"first","9":"instock","10":"shipping-taxable","11":"product-type-simple"},"aioseo_notices":[],"_links":{"self":[{"href":"https:\/\/euronut.com.tr\/es\/wp-json\/wp\/v2\/product\/11601","targetHints":{"allow":["GET"]}}],"collection":[{"href":"https:\/\/euronut.com.tr\/es\/wp-json\/wp\/v2\/product"}],"about":[{"href":"https:\/\/euronut.com.tr\/es\/wp-json\/wp\/v2\/types\/product"}],"replies":[{"embeddable":true,"href":"https:\/\/euronut.com.tr\/es\/wp-json\/wp\/v2\/comments?post=11601"}],"wp:featuredmedia":[{"embeddable":true,"href":"https:\/\/euronut.com.tr\/es\/wp-json\/wp\/v2\/media\/11600"}],"wp:attachment":[{"href":"https:\/\/euronut.com.tr\/es\/wp-json\/wp\/v2\/media?parent=11601"}],"wp:term":[{"taxonomy":"product_brand","embeddable":true,"href":"https:\/\/euronut.com.tr\/es\/wp-json\/wp\/v2\/product_brand?post=11601"},{"taxonomy":"product_cat","embeddable":true,"href":"https:\/\/euronut.com.tr\/es\/wp-json\/wp\/v2\/product_cat?post=11601"},{"taxonomy":"product_tag","embeddable":true,"href":"https:\/\/euronut.com.tr\/es\/wp-json\/wp\/v2\/product_tag?post=11601"}],"curies":[{"name":"wp","href":"https:\/\/api.w.org\/{rel}","templated":true}]}}