{"id":11507,"date":"2025-06-10T05:41:16","date_gmt":"2025-06-10T05:41:16","guid":{"rendered":"https:\/\/euronut.com.tr\/?post_type=product&#038;p=11507"},"modified":"2025-06-12T11:07:41","modified_gmt":"2025-06-12T11:07:41","slug":"kabak-cekirdegi","status":"publish","type":"product","link":"https:\/\/euronut.com.tr\/es\/urunlerimiz\/kuruyemis\/semillas-de-calabaza\/","title":{"rendered":"Semillas de calabaza"},"content":{"rendered":"<hr \/>\n<h2>Semillas de calabaza: Un tentempi\u00e9 delicioso y saludable<\/h2>\n<p>Las pipas de calabaza son un nutritivo y delicioso fruto seco que se encuentra en la fruta de la calabaza. Es un aperitivo que gusta a personas de todas las edades por su textura crujiente y su aroma \u00fanico. Las pipas de calabaza, que pueden consumirse de distintas formas como horneadas, tostadas o crudas, pueden utilizarse tanto solas como en diversas recetas.<\/p>\n<h3>Beneficios de las semillas de calabaza para la salud<\/h3>\n<p>Las semillas de calabaza, a pesar de su peque\u00f1o tama\u00f1o, son una completa tienda de salud por sus ricos valores nutricionales:<\/p>\n<ul>\n<li><strong>Fuente de magnesio:<\/strong>\u00a0Es muy rico en magnesio, vital para las funciones corporales. El magnesio interviene en las funciones musculares y nerviosas, el control del az\u00facar en sangre y la regulaci\u00f3n de la presi\u00f3n arterial.<\/li>\n<li><strong>Dep\u00f3sito de Zinc:<\/strong>\u00a0Es una buena fuente de zinc, que favorece el sistema inmunitario y participa en procesos como el crecimiento celular y la cicatrizaci\u00f3n de heridas.<\/li>\n<li><strong>Rico en antioxidantes:<\/strong>\u00a0Contiene potentes antioxidantes como la vitamina E y los carotenoides. Estos antioxidantes protegen el organismo contra el da\u00f1o celular causado por los radicales libres.<\/li>\n<li><strong>Favorece la salud del coraz\u00f3n:<\/strong>\u00a0Gracias a las grasas saludables, la fibra y los antioxidantes que contiene, favorece la salud del coraz\u00f3n y puede ayudar a regular los niveles de colesterol.<\/li>\n<li><strong>Mejora la calidad del sue\u00f1o:<\/strong>\u00a0Gracias a su contenido en tript\u00f3fano, puede ayudar a mejorar la calidad del sue\u00f1o al contribuir a la producci\u00f3n de serotonina y melatonina.<\/li>\n<li><strong>Salud de la pr\u00f3stata:<\/strong>\u00a0Algunas investigaciones sugieren que las semillas de calabaza pueden tener efectos positivos sobre la salud de la pr\u00f3stata.<\/li>\n<li><strong>Estructura de la fibra:<\/strong>\u00a0Gracias a su alto contenido en fibra, contribuye al funcionamiento regular del aparato digestivo y puede ayudar a controlar el peso al proporcionar sensaci\u00f3n de saciedad.<\/li>\n<\/ul>\n<h3>\u00bfD\u00f3nde se utilizan las semillas de calabaza?<\/h3>\n<p>Las pipas de calabaza tienen un uso muy vers\u00e1til en la cocina:<\/p>\n<ul>\n<li><strong>Como tentempi\u00e9:<\/strong>\u00a0La forma m\u00e1s com\u00fan de consumo es como tentempi\u00e9 solo, con o sin sal.<\/li>\n<li><strong>Ensaladas<\/strong>\u00a0Puede a\u00f1adirse a las ensaladas para darles sabor y un toque crujiente.<\/li>\n<li><strong>Pan y boller\u00eda:<\/strong>\u00a0Puede a\u00f1adirse a productos de pasteler\u00eda como pan, boller\u00eda, galletas para aumentar el valor nutritivo y el sabor.<\/li>\n<li><strong>Granola y Muesli:<\/strong>\u00a0Puede a\u00f1adirse a los cereales de desayuno, la granola o las mezclas de muesli.<\/li>\n<li><strong>Yogur y batidos:<\/strong>\u00a0Puede consumirse espolvoreado sobre yogures o batidos.<\/li>\n<li><strong>Sobre la sopa<\/strong>\u00a0Se puede a\u00f1adir como guarnici\u00f3n, especialmente en sopas como la de calabaza.<\/li>\n<\/ul>\n<h3>Aspectos a tener en cuenta al vender semillas de calabaza<\/h3>\n<p>Al vender semillas de calabaza, puede prestar atenci\u00f3n a lo siguiente para ofrecer el mejor producto a sus clientes:<\/p>\n<ul>\n<li><strong>Frescura y calidad:<\/strong>\u00a0Producto\u00a0<strong>fresco<\/strong>\u00a0y\u00a0<strong>calidad<\/strong>\u00a0las alubias son lo bastante buenas como para que los clientes vuelvan a elegirlas. Las alubias rancias o amargas pueden reducir la satisfacci\u00f3n del cliente.<\/li>\n<li><strong>Grado de abrasamiento:<\/strong>\u00a0Para satisfacer las distintas preferencias\u00a0<strong>asado salado<\/strong>,\u00a0<strong>tostado sin sal<\/strong>\u00a0o\u00a0<strong>en bruto<\/strong>\u00a0opciones.<\/li>\n<li><strong>Embalaje:<\/strong>\u00a0Para conservar la frescura de las semillas de calabaza\u00a0<strong>herm\u00e9tico<\/strong>,\u00a0<strong>protege de la humedad<\/strong>\u00a0y\u00a0<strong>a prueba de luz<\/strong>\u00a0Se debe dar preferencia a los envases transparentes. Los envases transparentes muestran la calidad visual del producto, mientras que los envases al vac\u00edo o sellados que reducen al m\u00ednimo el aire interior prolongan la frescura.<\/li>\n<li><strong>Condiciones de almacenamiento:<\/strong>\u00a0Productos\u00a0<strong>fresco, seco y alejado de la luz solar directa<\/strong>\u00a0es importante tener en cuenta que debe almacenarse en un solo lugar. As\u00ed se prolonga la vida \u00fatil del producto y se preserva su calidad.<\/li>\n<li><strong>Recursos y diversidad:<\/strong>\u00a0Si es posible, el producto\u00a0<strong>de origen local<\/strong>\u00a0independientemente de que\u00a0<strong>org\u00e1nico<\/strong>\u00a0o no, puede resultar atractiva para determinados segmentos de clientes.<\/li>\n<li><strong>Informaci\u00f3n:<\/strong>\u00a0Proporcionar a los clientes informaci\u00f3n sobre los beneficios y usos de las semillas de calabaza puede influir positivamente en sus decisiones de compra.<\/li>\n<\/ul>\n<p>Las pipas de calabaza son una excelente opci\u00f3n para quienes buscan un tentempi\u00e9 sano y sabroso. Con el producto y la presentaci\u00f3n adecuados, puede aumentar la satisfacci\u00f3n del cliente y apoyar sus ventas.<\/p>\n<h3>Euronut<\/h3>\n<p>Nuestros productos destacan por su calidad, frescura y sabor.<\/p>\n<p>Hacemos hincapi\u00e9 en la alta calidad, desde la producci\u00f3n hasta el envasado.<\/p>\n<p>Al minimizar la cantidad de ox\u00edgeno en el envase, garantizamos que los productos se mantengan frescos.<\/p>\n<p>Nuestras instalaciones cuentan con el certificado BRC (British Relail Consortium Standard).<\/p>\n<p>Euronut ha demostrado que garantizamos la seguridad alimentaria y la calidad de las nueces frescas y deliciosas en los envases de frutos secos conforme a las normas internacionales.<\/p>\n<p>Nuestras modernas instalaciones con la tecnolog\u00eda m\u00e1s avanzada de Europa se encuentran en Selimpa\u015fa.<\/p>","protected":false},"excerpt":{"rendered":"<p>Las pipas de calabaza son un nutritivo y delicioso fruto seco que se encuentra en la fruta de la calabaza. Es un aperitivo que gusta a personas de todas las edades por su textura crujiente y su aroma \u00fanico. Las pipas de calabaza, que pueden consumirse de distintas formas como horneadas, tostadas o crudas, pueden utilizarse tanto solas como en diversas recetas.<\/p>\n<h3>\u00bfD\u00f3nde se utilizan las semillas de calabaza?<\/h3>\n<p>Las pipas de calabaza tienen un uso muy vers\u00e1til en la cocina:<\/p>\n<ul>\n<li><strong>Como tentempi\u00e9:<\/strong>\u00a0La forma m\u00e1s com\u00fan de consumo es como tentempi\u00e9 solo, con o sin sal.<\/li>\n<li><strong>Ensaladas<\/strong>\u00a0Puede a\u00f1adirse a las ensaladas para darles sabor y un toque crujiente.<\/li>\n<li><strong>Pan y boller\u00eda:<\/strong>\u00a0Puede a\u00f1adirse a productos de pasteler\u00eda como pan, boller\u00eda, galletas para aumentar el valor nutritivo y el sabor.<\/li>\n<li><strong>Granola y Muesli:<\/strong>\u00a0Puede a\u00f1adirse a los cereales de desayuno, la granola o las mezclas de muesli.<\/li>\n<li><strong>Yogur y batidos:<\/strong>\u00a0Puede consumirse espolvoreado sobre yogures o batidos.<\/li>\n<li><strong>Sobre la sopa<\/strong>\u00a0Se puede a\u00f1adir como guarnici\u00f3n, especialmente en sopas como la de calabaza.<\/li>\n<\/ul>","protected":false},"featured_media":11599,"comment_status":"open","ping_status":"closed","template":"","meta":[],"product_brand":[],"product_cat":[15],"product_tag":[],"class_list":{"0":"post-11507","1":"product","2":"type-product","3":"status-publish","4":"has-post-thumbnail","6":"product_cat-kuruyemis","8":"first","9":"instock","10":"shipping-taxable","11":"product-type-simple"},"aioseo_notices":[],"_links":{"self":[{"href":"https:\/\/euronut.com.tr\/es\/wp-json\/wp\/v2\/product\/11507","targetHints":{"allow":["GET"]}}],"collection":[{"href":"https:\/\/euronut.com.tr\/es\/wp-json\/wp\/v2\/product"}],"about":[{"href":"https:\/\/euronut.com.tr\/es\/wp-json\/wp\/v2\/types\/product"}],"replies":[{"embeddable":true,"href":"https:\/\/euronut.com.tr\/es\/wp-json\/wp\/v2\/comments?post=11507"}],"wp:featuredmedia":[{"embeddable":true,"href":"https:\/\/euronut.com.tr\/es\/wp-json\/wp\/v2\/media\/11599"}],"wp:attachment":[{"href":"https:\/\/euronut.com.tr\/es\/wp-json\/wp\/v2\/media?parent=11507"}],"wp:term":[{"taxonomy":"product_brand","embeddable":true,"href":"https:\/\/euronut.com.tr\/es\/wp-json\/wp\/v2\/product_brand?post=11507"},{"taxonomy":"product_cat","embeddable":true,"href":"https:\/\/euronut.com.tr\/es\/wp-json\/wp\/v2\/product_cat?post=11507"},{"taxonomy":"product_tag","embeddable":true,"href":"https:\/\/euronut.com.tr\/es\/wp-json\/wp\/v2\/product_tag?post=11507"}],"curies":[{"name":"wp","href":"https:\/\/api.w.org\/{rel}","templated":true}]}}