{"id":11505,"date":"2025-06-10T05:39:50","date_gmt":"2025-06-10T05:39:50","guid":{"rendered":"https:\/\/euronut.com.tr\/?post_type=product&#038;p=11505"},"modified":"2025-06-12T12:55:11","modified_gmt":"2025-06-12T12:55:11","slug":"yer-fistigi","status":"publish","type":"product","link":"https:\/\/euronut.com.tr\/es\/urunlerimiz\/kuruyemis\/miseria\/","title":{"rendered":"Cacahuete"},"content":{"rendered":"<h2>Man\u00ed en lata: \u00a1ofrecemos frescura y sabor juntos!<\/h2>\n<p>Los cacahuetes son uno de los frutos secos m\u00e1s populares y consumidos. Son un excelente refrigerio por s\u00ed solos y un complemento esencial para diversas recetas. Un empaque adecuado es esencial para conservar su frescura y textura crujiente durante mucho tiempo. Ah\u00ed es precisamente donde entra en juego.\u00a0<strong>cacahuetes en lata<\/strong>\u00a0Entra en juego.<\/p>\n<hr \/>\n<h3>\u00bfPor qu\u00e9 Tin Can?<\/h3>\n<p>Las latas son una opci\u00f3n ideal para conservar la calidad del cacahuete. Estas son las principales razones:<\/p>\n<ul>\n<li><strong>Protecci\u00f3n contra el aire y la humedad:<\/strong>\u00a0Las latas evitan que el producto entre en contacto con el aire, impidiendo que se filtre la humedad. De esta manera, los cacahuetes no se humedecen ni se ponen rancios y mantienen su frescura como el primer d\u00eda.<\/li>\n<li><strong>Protecci\u00f3n de la luz:<\/strong>\u00a0La luz solar directa puede deteriorar los aceites de los frutos secos y alterar su sabor. Las latas, con su estructura opaca, bloquean completamente la luz, preservando as\u00ed la calidad de los frutos secos.<\/li>\n<li><strong>Mayor vida \u00fatil:<\/strong>\u00a0Proteger el cacahuete del aire, la humedad y la luz prolonga significativamente su vida \u00fatil. Esto se traduce en un disfrute m\u00e1s prolongado para el consumidor final y reduce la p\u00e9rdida de producto para las empresas.<\/li>\n<li><strong>Facilidad de transporte y almacenamiento:<\/strong>\u00a0Gracias a su robusta construcci\u00f3n, las latas son f\u00e1ciles de apilar y transportar. Adem\u00e1s, aportan un aspecto elegante y organizado a cocinas o estanter\u00edas.<\/li>\n<li><strong>Reciclabilidad:<\/strong>\u00a0Las latas de conserva son una opci\u00f3n respetuosa con el medio ambiente y se pueden reciclar f\u00e1cilmente, lo que contribuye a un enfoque de consumo sostenible.<\/li>\n<li><strong>Ideal para regalos y presentaciones:<\/strong>\u00a0Las latas con un dise\u00f1o elegante son una excelente manera de convertir los cacahuetes en un regalo o capricho especial. Ofrecen una presentaci\u00f3n elegante para d\u00edas festivos, ocasiones especiales o para recibir invitados.<\/li>\n<\/ul>\n<hr \/>\n<h3>Nuestra gama de productos<\/h3>\n<p>Nuestros productos de cacahuete en lata que podr\u00e1s encontrar en nuestra tienda o en nuestra plataforma de venta online:<\/p>\n<ul>\n<li><strong>Cacahuetes tostados y salados:<\/strong>\u00a0Un sabor cl\u00e1sico, indispensable para la hora del t\u00e9, las conversaciones y las noches de cine.<\/li>\n<li><strong>Cacahuetes tostados y sin sal:<\/strong>\u00a0Ideal para quienes cuidan su consumo de sal o quieren utilizarla en sus propias recetas.<\/li>\n<li><strong>Cajas de regalo especiales:<\/strong>\u00a0Juegos de regalo que contienen frutos secos mixtos (como cacahuetes, pistachos, almendras, avellanas, anacardos) presentados en elegantes cajas de lata.<\/li>\n<\/ul>\n<p>Para experimentar el sabor natural y la textura crujiente del man\u00ed de la mejor manera, puedes elegir nuestros productos envasados en lata.<\/p>\n<h3>Euronut<\/h3>\n<p>Nuestros productos destacan por su calidad, frescura y sabor.<\/p>\n<p>Hacemos hincapi\u00e9 en la alta calidad, desde la producci\u00f3n hasta el envasado.<\/p>\n<p>Al minimizar la cantidad de ox\u00edgeno en el envase, garantizamos que los productos se mantengan frescos.<\/p>\n<p>Nuestras instalaciones cuentan con el certificado BRC (British Relail Consortium Standard).<\/p>\n<p>Euronut ha demostrado que garantizamos la seguridad alimentaria y la calidad de las nueces frescas y deliciosas en los envases de frutos secos conforme a las normas internacionales.<\/p>\n<p>Nuestras modernas instalaciones con la tecnolog\u00eda m\u00e1s avanzada de Europa se encuentran en Selimpa\u015fa.<\/p>","protected":false},"excerpt":{"rendered":"<p>Los cacahuetes son uno de los frutos secos m\u00e1s populares y consumidos. Son un excelente refrigerio por s\u00ed solos y un complemento esencial para diversas recetas. Un empaque adecuado es esencial para conservar su frescura y textura crujiente durante mucho tiempo. Ah\u00ed es precisamente donde entra en juego.\u00a0<strong>cacahuetes en lata<\/strong>\u00a0Entra en juego.<\/p>\n<hr \/>\n<h3>\u00bfPor qu\u00e9 Tin Can?<\/h3>\n<p>Las latas son una opci\u00f3n ideal para conservar la calidad del cacahuete. Estas son las principales razones:<\/p>\n<ul>\n<li><strong>Protecci\u00f3n contra el aire y la humedad:<\/strong>\u00a0Las latas evitan que el producto entre en contacto con el aire, impidiendo que se filtre la humedad. De esta manera, los cacahuetes no se humedecen ni se ponen rancios y mantienen su frescura como el primer d\u00eda.<\/li>\n<li><strong>Protecci\u00f3n de la luz:<\/strong>\u00a0La luz solar directa puede deteriorar los aceites de los frutos secos y alterar su sabor. Las latas, con su estructura opaca, bloquean completamente la luz, preservando as\u00ed la calidad de los frutos secos.<\/li>\n<li><strong>Mayor vida \u00fatil:<\/strong>\u00a0Proteger el cacahuete del aire, la humedad y la luz prolonga significativamente su vida \u00fatil. Esto se traduce en un disfrute m\u00e1s prolongado para el consumidor final y reduce la p\u00e9rdida de producto para las empresas.<\/li>\n<li><strong>Facilidad de transporte y almacenamiento:<\/strong>\u00a0Gracias a su robusta construcci\u00f3n, las latas son f\u00e1ciles de apilar y transportar. Adem\u00e1s, aportan un aspecto elegante y organizado a cocinas o estanter\u00edas.<\/li>\n<li><strong>Reciclabilidad:<\/strong>\u00a0Las latas de conserva son una opci\u00f3n respetuosa con el medio ambiente y se pueden reciclar f\u00e1cilmente, lo que contribuye a un enfoque de consumo sostenible.<\/li>\n<li><strong>Ideal para regalos y presentaciones:<\/strong>\u00a0Las latas con un dise\u00f1o elegante son una excelente manera de convertir los cacahuetes en un regalo o capricho especial. Ofrecen una presentaci\u00f3n elegante para d\u00edas festivos, ocasiones especiales o para recibir invitados.<\/li>\n<\/ul>","protected":false},"featured_media":11631,"comment_status":"open","ping_status":"closed","template":"","meta":[],"product_brand":[],"product_cat":[15],"product_tag":[],"class_list":{"0":"post-11505","1":"product","2":"type-product","3":"status-publish","4":"has-post-thumbnail","6":"product_cat-kuruyemis","8":"first","9":"instock","10":"shipping-taxable","11":"product-type-simple"},"aioseo_notices":[],"_links":{"self":[{"href":"https:\/\/euronut.com.tr\/es\/wp-json\/wp\/v2\/product\/11505","targetHints":{"allow":["GET"]}}],"collection":[{"href":"https:\/\/euronut.com.tr\/es\/wp-json\/wp\/v2\/product"}],"about":[{"href":"https:\/\/euronut.com.tr\/es\/wp-json\/wp\/v2\/types\/product"}],"replies":[{"embeddable":true,"href":"https:\/\/euronut.com.tr\/es\/wp-json\/wp\/v2\/comments?post=11505"}],"wp:featuredmedia":[{"embeddable":true,"href":"https:\/\/euronut.com.tr\/es\/wp-json\/wp\/v2\/media\/11631"}],"wp:attachment":[{"href":"https:\/\/euronut.com.tr\/es\/wp-json\/wp\/v2\/media?parent=11505"}],"wp:term":[{"taxonomy":"product_brand","embeddable":true,"href":"https:\/\/euronut.com.tr\/es\/wp-json\/wp\/v2\/product_brand?post=11505"},{"taxonomy":"product_cat","embeddable":true,"href":"https:\/\/euronut.com.tr\/es\/wp-json\/wp\/v2\/product_cat?post=11505"},{"taxonomy":"product_tag","embeddable":true,"href":"https:\/\/euronut.com.tr\/es\/wp-json\/wp\/v2\/product_tag?post=11505"}],"curies":[{"name":"wp","href":"https:\/\/api.w.org\/{rel}","templated":true}]}}