{"id":2768,"date":"2023-02-24T07:58:00","date_gmt":"2023-02-24T07:58:00","guid":{"rendered":"https:\/\/designingmedia.com\/pawsh\/?page_id=2768"},"modified":"2025-12-11T14:27:50","modified_gmt":"2025-12-11T14:27:50","slug":"about","status":"publish","type":"page","link":"https:\/\/euronut.com.tr\/es\/acerca-de\/","title":{"rendered":"Qui\u00e9nes somos"},"content":{"rendered":"<div data-elementor-type=\"wp-page\" data-elementor-id=\"2768\" class=\"elementor elementor-2768\">\n\t\t\t\t<div class=\"elementor-element elementor-element-902b761 e-flex e-con-boxed e-con e-parent\" data-id=\"902b761\" data-element_type=\"container\">\n\t\t\t\t\t<div class=\"e-con-inner\">\n\t\t<div class=\"elementor-element elementor-element-b347ec7 e-con-full e-flex e-con e-child\" data-id=\"b347ec7\" data-element_type=\"container\">\n\t\t\t\t<div class=\"elementor-element elementor-element-6ff77ef elementor-view-default elementor-position-top elementor-mobile-position-top elementor-widget elementor-widget-icon-box\" data-id=\"6ff77ef\" data-element_type=\"widget\" data-widget_type=\"icon-box.default\">\n\t\t\t\t<div class=\"elementor-widget-container\">\n\t\t\t\t\t\t\t<div class=\"elementor-icon-box-wrapper\">\n\n\t\t\t\t\t\t<div class=\"elementor-icon-box-icon\">\n\t\t\t\t<span  class=\"elementor-icon\">\n\t\t\t\t<svg aria-hidden=\"true\" class=\"e-font-icon-svg e-far-bookmark\" viewbox=\"0 0 384 512\" xmlns=\"http:\/\/www.w3.org\/2000\/svg\"><path d=\"M336 0H48C21.49 0 0 21.49 0 48v464l192-112 192 112V48c0-26.51-21.49-48-48-48zm0 428.43l-144-84-144 84V54a6 6 0 0 1 6-6h276c3.314 0 6 2.683 6 5.996V428.43z\"><\/path><\/svg>\t\t\t\t<\/span>\n\t\t\t<\/div>\n\t\t\t\n\t\t\t\t\t\t<div class=\"elementor-icon-box-content\">\n\n\t\t\t\t\t\t\t\t\t<h3 class=\"elementor-icon-box-title\">\n\t\t\t\t\t\t<span  >\n\t\t\t\t\t\t\tCertificado por BRCGS\t\t\t\t\t\t<\/span>\n\t\t\t\t\t<\/h3>\n\t\t\t\t\n\t\t\t\t\t\t\t\t\t<p class=\"elementor-icon-box-description\">\n\t\t\t\t\t\tEst\u00e1ndar mundial de calidad\t\t\t\t\t<\/p>\n\t\t\t\t\n\t\t\t<\/div>\n\t\t\t\n\t\t<\/div>\n\t\t\t\t\t\t<\/div>\n\t\t\t\t<\/div>\n\t\t\t\t<\/div>\n\t\t<div class=\"elementor-element elementor-element-7f82a53 e-con-full e-flex e-con e-child\" data-id=\"7f82a53\" data-element_type=\"container\">\n\t\t\t\t<div class=\"elementor-element elementor-element-98bd833 elementor-view-default elementor-position-top elementor-mobile-position-top elementor-widget elementor-widget-icon-box\" data-id=\"98bd833\" data-element_type=\"widget\" data-widget_type=\"icon-box.default\">\n\t\t\t\t<div class=\"elementor-widget-container\">\n\t\t\t\t\t\t\t<div class=\"elementor-icon-box-wrapper\">\n\n\t\t\t\t\t\t<div class=\"elementor-icon-box-icon\">\n\t\t\t\t<span  class=\"elementor-icon\">\n\t\t\t\t<svg aria-hidden=\"true\" class=\"e-font-icon-svg e-far-lightbulb\" viewbox=\"0 0 352 512\" xmlns=\"http:\/\/www.w3.org\/2000\/svg\"><path d=\"M176 80c-52.94 0-96 43.06-96 96 0 8.84 7.16 16 16 16s16-7.16 16-16c0-35.3 28.72-64 64-64 8.84 0 16-7.16 16-16s-7.16-16-16-16zM96.06 459.17c0 3.15.93 6.22 2.68 8.84l24.51 36.84c2.97 4.46 7.97 7.14 13.32 7.14h78.85c5.36 0 10.36-2.68 13.32-7.14l24.51-36.84c1.74-2.62 2.67-5.7 2.68-8.84l.05-43.18H96.02l.04 43.18zM176 0C73.72 0 0 82.97 0 176c0 44.37 16.45 84.85 43.56 115.78 16.64 18.99 42.74 58.8 52.42 92.16v.06h48v-.12c-.01-4.77-.72-9.51-2.15-14.07-5.59-17.81-22.82-64.77-62.17-109.67-20.54-23.43-31.52-53.15-31.61-84.14-.2-73.64 59.67-128 127.95-128 70.58 0 128 57.42 128 128 0 30.97-11.24 60.85-31.65 84.14-39.11 44.61-56.42 91.47-62.1 109.46a47.507 47.507 0 0 0-2.22 14.3v.1h48v-.05c9.68-33.37 35.78-73.18 52.42-92.16C335.55 260.85 352 220.37 352 176 352 78.8 273.2 0 176 0z\"><\/path><\/svg>\t\t\t\t<\/span>\n\t\t\t<\/div>\n\t\t\t\n\t\t\t\t\t\t<div class=\"elementor-icon-box-content\">\n\n\t\t\t\t\t\t\t\t\t<h3 class=\"elementor-icon-box-title\">\n\t\t\t\t\t\t<span  >\n\t\t\t\t\t\t\tSoluciones innovadoras\t\t\t\t\t\t<\/span>\n\t\t\t\t\t<\/h3>\n\t\t\t\t\n\t\t\t\t\t\t\t\t\t<p class=\"elementor-icon-box-description\">\n\t\t\t\t\t\tInnovador y respetuoso con el medio ambiente\t\t\t\t\t<\/p>\n\t\t\t\t\n\t\t\t<\/div>\n\t\t\t\n\t\t<\/div>\n\t\t\t\t\t\t<\/div>\n\t\t\t\t<\/div>\n\t\t\t\t<\/div>\n\t\t<div class=\"elementor-element elementor-element-7300a66 e-con-full e-flex e-con e-child\" data-id=\"7300a66\" data-element_type=\"container\">\n\t\t\t\t<div class=\"elementor-element elementor-element-7f0e654 elementor-view-default elementor-position-top elementor-mobile-position-top elementor-widget elementor-widget-icon-box\" data-id=\"7f0e654\" data-element_type=\"widget\" data-widget_type=\"icon-box.default\">\n\t\t\t\t<div class=\"elementor-widget-container\">\n\t\t\t\t\t\t\t<div class=\"elementor-icon-box-wrapper\">\n\n\t\t\t\t\t\t<div class=\"elementor-icon-box-icon\">\n\t\t\t\t<span  class=\"elementor-icon\">\n\t\t\t\t<svg aria-hidden=\"true\" class=\"e-font-icon-svg e-fas-globe-africa\" viewbox=\"0 0 496 512\" xmlns=\"http:\/\/www.w3.org\/2000\/svg\"><path d=\"M248 8C111.03 8 0 119.03 0 256s111.03 248 248 248 248-111.03 248-248S384.97 8 248 8zm160 215.5v6.93c0 5.87-3.32 11.24-8.57 13.86l-15.39 7.7a15.485 15.485 0 0 1-15.53-.97l-18.21-12.14a15.52 15.52 0 0 0-13.5-1.81l-2.65.88c-9.7 3.23-13.66 14.79-7.99 23.3l13.24 19.86c2.87 4.31 7.71 6.9 12.89 6.9h8.21c8.56 0 15.5 6.94 15.5 15.5v11.34c0 3.35-1.09 6.62-3.1 9.3l-18.74 24.98c-1.42 1.9-2.39 4.1-2.83 6.43l-4.3 22.83c-.62 3.29-2.29 6.29-4.76 8.56a159.608 159.608 0 0 0-25 29.16l-13.03 19.55a27.756 27.756 0 0 1-23.09 12.36c-10.51 0-20.12-5.94-24.82-15.34a78.902 78.902 0 0 1-8.33-35.29V367.5c0-8.56-6.94-15.5-15.5-15.5h-25.88c-14.49 0-28.38-5.76-38.63-16a54.659 54.659 0 0 1-16-38.63v-14.06c0-17.19 8.1-33.38 21.85-43.7l27.58-20.69a54.663 54.663 0 0 1 32.78-10.93h.89c8.48 0 16.85 1.97 24.43 5.77l14.72 7.36c3.68 1.84 7.93 2.14 11.83.84l47.31-15.77c6.33-2.11 10.6-8.03 10.6-14.7 0-8.56-6.94-15.5-15.5-15.5h-10.09c-4.11 0-8.05-1.63-10.96-4.54l-6.92-6.92a15.493 15.493 0 0 0-10.96-4.54H199.5c-8.56 0-15.5-6.94-15.5-15.5v-4.4c0-7.11 4.84-13.31 11.74-15.04l14.45-3.61c3.74-.94 7-3.23 9.14-6.44l8.08-12.11c2.87-4.31 7.71-6.9 12.89-6.9h24.21c8.56 0 15.5-6.94 15.5-15.5v-21.7C359.23 71.63 422.86 131.02 441.93 208H423.5c-8.56 0-15.5 6.94-15.5 15.5z\"><\/path><\/svg>\t\t\t\t<\/span>\n\t\t\t<\/div>\n\t\t\t\n\t\t\t\t\t\t<div class=\"elementor-icon-box-content\">\n\n\t\t\t\t\t\t\t\t\t<h3 class=\"elementor-icon-box-title\">\n\t\t\t\t\t\t<span  >\n\t\t\t\t\t\t\tCalidad internacional\t\t\t\t\t\t<\/span>\n\t\t\t\t\t<\/h3>\n\t\t\t\t\n\t\t\t\t\t\t\t\t\t<p class=\"elementor-icon-box-description\">\n\t\t\t\t\t\tRed de producci\u00f3n y suministro\t\t\t\t\t<\/p>\n\t\t\t\t\n\t\t\t<\/div>\n\t\t\t\n\t\t<\/div>\n\t\t\t\t\t\t<\/div>\n\t\t\t\t<\/div>\n\t\t\t\t<\/div>\n\t\t<div class=\"elementor-element elementor-element-e19c1da e-con-full e-flex e-con e-child\" data-id=\"e19c1da\" data-element_type=\"container\">\n\t\t\t\t<div class=\"elementor-element elementor-element-fddd8f0 elementor-view-default elementor-position-top elementor-mobile-position-top elementor-widget elementor-widget-icon-box\" data-id=\"fddd8f0\" data-element_type=\"widget\" data-widget_type=\"icon-box.default\">\n\t\t\t\t<div class=\"elementor-widget-container\">\n\t\t\t\t\t\t\t<div class=\"elementor-icon-box-wrapper\">\n\n\t\t\t\t\t\t<div class=\"elementor-icon-box-icon\">\n\t\t\t\t<span  class=\"elementor-icon\">\n\t\t\t\t<svg aria-hidden=\"true\" class=\"e-font-icon-svg e-far-handshake\" viewbox=\"0 0 640 512\" xmlns=\"http:\/\/www.w3.org\/2000\/svg\"><path d=\"M519.2 127.9l-47.6-47.6A56.252 56.252 0 0 0 432 64H205.2c-14.8 0-29.1 5.9-39.6 16.3L118 127.9H0v255.7h64c17.6 0 31.8-14.2 31.9-31.7h9.1l84.6 76.4c30.9 25.1 73.8 25.7 105.6 3.8 12.5 10.8 26 15.9 41.1 15.9 18.2 0 35.3-7.4 48.8-24 22.1 8.7 48.2 2.6 64-16.8l26.2-32.3c5.6-6.9 9.1-14.8 10.9-23h57.9c.1 17.5 14.4 31.7 31.9 31.7h64V127.9H519.2zM48 351.6c-8.8 0-16-7.2-16-16s7.2-16 16-16 16 7.2 16 16c0 8.9-7.2 16-16 16zm390-6.9l-26.1 32.2c-2.8 3.4-7.8 4-11.3 1.2l-23.9-19.4-30 36.5c-6 7.3-15 4.8-18 2.4l-36.8-31.5-15.6 19.2c-13.9 17.1-39.2 19.7-55.3 6.6l-97.3-88H96V175.8h41.9l61.7-61.6c2-.8 3.7-1.5 5.7-2.3H262l-38.7 35.5c-29.4 26.9-31.1 72.3-4.4 101.3 14.8 16.2 61.2 41.2 101.5 4.4l8.2-7.5 108.2 87.8c3.4 2.8 3.9 7.9 1.2 11.3zm106-40.8h-69.2c-2.3-2.8-4.9-5.4-7.7-7.7l-102.7-83.4 12.5-11.4c6.5-6 7-16.1 1-22.6L367 167.1c-6-6.5-16.1-6.9-22.6-1l-55.2 50.6c-9.5 8.7-25.7 9.4-34.6 0-9.3-9.9-8.5-25.1 1.2-33.9l65.6-60.1c7.4-6.8 17-10.5 27-10.5l83.7-.2c2.1 0 4.1.8 5.5 2.3l61.7 61.6H544v128zm48 47.7c-8.8 0-16-7.2-16-16s7.2-16 16-16 16 7.2 16 16c0 8.9-7.2 16-16 16z\"><\/path><\/svg>\t\t\t\t<\/span>\n\t\t\t<\/div>\n\t\t\t\n\t\t\t\t\t\t<div class=\"elementor-icon-box-content\">\n\n\t\t\t\t\t\t\t\t\t<h3 class=\"elementor-icon-box-title\">\n\t\t\t\t\t\t<span  >\n\t\t\t\t\t\t\tSalud en la producci\u00f3n\t\t\t\t\t\t<\/span>\n\t\t\t\t\t<\/h3>\n\t\t\t\t\n\t\t\t\t\t\t\t\t\t<p class=\"elementor-icon-box-description\">\n\t\t\t\t\t\tConfianza a cada paso\t\t\t\t\t<\/p>\n\t\t\t\t\n\t\t\t<\/div>\n\t\t\t\n\t\t<\/div>\n\t\t\t\t\t\t<\/div>\n\t\t\t\t<\/div>\n\t\t\t\t<\/div>\n\t\t\t\t\t<\/div>\n\t\t\t\t<\/div>\n\t\t<div class=\"elementor-element elementor-element-0c83715 e-flex e-con-boxed e-con e-parent\" data-id=\"0c83715\" data-element_type=\"container\">\n\t\t\t\t\t<div class=\"e-con-inner\">\n\t\t<div class=\"elementor-element elementor-element-a8bd2fa e-con-full e-flex e-con e-child\" data-id=\"a8bd2fa\" data-element_type=\"container\">\n\t\t\t\t<div class=\"elementor-element elementor-element-008f8d0 elementor-widget elementor-widget-heading\" data-id=\"008f8d0\" data-element_type=\"widget\" data-widget_type=\"heading.default\">\n\t\t\t\t<div class=\"elementor-widget-container\">\n\t\t\t\t\t<h1 class=\"elementor-heading-title elementor-size-default\">Instalaciones de producci\u00f3n de Euronut T\u00fcrkiye<\/h1>\t\t\t\t<\/div>\n\t\t\t\t<\/div>\n\t\t\t\t<div class=\"elementor-element elementor-element-04feee9 elementor-widget elementor-widget-video\" data-id=\"04feee9\" data-element_type=\"widget\" data-settings=\"{&quot;youtube_url&quot;:&quot;https:\\\/\\\/www.youtube.com\\\/watch?v=fd9Pg3GRjjI&quot;,&quot;show_image_overlay&quot;:&quot;yes&quot;,&quot;image_overlay&quot;:{&quot;url&quot;:&quot;https:\\\/\\\/euronut.com.tr\\\/wp-content\\\/uploads\\\/2025\\\/05\\\/hakkimizda-euronut-fabrika-brcgs-scaled.webp&quot;,&quot;id&quot;:11449,&quot;size&quot;:&quot;&quot;,&quot;alt&quot;:&quot;Euronut Fabrika&quot;,&quot;source&quot;:&quot;library&quot;},&quot;video_type&quot;:&quot;youtube&quot;,&quot;controls&quot;:&quot;yes&quot;}\" data-widget_type=\"video.default\">\n\t\t\t\t<div class=\"elementor-widget-container\">\n\t\t\t\t\t\t\t<div class=\"elementor-wrapper elementor-open-inline\">\n\t\t\t<div class=\"elementor-video\"><\/div>\t\t\t\t<div class=\"elementor-custom-embed-image-overlay\" style=\"background-image: url(https:\/\/euronut.com.tr\/wp-content\/uploads\/2025\/05\/hakkimizda-euronut-fabrika-brcgs-scaled.webp);\">\n\t\t\t\t\t\t\t\t\t\t\t\t\t\t\t\t<div class=\"elementor-custom-embed-play\" role=\"button\" aria-label=\"Lire la vid\u00e9o sur Euronut Fabrika\" tabindex=\"0\" data-no-translation-aria-label=\"\">\n\t\t\t\t\t\t\t<svg aria-hidden=\"true\" class=\"e-font-icon-svg e-eicon-play\" viewbox=\"0 0 1000 1000\" xmlns=\"http:\/\/www.w3.org\/2000\/svg\"><path d=\"M838 162C746 71 633 25 500 25 371 25 258 71 163 162 71 254 25 367 25 500 25 633 71 746 163 837 254 929 367 979 500 979 633 979 746 933 838 837 929 746 975 633 975 500 975 367 929 254 838 162M808 192C892 279 933 379 933 500 933 621 892 725 808 808 725 892 621 938 500 938 379 938 279 896 196 808 113 725 67 621 67 500 67 379 108 279 196 192 279 108 383 62 500 62 621 62 721 108 808 192M438 392V642L642 517 438 392Z\"><\/path><\/svg>\t\t\t\t\t\t<\/div>\n\t\t\t\t\t\t\t\t\t<\/div>\n\t\t\t\t\t<\/div>\n\t\t\t\t\t\t<\/div>\n\t\t\t\t<\/div>\n\t\t\t\t<div class=\"elementor-element elementor-element-0830c5f elementor-widget elementor-widget-heading\" data-id=\"0830c5f\" data-element_type=\"widget\" data-widget_type=\"heading.default\">\n\t\t\t\t<div class=\"elementor-widget-container\">\n\t\t\t\t\t<h2 class=\"elementor-heading-title elementor-size-default\">Qui\u00e9nes somos<\/h2>\t\t\t\t<\/div>\n\t\t\t\t<\/div>\n\t\t\t\t<div class=\"elementor-element elementor-element-193e4b5 elementor-widget elementor-widget-text-editor\" data-id=\"193e4b5\" data-element_type=\"widget\" data-widget_type=\"text-editor.default\">\n\t\t\t\t<div class=\"elementor-widget-container\">\n\t\t\t\t\t\t\t\t\t<p>En 1973, estamos dando pasos firmes hacia la meta que queremos alcanzar en nuestra trayectoria de frutos secos, que comenz\u00f3 con la producci\u00f3n de garbanzos en Denizli.<\/p><p>Con un equipo y una gama de productos en constante crecimiento, trabajamos con cuidado y sensibilidad en todos nuestros procesos para ofrecerle los productos m\u00e1s deliciosos en nuestras instalaciones con alta infraestructura tecnol\u00f3gica en una superficie de 15.000 metros cuadrados, dando prioridad a la seguridad alimentaria, adhiri\u00e9ndonos a la conciencia de proteger la estructura natural y saludable de los frutos secos, sin comprometer el punto de vista cient\u00edfico.<\/p><p>Nuestras importantes inversiones en innovaci\u00f3n, producci\u00f3n y crecimiento nacional e internacional nos han llevado siempre un paso adelante en el sector de los frutos secos. Seguimos trabajando con el sentido de la responsabilidad que nos da el punto al que hemos llegado, y nuestro objetivo m\u00e1s importante es beneficiar a nuestro sector y a nuestro pa\u00eds.<\/p>\t\t\t\t\t\t\t\t<\/div>\n\t\t\t\t<\/div>\n\t\t\t\t<div class=\"elementor-element elementor-element-e6f43ca elementor-widget elementor-widget-heading\" data-id=\"e6f43ca\" data-element_type=\"widget\" data-widget_type=\"heading.default\">\n\t\t\t\t<div class=\"elementor-widget-container\">\n\t\t\t\t\t<h2 class=\"elementor-heading-title elementor-size-default\">Euronut EU GmbH (Euronut Alemania)<\/h2>\t\t\t\t<\/div>\n\t\t\t\t<\/div>\n\t\t\t\t<div class=\"elementor-element elementor-element-3a760b1 elementor-widget elementor-widget-image\" data-id=\"3a760b1\" data-element_type=\"widget\" data-widget_type=\"image.default\">\n\t\t\t\t<div class=\"elementor-widget-container\">\n\t\t\t\t\t\t\t\t\t\t\t\t\t\t\t<img fetchpriority=\"high\" decoding=\"async\" width=\"1130\" height=\"631\" src=\"https:\/\/euronut.com.tr\/wp-content\/uploads\/2025\/12\/Euronut-EU-GmbH-Euronut-Almanya-.webp\" class=\"attachment-full size-full wp-image-11788\" alt=\"Euronut EU GmbH (Euronut Alemania)\" srcset=\"https:\/\/euronut.com.tr\/wp-content\/uploads\/2025\/12\/Euronut-EU-GmbH-Euronut-Almanya-.webp 1130w, https:\/\/euronut.com.tr\/wp-content\/uploads\/2025\/12\/Euronut-EU-GmbH-Euronut-Almanya--300x168.webp 300w, https:\/\/euronut.com.tr\/wp-content\/uploads\/2025\/12\/Euronut-EU-GmbH-Euronut-Almanya--1024x572.webp 1024w, https:\/\/euronut.com.tr\/wp-content\/uploads\/2025\/12\/Euronut-EU-GmbH-Euronut-Almanya--768x429.webp 768w, https:\/\/euronut.com.tr\/wp-content\/uploads\/2025\/12\/Euronut-EU-GmbH-Euronut-Almanya--18x10.webp 18w, https:\/\/euronut.com.tr\/wp-content\/uploads\/2025\/12\/Euronut-EU-GmbH-Euronut-Almanya--350x195.webp 350w, https:\/\/euronut.com.tr\/wp-content\/uploads\/2025\/12\/Euronut-EU-GmbH-Euronut-Almanya--594x332.webp 594w\" sizes=\"(max-width: 1130px) 100vw, 1130px\" \/>\t\t\t\t\t\t\t\t\t\t\t\t\t\t\t<\/div>\n\t\t\t\t<\/div>\n\t\t\t\t<div class=\"elementor-element elementor-element-d0b031d elementor-widget elementor-widget-text-editor\" data-id=\"d0b031d\" data-element_type=\"widget\" data-widget_type=\"text-editor.default\">\n\t\t\t\t<div class=\"elementor-widget-container\">\n\t\t\t\t\t\t\t\t\t<div class=\"elementor-element elementor-element-6efbef56 elementor-widget__width-inherit elementor-widget elementor-widget-text-editor\" data-id=\"6efbef56\" data-element_type=\"widget\" data-widget_type=\"text-editor.default\"><p>\u00a0<\/p><div class=\"elementor-widget-container\"><p><strong>Euronut EU GmbH<\/strong>, Euronut G\u0131da San. ve Tic. A.\u015e., uno de los principales productores de frutos secos de Turqu\u00eda, es una empresa con sede en Alemania que representa su expansi\u00f3n estrat\u00e9gica en el mercado europeo. <strong>Albstadt<\/strong> Ubicada en [nombre de la ciudad], nuestra empresa tiene como objetivo ofrecer nuestros productos de frutos secos y frutas deshidratadas de alta calidad directamente al mercado de la Uni\u00f3n Europea (UE) y optimizar nuestros procesos de distribuci\u00f3n.<\/p><h3><img decoding=\"async\" class=\"emoji\" role=\"img\" draggable=\"false\" src=\"https:\/\/s.w.org\/images\/core\/emoji\/17.0.2\/svg\/2728.svg\" alt=\"\u2728\" \/> Nuestra misi\u00f3n: llevar calidad a Europa<\/h3><p>Nuestra misi\u00f3n en Euronut EU GmbH es proporcionar productos que se produzcan de acuerdo con los est\u00e1ndares internacionales de seguridad alimentaria, mantengan su frescura y se destaquen por su sabor; <strong>a cadenas minoristas, mayoristas y organizaciones industriales<\/strong> Entregar a trav\u00e9s de una cadena de suministro ininterrumpida y confiable.<\/p><h3><img decoding=\"async\" class=\"emoji\" role=\"img\" draggable=\"false\" src=\"https:\/\/s.w.org\/images\/core\/emoji\/17.0.2\/svg\/1f31f.svg\" alt=\"\ud83c\udf1f\" \/> Lo que nos hace diferentes<\/h3><ul><li><strong>Centro Europeo de Marketing:<\/strong> Gracias a nuestra estructura operativa totalmente conforme con la legislaci\u00f3n de la UE, proporcionamos rapidez y eficiencia en los procesos aduaneros y log\u00edsticos.<\/li><li><strong>Garant\u00eda de frescura y seguridad:<\/strong> Producidos en nuestras instalaciones de Turqu\u00eda utilizando la \u00faltima tecnolog\u00eda y protegidos con tecnolog\u00eda de embalaje especial (embalaje de nitr\u00f3geno), enviamos nuestros productos, a trav\u00e9s de Alemania, a todos los rincones de Europa manteniendo su frescura.<\/li><li><strong>Ubicaci\u00f3n estrat\u00e9gica:<\/strong> Nuestra sede en Alemania ofrece la ventaja de una entrega r\u00e1pida y bajos costes operativos gracias a su proximidad a las principales redes de distribuci\u00f3n de Europa.<\/li><li><strong>Enfoque centrado en la asociaci\u00f3n:<\/strong> Ofrecemos soluciones flexibles de suministro y etiquetado adaptadas a los requisitos espec\u00edficos y la din\u00e1mica del mercado de nuestros socios comerciales en el mercado europeo.<\/li><\/ul><p>Euronut EU GmbH combina calidad, fiabilidad y competitividad para todas las empresas que buscan un proveedor fuerte de frutos secos en Europa. <strong>Es un socio comercial estrat\u00e9gico.<\/strong><\/p><\/div><\/div>\t\t\t\t\t\t\t\t<\/div>\n\t\t\t\t<\/div>\n\t\t\t\t<\/div>\n\t\t\t\t\t<\/div>\n\t\t\t\t<\/div>\n\t\t\t\t<\/div>","protected":false},"excerpt":{"rendered":"<p>Brcgs Sertifikal\u0131 Kalitede D\u00fcnya Standard\u0131 \u0130novatif \u00c7\u00f6z\u00fcmler Yenilik\u00e7i ve \u00c7evre Dostu Uluslararas\u0131 Kalitede \u00dcretim ve tedarik A\u011f\u0131 \u00dcretimde Sa\u011fl\u0131k Her Ad\u0131mda G\u00fcven Euronut T\u00fcrkiye \u00dcretim Tesislerimiz Hakk\u0131m\u0131zda 1973 y\u0131l\u0131nda Denizli\u2019de leblebi \u00fcretimi ile ba\u015flayan kuruyemi\u015f yolculu\u011fumuzda varmak istedi\u011fimiz hedefe do\u011fru emin ad\u0131mlarla y\u00fcr\u00fcyoruz. Her g\u00fcn b\u00fcy\u00fcyen ekibimiz ve \u00fcr\u00fcn gam\u0131m\u0131zla, 15.000 metrekarelik alanda, y\u00fcksek teknolojik [&hellip;]<\/p>","protected":false},"author":1,"featured_media":11792,"parent":0,"menu_order":0,"comment_status":"closed","ping_status":"closed","template":"elementor_header_footer","meta":{"footnotes":""},"class_list":["post-2768","page","type-page","status-publish","has-post-thumbnail","hentry"],"aioseo_notices":[],"_links":{"self":[{"href":"https:\/\/euronut.com.tr\/es\/wp-json\/wp\/v2\/pages\/2768","targetHints":{"allow":["GET"]}}],"collection":[{"href":"https:\/\/euronut.com.tr\/es\/wp-json\/wp\/v2\/pages"}],"about":[{"href":"https:\/\/euronut.com.tr\/es\/wp-json\/wp\/v2\/types\/page"}],"author":[{"embeddable":true,"href":"https:\/\/euronut.com.tr\/es\/wp-json\/wp\/v2\/users\/1"}],"replies":[{"embeddable":true,"href":"https:\/\/euronut.com.tr\/es\/wp-json\/wp\/v2\/comments?post=2768"}],"version-history":[{"count":84,"href":"https:\/\/euronut.com.tr\/es\/wp-json\/wp\/v2\/pages\/2768\/revisions"}],"predecessor-version":[{"id":11848,"href":"https:\/\/euronut.com.tr\/es\/wp-json\/wp\/v2\/pages\/2768\/revisions\/11848"}],"wp:featuredmedia":[{"embeddable":true,"href":"https:\/\/euronut.com.tr\/es\/wp-json\/wp\/v2\/media\/11792"}],"wp:attachment":[{"href":"https:\/\/euronut.com.tr\/es\/wp-json\/wp\/v2\/media?parent=2768"}],"curies":[{"name":"wp","href":"https:\/\/api.w.org\/{rel}","templated":true}]}}