{"id":10550,"date":"2024-03-12T08:14:30","date_gmt":"2024-03-12T08:14:30","guid":{"rendered":"https:\/\/designingmedia.com\/pawsh\/?page_id=10550"},"modified":"2025-05-02T12:43:50","modified_gmt":"2025-05-02T12:43:50","slug":"kariyer","status":"publish","type":"page","link":"https:\/\/euronut.com.tr\/es\/carrera\/","title":{"rendered":"Carrera profesional"},"content":{"rendered":"<div data-elementor-type=\"wp-page\" data-elementor-id=\"10550\" class=\"elementor elementor-10550\">\n\t\t\t\t<div class=\"elementor-element elementor-element-b54fd29 e-flex e-con-boxed e-con e-parent\" data-id=\"b54fd29\" data-element_type=\"container\">\n\t\t\t\t\t<div class=\"e-con-inner\">\n\t\t\t\t<div class=\"elementor-element elementor-element-eb3f2cf elementor-widget elementor-widget-heading\" data-id=\"eb3f2cf\" data-element_type=\"widget\" data-widget_type=\"heading.default\">\n\t\t\t\t<div class=\"elementor-widget-container\">\n\t\t\t\t\t<div class=\"elementor-heading-title elementor-size-default\">EURONUT<\/div>\t\t\t\t<\/div>\n\t\t\t\t<\/div>\n\t\t\t\t<div class=\"elementor-element elementor-element-2346b12 elementor-widget elementor-widget-heading\" data-id=\"2346b12\" data-element_type=\"widget\" data-widget_type=\"heading.default\">\n\t\t\t\t<div class=\"elementor-widget-container\">\n\t\t\t\t\t<h2 class=\"elementor-heading-title elementor-size-default\">\u00danete a nuestro equipo<\/h2>\t\t\t\t<\/div>\n\t\t\t\t<\/div>\n\t\t\t\t<div class=\"elementor-element elementor-element-a73ab09 elementor-widget__width-inherit elementor-widget elementor-widget-image\" data-id=\"a73ab09\" data-element_type=\"widget\" data-widget_type=\"image.default\">\n\t\t\t\t<div class=\"elementor-widget-container\">\n\t\t\t\t\t\t\t\t\t\t\t\t\t\t\t<img fetchpriority=\"high\" decoding=\"async\" width=\"1001\" height=\"470\" src=\"https:\/\/euronut.com.tr\/wp-content\/uploads\/2025\/05\/hakkimizda-bolumler.png\" class=\"attachment-full size-full wp-image-11254\" alt=\"\" srcset=\"https:\/\/euronut.com.tr\/wp-content\/uploads\/2025\/05\/hakkimizda-bolumler.png 1001w, https:\/\/euronut.com.tr\/wp-content\/uploads\/2025\/05\/hakkimizda-bolumler-350x164.png 350w, https:\/\/euronut.com.tr\/wp-content\/uploads\/2025\/05\/hakkimizda-bolumler-594x279.png 594w, https:\/\/euronut.com.tr\/wp-content\/uploads\/2025\/05\/hakkimizda-bolumler-300x141.png 300w, https:\/\/euronut.com.tr\/wp-content\/uploads\/2025\/05\/hakkimizda-bolumler-768x361.png 768w, https:\/\/euronut.com.tr\/wp-content\/uploads\/2025\/05\/hakkimizda-bolumler-18x8.png 18w\" sizes=\"(max-width: 1001px) 100vw, 1001px\" \/>\t\t\t\t\t\t\t\t\t\t\t\t\t\t\t<\/div>\n\t\t\t\t<\/div>\n\t\t\t\t<div class=\"elementor-element elementor-element-2f9f366b elementor-widget elementor-widget-text-editor\" data-id=\"2f9f366b\" data-element_type=\"widget\" data-widget_type=\"text-editor.default\">\n\t\t\t\t<div class=\"elementor-widget-container\">\n\t\t\t\t\t\t\t\t\t<p>Siempre estamos buscando personas apasionadas y con talento para unirse a nuestro equipo.<\/p><p>Si est\u00e1 comprometido con la excelencia y busca una carrera gratificante en una empresa din\u00e1mica e innovadora, le invitamos a explorar las oportunidades que le ofrece Euronut.<\/p><p>Puede enviarnos su CV a info@euronut.com.tr.<\/p>\t\t\t\t\t\t\t\t<\/div>\n\t\t\t\t<\/div>\n\t\t\t\t\t<\/div>\n\t\t\t\t<\/div>\n\t\t\t\t<\/div>","protected":false},"excerpt":{"rendered":"<p>EURONUT Ekibimize Kat\u0131l\u0131n Her zaman ekibimize kat\u0131lmak i\u00e7in tutkulu, yetenekli bireyler ar\u0131yoruz. M\u00fckemmelli\u011fe kararl\u0131ysan\u0131z ve dinamik ve yenilik\u00e7i bir \u015firkette \u00f6d\u00fcllendirici bir kariyer ar\u0131yorsan\u0131z, sizi Euronut firmam\u0131zdaki f\u0131rsatlar\u0131 ke\u015ffetmeye davet ediyoruz. Bize CV\u2019nizi info@euronut.com.tr adresinden g\u00f6nderebilirsiniz.<\/p>","protected":false},"author":1,"featured_media":0,"parent":0,"menu_order":0,"comment_status":"closed","ping_status":"closed","template":"elementor_header_footer","meta":{"footnotes":""},"class_list":["post-10550","page","type-page","status-publish","hentry"],"aioseo_notices":[],"_links":{"self":[{"href":"https:\/\/euronut.com.tr\/es\/wp-json\/wp\/v2\/pages\/10550","targetHints":{"allow":["GET"]}}],"collection":[{"href":"https:\/\/euronut.com.tr\/es\/wp-json\/wp\/v2\/pages"}],"about":[{"href":"https:\/\/euronut.com.tr\/es\/wp-json\/wp\/v2\/types\/page"}],"author":[{"embeddable":true,"href":"https:\/\/euronut.com.tr\/es\/wp-json\/wp\/v2\/users\/1"}],"replies":[{"embeddable":true,"href":"https:\/\/euronut.com.tr\/es\/wp-json\/wp\/v2\/comments?post=10550"}],"version-history":[{"count":35,"href":"https:\/\/euronut.com.tr\/es\/wp-json\/wp\/v2\/pages\/10550\/revisions"}],"predecessor-version":[{"id":11338,"href":"https:\/\/euronut.com.tr\/es\/wp-json\/wp\/v2\/pages\/10550\/revisions\/11338"}],"wp:attachment":[{"href":"https:\/\/euronut.com.tr\/es\/wp-json\/wp\/v2\/media?parent=10550"}],"curies":[{"name":"wp","href":"https:\/\/api.w.org\/{rel}","templated":true}]}}