{"id":11601,"date":"2025-06-12T11:08:09","date_gmt":"2025-06-12T11:08:09","guid":{"rendered":"https:\/\/euronut.com.tr\/?post_type=product&#038;p=11601"},"modified":"2025-06-12T11:37:51","modified_gmt":"2025-06-12T11:37:51","slug":"cig-karisik-kuruyemis","status":"publish","type":"product","link":"https:\/\/euronut.com.tr\/en\/urunlerimiz\/kuruyemis\/raw-mixed-nuts\/","title":{"rendered":"Raw Mixed Nuts"},"content":{"rendered":"<p>This unique blend contains an energy boosting <strong>raw almond filling<\/strong>conquering hearts with its creamy flavor <strong>raw cashew nuts<\/strong> and crispy <strong>raw hazelnut kernels<\/strong> is available. Carefully selected for those looking for a natural flavor that will sweeten your palate <strong>types of nuts<\/strong>is also rich in vitamins and minerals.<\/p>\n<p>Adding a sweet touch to our mix <strong>seedless raisins <\/strong>and a slightly sour taste <strong>crane nuts<\/strong>\u00a0you will have a delicious nut experience where you can balance sweet and sour.<\/p>\n<p><strong>Raw Mixed Nuts<\/strong>offers a healthy snack alternative that you may need at any time. These practical packs, which you can carry with you at home, at school, in the office and on the go, help you get the nutrients your body needs while calming your hunger. This delicious snack mix, which will be indispensable for your coffee breaks, movie enjoyment or after-sports snacks, is the easiest way to make a delicious investment in your healthy life!<\/p>\n<p><strong>Table of Contents<\/strong>: \u00c7ekirdeksiz Kuru \u00dcz\u00fcm(%20), \u00c7i\u011f Badem \u0130\u00e7i(%20), \u00c7i\u011f Kaju F\u0131s\u0131t\u0131\u011f\u0131(%20), \u00c7i\u011f F\u0131nd\u0131k \u0130\u00e7i(%20), Turna Yemi\u015fi(%20) (Elma Suyu Konsantresi,Bitkisel Ya\u011f(Ay\u00e7i\u00e7ek))<\/p>\n<table border=\"1\" cellspacing=\"1\" cellpadding=\"1\">\n<caption>\u00a0<\/caption>\n<tbody>\n<tr>\n<td><strong>Nutritional Value Table<br \/>\nNutritional Facts<\/strong><\/td>\n<td><strong>Per 100g \/ Per 100g<\/strong><\/td>\n<\/tr>\n<tr>\n<td>Calories \/ Energy<\/td>\n<td>2160\/516 kj\/kcal<\/td>\n<\/tr>\n<tr>\n<td>Saturated Fat \/ Saturated Fat<\/td>\n<td>4,3 g<\/td>\n<\/tr>\n<tr>\n<td>Fat \/ Fat<\/td>\n<td>37 g<\/td>\n<\/tr>\n<tr>\n<td>Carbohydrate \/ Carbonhydrate<\/td>\n<td>23,5 g<\/td>\n<\/tr>\n<tr>\n<td>Sugar \/ Sugar<\/td>\n<td>23 g<\/td>\n<\/tr>\n<tr>\n<td>Protein \/ Protein<\/td>\n<td>15 g<\/td>\n<\/tr>\n<tr>\n<td>Salt \/ Salt<\/td>\n<td>0,01 g<\/td>\n<\/tr>\n<\/tbody>\n<\/table>\n<p><strong>Product Quality and Freshness:<\/strong><br \/>\nOur products stand out with their superior quality, freshness and unique flavor. We prioritize customer satisfaction by keeping the quality at the highest level in all stages from production processes to packaging.<\/p>\n<p><strong>Easy to Open and Fresh Preserving Packaging:<\/strong><br \/>\nOur products will be sent in packaging that can be easily opened. The stylish and practical design keeps the product fresh and delicious. By minimizing the amount of oxygen in the package, we ensure that the products stay fresh and protected for a long time.<\/p>\n<p><strong>Quality and Safety in International Standards:<\/strong><br \/>\nOur facility is certified with the BRC Certificate (British Retail Consortium Standard). It is proof that the food safety and quality of the fresh and delicious products in Pa\u015fa Kuruyemi\u015f packages are provided at international standards. Our modern facility with the most advanced technology in Europe operates in Selimpa\u015fa.<\/p>\n<p><strong>Storage Conditions and Content Information:<\/strong><br \/>\nStore the product protected from temperature and humidity. Does not contain coloring and preservatives. May contain traces of peanuts, pistachios and gluten.<\/p>","protected":false},"excerpt":{"rendered":"<p>This unique blend contains an energy boosting <strong>raw almond filling<\/strong>conquering hearts with its creamy flavor <strong>raw cashew nuts<\/strong> and crispy <strong>raw hazelnut kernels<\/strong> is available. Carefully selected for those looking for a natural flavor that will sweeten your palate <strong>types of nuts<\/strong>is also rich in vitamins and minerals.<\/p>\n<p>Adding a sweet touch to our mix <strong>seedless raisins <\/strong>and a slightly sour taste <strong>crane nuts<\/strong>\u00a0you will have a delicious nut experience where you can balance sweet and sour.<\/p>\n<p><strong>Raw Mixed Nuts<\/strong>offers a healthy snack alternative that you may need at any time. These practical packs, which you can carry with you at home, at school, in the office and on the go, help you get the nutrients your body needs while calming your hunger. This delicious snack mix, which will be indispensable for your coffee breaks, movie enjoyment or after-sports snacks, is the easiest way to make a delicious investment in your healthy life!<\/p>","protected":false},"featured_media":11600,"comment_status":"open","ping_status":"closed","template":"","meta":[],"product_brand":[],"product_cat":[15],"product_tag":[],"class_list":{"0":"post-11601","1":"product","2":"type-product","3":"status-publish","4":"has-post-thumbnail","6":"product_cat-kuruyemis","8":"first","9":"instock","10":"shipping-taxable","11":"product-type-simple"},"aioseo_notices":[],"_links":{"self":[{"href":"https:\/\/euronut.com.tr\/en\/wp-json\/wp\/v2\/product\/11601","targetHints":{"allow":["GET"]}}],"collection":[{"href":"https:\/\/euronut.com.tr\/en\/wp-json\/wp\/v2\/product"}],"about":[{"href":"https:\/\/euronut.com.tr\/en\/wp-json\/wp\/v2\/types\/product"}],"replies":[{"embeddable":true,"href":"https:\/\/euronut.com.tr\/en\/wp-json\/wp\/v2\/comments?post=11601"}],"wp:featuredmedia":[{"embeddable":true,"href":"https:\/\/euronut.com.tr\/en\/wp-json\/wp\/v2\/media\/11600"}],"wp:attachment":[{"href":"https:\/\/euronut.com.tr\/en\/wp-json\/wp\/v2\/media?parent=11601"}],"wp:term":[{"taxonomy":"product_brand","embeddable":true,"href":"https:\/\/euronut.com.tr\/en\/wp-json\/wp\/v2\/product_brand?post=11601"},{"taxonomy":"product_cat","embeddable":true,"href":"https:\/\/euronut.com.tr\/en\/wp-json\/wp\/v2\/product_cat?post=11601"},{"taxonomy":"product_tag","embeddable":true,"href":"https:\/\/euronut.com.tr\/en\/wp-json\/wp\/v2\/product_tag?post=11601"}],"curies":[{"name":"wp","href":"https:\/\/api.w.org\/{rel}","templated":true}]}}