{"id":3951,"date":"2023-03-01T12:54:57","date_gmt":"2023-03-01T12:54:57","guid":{"rendered":"https:\/\/designingmedia.com\/pawsh\/?page_id=3951"},"modified":"2025-12-19T11:32:41","modified_gmt":"2025-12-19T11:32:41","slug":"contact","status":"publish","type":"page","link":"https:\/\/euronut.com.tr\/en\/contact\/","title":{"rendered":"Support"},"content":{"rendered":"<div data-elementor-type=\"wp-page\" data-elementor-id=\"3951\" class=\"elementor elementor-3951\">\n\t\t\t\t<div class=\"elementor-element elementor-element-751bd03 e-flex e-con-boxed e-con e-parent\" data-id=\"751bd03\" data-element_type=\"container\">\n\t\t\t\t\t<div class=\"e-con-inner\">\n\t\t<div class=\"elementor-element elementor-element-c3c87a0 get-info-section e-con-full e-flex e-con e-child\" data-id=\"c3c87a0\" data-element_type=\"container\">\n\t\t\t\t<div class=\"elementor-element elementor-element-3d57a51 elementor-widget__width-auto elementor-absolute elementor-hidden-laptop elementor-hidden-tablet elementor-hidden-mobile elementor-widget elementor-widget-image\" data-id=\"3d57a51\" data-element_type=\"widget\" data-settings=\"{&quot;_position&quot;:&quot;absolute&quot;}\" data-widget_type=\"image.default\">\n\t\t\t\t<div class=\"elementor-widget-container\">\n\t\t\t\t\t\t\t\t\t\t\t\t\t\t\t<img decoding=\"async\" width=\"167\" height=\"167\" src=\"https:\/\/euronut.com.tr\/wp-content\/uploads\/2023\/02\/Lined-circle-design-element.png\" class=\"attachment-full size-full wp-image-1554\" alt=\"\" srcset=\"https:\/\/euronut.com.tr\/wp-content\/uploads\/2023\/02\/Lined-circle-design-element.png 167w, https:\/\/euronut.com.tr\/wp-content\/uploads\/2023\/02\/Lined-circle-design-element-100x100.png 100w, https:\/\/euronut.com.tr\/wp-content\/uploads\/2023\/02\/Lined-circle-design-element-150x150.png 150w\" sizes=\"(max-width: 167px) 100vw, 167px\" \/>\t\t\t\t\t\t\t\t\t\t\t\t\t\t\t<\/div>\n\t\t\t\t<\/div>\n\t\t\t\t<div class=\"elementor-element elementor-element-94f006d elementor-widget elementor-widget-heading\" data-id=\"94f006d\" data-element_type=\"widget\" data-widget_type=\"heading.default\">\n\t\t\t\t<div class=\"elementor-widget-container\">\n\t\t\t\t\t<h2 class=\"elementor-heading-title elementor-size-default\">CONTACT &amp; SUPPORT<\/h2>\t\t\t\t<\/div>\n\t\t\t\t<\/div>\n\t\t\t\t<div class=\"elementor-element elementor-element-81df085 elementor-widget elementor-widget-heading\" data-id=\"81df085\" data-element_type=\"widget\" data-widget_type=\"heading.default\">\n\t\t\t\t<div class=\"elementor-widget-container\">\n\t\t\t\t\t<h2 class=\"elementor-heading-title elementor-size-default\">Contact us<\/h2>\t\t\t\t<\/div>\n\t\t\t\t<\/div>\n\t\t<div class=\"elementor-element elementor-element-ae0e945 e-flex e-con-boxed e-con e-child\" data-id=\"ae0e945\" data-element_type=\"container\">\n\t\t\t\t\t<div class=\"e-con-inner\">\n\t\t<div class=\"elementor-element elementor-element-462f7bd e-flex e-con-boxed e-con e-child\" data-id=\"462f7bd\" data-element_type=\"container\">\n\t\t\t\t\t<div class=\"e-con-inner\">\n\t\t\t\t<div class=\"elementor-element elementor-element-61f2331 elementor-position-left elementor-vertical-align-middle elementor-widget elementor-widget-image-box\" data-id=\"61f2331\" data-element_type=\"widget\" data-widget_type=\"image-box.default\">\n\t\t\t\t<div class=\"elementor-widget-container\">\n\t\t\t\t\t<div class=\"elementor-image-box-wrapper\"><figure class=\"elementor-image-box-img\"><img decoding=\"async\" width=\"100\" height=\"100\" src=\"https:\/\/euronut.com.tr\/wp-content\/uploads\/2023\/03\/Location-icon-contact-page.png\" class=\"elementor-animation-bob attachment-full size-full wp-image-3974\" alt=\"\" \/><\/figure><div class=\"elementor-image-box-content\"><h5 class=\"elementor-image-box-title\">Location:<\/h5><p class=\"elementor-image-box-description\">Kavakl\u0131 \u0130stiklal, Fulya Cd. No:11, 34570 Silivri\/Istanbul<\/p><\/div><\/div>\t\t\t\t<\/div>\n\t\t\t\t<\/div>\n\t\t\t\t\t<\/div>\n\t\t\t\t<\/div>\n\t\t<div class=\"elementor-element elementor-element-20f5300 e-flex e-con-boxed e-con e-child\" data-id=\"20f5300\" data-element_type=\"container\">\n\t\t\t\t\t<div class=\"e-con-inner\">\n\t\t\t\t<div class=\"elementor-element elementor-element-943923a elementor-position-left elementor-vertical-align-middle elementor-widget elementor-widget-image-box\" data-id=\"943923a\" data-element_type=\"widget\" data-widget_type=\"image-box.default\">\n\t\t\t\t<div class=\"elementor-widget-container\">\n\t\t\t\t\t<div class=\"elementor-image-box-wrapper\"><figure class=\"elementor-image-box-img\"><img decoding=\"async\" width=\"100\" height=\"100\" src=\"https:\/\/euronut.com.tr\/wp-content\/uploads\/2023\/03\/Phone-icon-contact-page.png\" class=\"elementor-animation-bob attachment-full size-full wp-image-3975\" alt=\"\" \/><\/figure><div class=\"elementor-image-box-content\"><h3 class=\"elementor-image-box-title\">Phone:<\/h3><p class=\"elementor-image-box-description\">+90 212 723 70 70<\/p><\/div><\/div>\t\t\t\t<\/div>\n\t\t\t\t<\/div>\n\t\t\t\t\t<\/div>\n\t\t\t\t<\/div>\n\t\t<div class=\"elementor-element elementor-element-1820ff5 e-flex e-con-boxed e-con e-child\" data-id=\"1820ff5\" data-element_type=\"container\">\n\t\t\t\t\t<div class=\"e-con-inner\">\n\t\t\t\t<div class=\"elementor-element elementor-element-684dcdc elementor-position-left elementor-vertical-align-middle elementor-widget elementor-widget-image-box\" data-id=\"684dcdc\" data-element_type=\"widget\" data-widget_type=\"image-box.default\">\n\t\t\t\t<div class=\"elementor-widget-container\">\n\t\t\t\t\t<div class=\"elementor-image-box-wrapper\"><figure class=\"elementor-image-box-img\"><img loading=\"lazy\" decoding=\"async\" width=\"100\" height=\"100\" src=\"https:\/\/euronut.com.tr\/wp-content\/uploads\/2023\/03\/Email-icon-contact-page.png\" class=\"elementor-animation-bob attachment-full size-full wp-image-3973\" alt=\"\" \/><\/figure><div class=\"elementor-image-box-content\"><h3 class=\"elementor-image-box-title\">Email:<\/h3><p class=\"elementor-image-box-description\">info@euronut.com.tr<\/p><\/div><\/div>\t\t\t\t<\/div>\n\t\t\t\t<\/div>\n\t\t\t\t<div class=\"elementor-element elementor-element-f19ebc1 elementor-position-left elementor-vertical-align-middle elementor-widget elementor-widget-image-box\" data-id=\"f19ebc1\" data-element_type=\"widget\" data-widget_type=\"image-box.default\">\n\t\t\t\t<div class=\"elementor-widget-container\">\n\t\t\t\t\t<div class=\"elementor-image-box-wrapper\"><figure class=\"elementor-image-box-img\"><img decoding=\"async\" width=\"100\" height=\"100\" src=\"https:\/\/euronut.com.tr\/wp-content\/uploads\/2023\/03\/Location-icon-contact-page.png\" class=\"elementor-animation-bob attachment-full size-full wp-image-3974\" alt=\"\" \/><\/figure><div class=\"elementor-image-box-content\"><h5 class=\"elementor-image-box-title\">Euronut EU GmbH (Euronut Germany)<\/h5><p class=\"elementor-image-box-description\">Ob dem Kieserstal 13-17 72461 Albstadt - GERMANY info@euronut.eu<br>+49 172 9420951<\/p><\/div><\/div>\t\t\t\t<\/div>\n\t\t\t\t<\/div>\n\t\t\t\t\t<\/div>\n\t\t\t\t<\/div>\n\t\t\t\t\t<\/div>\n\t\t\t\t<\/div>\n\t\t\t\t<\/div>\n\t\t<div class=\"elementor-element elementor-element-89627df e-con-full e-flex e-con e-child\" data-id=\"89627df\" data-element_type=\"container\" data-settings=\"{&quot;background_background&quot;:&quot;classic&quot;}\">\n\t\t\t\t<div class=\"elementor-element elementor-element-a7428c8 elementor-widget elementor-widget-heading\" data-id=\"a7428c8\" data-element_type=\"widget\" data-widget_type=\"heading.default\">\n\t\t\t\t<div class=\"elementor-widget-container\">\n\t\t\t\t\t<h2 class=\"elementor-heading-title elementor-size-default\">SUPPORT<\/h2>\t\t\t\t<\/div>\n\t\t\t\t<\/div>\n\t\t\t\t<div class=\"elementor-element elementor-element-8fb6dd4 elementor-widget elementor-widget-heading\" data-id=\"8fb6dd4\" data-element_type=\"widget\" data-widget_type=\"heading.default\">\n\t\t\t\t<div class=\"elementor-widget-container\">\n\t\t\t\t\t<h2 class=\"elementor-heading-title elementor-size-default\">Send Message<\/h2>\t\t\t\t<\/div>\n\t\t\t\t<\/div>\n\t\t\t\t<div class=\"elementor-element elementor-element-7327ccb elementor-widget elementor-widget-text-editor\" data-id=\"7327ccb\" data-element_type=\"widget\" data-widget_type=\"text-editor.default\">\n\t\t\t\t<div class=\"elementor-widget-container\">\n\t\t\t\t\t\t\t\t\t<p>You can use this form for your questions, suggestions or support in any matter.<\/p>\t\t\t\t\t\t\t\t<\/div>\n\t\t\t\t<\/div>\n\t\t\t\t<div class=\"elementor-element elementor-element-ebd3cc2 elementor-widget elementor-widget-shortcode\" data-id=\"ebd3cc2\" data-element_type=\"widget\" data-widget_type=\"shortcode.default\">\n\t\t\t\t<div class=\"elementor-widget-container\">\n\t\t\t\t\t\t\t<div class=\"elementor-shortcode\">\n<div class=\"wpcf7 no-js\" id=\"wpcf7-f8118-o1\" lang=\"en-US\" dir=\"ltr\" data-wpcf7-id=\"8118\">\n<div class=\"screen-reader-response\"><p role=\"status\" aria-live=\"polite\" aria-atomic=\"true\"><\/p> <ul><\/ul><\/div>\n<form action=\"\/en\/wp-json\/wp\/v2\/pages\/3951#wpcf7-f8118-o1\" method=\"post\" class=\"wpcf7-form init\" aria-label=\"Contact form\" novalidate=\"novalidate\" data-status=\"init\" data-trp-original-action=\"\/en\/wp-json\/wp\/v2\/pages\/3951#wpcf7-f8118-o1\">\n<fieldset class=\"hidden-fields-container\"><input type=\"hidden\" name=\"_wpcf7\" value=\"8118\" \/><input type=\"hidden\" name=\"_wpcf7_version\" value=\"6.1.4\" \/><input type=\"hidden\" name=\"_wpcf7_locale\" value=\"en_US\" \/><input type=\"hidden\" name=\"_wpcf7_unit_tag\" value=\"wpcf7-f8118-o1\" \/><input type=\"hidden\" name=\"_wpcf7_container_post\" value=\"0\" \/><input type=\"hidden\" name=\"_wpcf7_posted_data_hash\" value=\"\" \/>\n<\/fieldset>\n<div class=\"contact_info_section\">\n\t<div class=\"contact_info_form_content\">\n\t\t<div class=\"row\">\n\t\t\t<div class=\"col-lg-12 col-md-12 col-sm-12\">\n\t\t\t\t<div class=\"form-group mb-0\">\n\t\t\t\t\t<p><span class=\"wpcf7-form-control-wrap\" data-name=\"fullname\"><input size=\"40\" maxlength=\"400\" class=\"wpcf7-form-control wpcf7-text form-control\" id=\"name\" aria-invalid=\"false\" placeholder=\"Name:\" value=\"\" type=\"text\" name=\"fullname\" \/><\/span>\n\t\t\t\t\t<\/p>\n\t\t\t\t<\/div>\n\t\t\t<\/div>\n\t\t\t<div class=\"col-lg-12 col-md-12 col-sm-12\">\n\t\t\t\t<div class=\"form-group mb-0\">\n\t\t\t\t\t<p><span class=\"wpcf7-form-control-wrap\" data-name=\"phone\"><input size=\"40\" maxlength=\"400\" class=\"wpcf7-form-control wpcf7-tel wpcf7-text wpcf7-validates-as-tel form-control\" id=\"phonenum\" aria-invalid=\"false\" placeholder=\"Phone:\" value=\"\" type=\"tel\" name=\"phone\" \/><\/span>\n\t\t\t\t\t<\/p>\n\t\t\t\t<\/div>\n\t\t\t<\/div>\n\t\t\t<div class=\"col-lg-12 col-md-12 col-sm-12\">\n\t\t\t\t<div class=\"form-group mb-0\">\n\t\t\t\t\t<p><span class=\"wpcf7-form-control-wrap\" data-name=\"emailaddress\"><input size=\"40\" maxlength=\"400\" class=\"wpcf7-form-control wpcf7-email wpcf7-validates-as-required wpcf7-text wpcf7-validates-as-email form-control\" id=\"emailaddrs\" aria-required=\"true\" aria-invalid=\"false\" placeholder=\"Email:\" value=\"\" type=\"email\" name=\"emailaddress\" \/><\/span>\n\t\t\t\t\t<\/p>\n\t\t\t\t<\/div>\n\t\t\t<\/div>\n\t\t<\/div>\n\t\t<div class=\"row\">\n\t\t\t<div class=\"col-lg-12\">\n\t\t\t\t<div class=\"form-group mb-0\">\n\t\t\t\t\t<p><span class=\"wpcf7-form-control-wrap\" data-name=\"msg\"><textarea cols=\"40\" rows=\"10\" maxlength=\"2000\" class=\"wpcf7-form-control wpcf7-textarea form-control\" id=\"comment\" aria-invalid=\"false\" placeholder=\"Message:\" name=\"msg\"><\/textarea><\/span>\n\t\t\t\t\t<\/p>\n\t\t\t\t<\/div>\n\t\t\t<\/div>\n\t\t<\/div>\n\t\t<div class=\"btn_wrapper\">\n\t\t\t<p><button type=\"submit\" name=\"get_started\" id=\"started\" class=\"default-btn\">Send<\/button>\n\t\t\t<\/p>\n\t\t<\/div>\n\t<\/div>\n<\/div><div class=\"wpcf7-response-output\" aria-hidden=\"true\"><\/div>\n<input type=\"hidden\" name=\"trp-form-language\" value=\"en\"\/><\/form>\n<\/div>\n<\/div>\n\t\t\t\t\t\t<\/div>\n\t\t\t\t<\/div>\n\t\t\t\t<\/div>\n\t\t\t\t\t<\/div>\n\t\t\t\t<\/div>\n\t\t\t\t<section class=\"elementor-section elementor-top-section elementor-element elementor-element-1c69d0f elementor-section-boxed elementor-section-height-default elementor-section-height-default\" data-id=\"1c69d0f\" data-element_type=\"section\">\n\t\t\t\t\t\t<div class=\"elementor-container elementor-column-gap-default\">\n\t\t\t\t\t<div class=\"elementor-column elementor-col-50 elementor-top-column elementor-element elementor-element-5e450b0\" data-id=\"5e450b0\" data-element_type=\"column\">\n\t\t\t<div class=\"elementor-widget-wrap elementor-element-populated\">\n\t\t\t\t\t\t<div class=\"elementor-element elementor-element-c3bcaba elementor-widget elementor-widget-image\" data-id=\"c3bcaba\" data-element_type=\"widget\" data-widget_type=\"image.default\">\n\t\t\t\t<div class=\"elementor-widget-container\">\n\t\t\t\t\t\t\t\t\t\t\t\t\t\t\t<img loading=\"lazy\" decoding=\"async\" width=\"800\" height=\"469\" src=\"https:\/\/euronut.com.tr\/wp-content\/uploads\/2025\/12\/Pasa-Kuruyemis-Turkiye.webp\" class=\"attachment-full size-full wp-image-11855\" alt=\"\" srcset=\"https:\/\/euronut.com.tr\/wp-content\/uploads\/2025\/12\/Pasa-Kuruyemis-Turkiye.webp 800w, https:\/\/euronut.com.tr\/wp-content\/uploads\/2025\/12\/Pasa-Kuruyemis-Turkiye-300x176.webp 300w, https:\/\/euronut.com.tr\/wp-content\/uploads\/2025\/12\/Pasa-Kuruyemis-Turkiye-768x450.webp 768w, https:\/\/euronut.com.tr\/wp-content\/uploads\/2025\/12\/Pasa-Kuruyemis-Turkiye-18x12.webp 18w, https:\/\/euronut.com.tr\/wp-content\/uploads\/2025\/12\/Pasa-Kuruyemis-Turkiye-350x205.webp 350w, https:\/\/euronut.com.tr\/wp-content\/uploads\/2025\/12\/Pasa-Kuruyemis-Turkiye-594x348.webp 594w\" sizes=\"(max-width: 800px) 100vw, 800px\" \/>\t\t\t\t\t\t\t\t\t\t\t\t\t\t\t<\/div>\n\t\t\t\t<\/div>\n\t\t\t\t\t<\/div>\n\t\t<\/div>\n\t\t\t\t<div class=\"elementor-column elementor-col-50 elementor-top-column elementor-element elementor-element-e66b564\" data-id=\"e66b564\" data-element_type=\"column\">\n\t\t\t<div class=\"elementor-widget-wrap elementor-element-populated\">\n\t\t\t\t\t\t<div class=\"elementor-element elementor-element-33cf01c elementor-widget elementor-widget-html\" data-id=\"33cf01c\" data-element_type=\"widget\" data-widget_type=\"html.default\">\n\t\t\t\t<div class=\"elementor-widget-container\">\n\t\t\t\t\t<iframe src=\"https:\/\/www.google.com\/maps\/embed?pb=!1m18!1m12!1m3!1d3007.9755724436504!2d28.319658999999994!3d41.069526599999996!2m3!1f0!2f0!3f0!3m2!1i1024!2i768!4f13.1!3m3!1m2!1s0x14b541171a085c9b%3A0x9ddc1e9e18ef2622!2zUGHFn2EgS3VydXllbWnFnw!5e0!3m2!1str!2str!4v1743661325080!5m2!1str!2str\" width=\"100%\" height=\"325\" style=\"border:0;\" allowfullscreen=\"\" loading=\"lazy\" referrerpolicy=\"no-referrer-when-downgrade\"><\/iframe>\t\t\t\t<\/div>\n\t\t\t\t<\/div>\n\t\t\t\t\t<\/div>\n\t\t<\/div>\n\t\t\t\t\t<\/div>\n\t\t<\/section>\n\t\t\t\t<section class=\"elementor-section elementor-top-section elementor-element elementor-element-1d73fe8 elementor-section-boxed elementor-section-height-default elementor-section-height-default\" data-id=\"1d73fe8\" data-element_type=\"section\">\n\t\t\t\t\t\t<div class=\"elementor-container elementor-column-gap-default\">\n\t\t\t\t\t<div class=\"elementor-column elementor-col-50 elementor-top-column elementor-element elementor-element-3d8908d\" data-id=\"3d8908d\" data-element_type=\"column\">\n\t\t\t<div class=\"elementor-widget-wrap elementor-element-populated\">\n\t\t\t\t\t\t<div class=\"elementor-element elementor-element-579e8bd elementor-widget elementor-widget-image\" data-id=\"579e8bd\" data-element_type=\"widget\" data-widget_type=\"image.default\">\n\t\t\t\t<div class=\"elementor-widget-container\">\n\t\t\t\t\t\t\t\t\t\t\t\t\t\t\t<img loading=\"lazy\" decoding=\"async\" width=\"800\" height=\"469\" src=\"https:\/\/euronut.com.tr\/wp-content\/uploads\/2025\/12\/Pasa-Kuruyemis-Almanya.webp\" class=\"attachment-full size-full wp-image-11856\" alt=\"\" srcset=\"https:\/\/euronut.com.tr\/wp-content\/uploads\/2025\/12\/Pasa-Kuruyemis-Almanya.webp 800w, https:\/\/euronut.com.tr\/wp-content\/uploads\/2025\/12\/Pasa-Kuruyemis-Almanya-300x176.webp 300w, https:\/\/euronut.com.tr\/wp-content\/uploads\/2025\/12\/Pasa-Kuruyemis-Almanya-768x450.webp 768w, https:\/\/euronut.com.tr\/wp-content\/uploads\/2025\/12\/Pasa-Kuruyemis-Almanya-18x12.webp 18w, https:\/\/euronut.com.tr\/wp-content\/uploads\/2025\/12\/Pasa-Kuruyemis-Almanya-350x205.webp 350w, https:\/\/euronut.com.tr\/wp-content\/uploads\/2025\/12\/Pasa-Kuruyemis-Almanya-594x348.webp 594w\" sizes=\"(max-width: 800px) 100vw, 800px\" \/>\t\t\t\t\t\t\t\t\t\t\t\t\t\t\t<\/div>\n\t\t\t\t<\/div>\n\t\t\t\t\t<\/div>\n\t\t<\/div>\n\t\t\t\t<div class=\"elementor-column elementor-col-50 elementor-top-column elementor-element elementor-element-839d388\" data-id=\"839d388\" data-element_type=\"column\">\n\t\t\t<div class=\"elementor-widget-wrap elementor-element-populated\">\n\t\t\t\t\t\t<div class=\"elementor-element elementor-element-391b245 elementor-widget elementor-widget-html\" data-id=\"391b245\" data-element_type=\"widget\" data-widget_type=\"html.default\">\n\t\t\t\t<div class=\"elementor-widget-container\">\n\t\t\t\t\t<iframe src=\"https:\/\/www.google.com\/maps\/embed?pb=!1m18!1m12!1m3!1d2656.7926373814025!2d8.991328576825268!3d48.249119043388774!2m3!1f0!2f0!3f0!3m2!1i1024!2i768!4f13.1!3m3!1m2!1s0x479a04d8d132d081%3A0x8d8d8e0a31456e77!2sOb%20dem%20Kieserstal%2013-17%2C%2072461%20Albstadt%2C%20Almanya!5e0!3m2!1str!2str!4v1766132039403!5m2!1str!2str\" width=\"100%\" height=\"325\" style=\"border:0;\" allowfullscreen=\"\" loading=\"lazy\" referrerpolicy=\"no-referrer-when-downgrade\"><\/iframe>\t\t\t\t<\/div>\n\t\t\t\t<\/div>\n\t\t\t\t\t<\/div>\n\t\t<\/div>\n\t\t\t\t\t<\/div>\n\t\t<\/section>\n\t\t\t\t<\/div>","protected":false},"excerpt":{"rendered":"<p>\u0130LET\u0130\u015e\u0130M &amp; DESTEK Bize Ula\u015f\u0131n Konum: Kavakl\u0131 \u0130stiklal, Fulya Cd. No:11, 34570 Silivri\/\u0130stanbul Telefon: +90 212 723 70 70 Email: info@euronut.com.tr Euronut EU GmbH ( Euronut Almanya ) Ob dem Kieserstal 13-17 72461 Albstadt &#8211; GERMANY info@euronut.eu+49 172 9420951 DESTEK Mesaj G\u00f6nderin Sorular\u0131n\u0131z, \u00f6nerileriniz veya herhangi bir konuda destek ihtiyac\u0131n\u0131z i\u00e7in bu formu kullanabilirsiniz.<\/p>","protected":false},"author":1,"featured_media":11792,"parent":0,"menu_order":0,"comment_status":"closed","ping_status":"closed","template":"elementor_header_footer","meta":{"footnotes":""},"class_list":["post-3951","page","type-page","status-publish","has-post-thumbnail","hentry"],"aioseo_notices":[],"_links":{"self":[{"href":"https:\/\/euronut.com.tr\/en\/wp-json\/wp\/v2\/pages\/3951","targetHints":{"allow":["GET"]}}],"collection":[{"href":"https:\/\/euronut.com.tr\/en\/wp-json\/wp\/v2\/pages"}],"about":[{"href":"https:\/\/euronut.com.tr\/en\/wp-json\/wp\/v2\/types\/page"}],"author":[{"embeddable":true,"href":"https:\/\/euronut.com.tr\/en\/wp-json\/wp\/v2\/users\/1"}],"replies":[{"embeddable":true,"href":"https:\/\/euronut.com.tr\/en\/wp-json\/wp\/v2\/comments?post=3951"}],"version-history":[{"count":39,"href":"https:\/\/euronut.com.tr\/en\/wp-json\/wp\/v2\/pages\/3951\/revisions"}],"predecessor-version":[{"id":11862,"href":"https:\/\/euronut.com.tr\/en\/wp-json\/wp\/v2\/pages\/3951\/revisions\/11862"}],"wp:featuredmedia":[{"embeddable":true,"href":"https:\/\/euronut.com.tr\/en\/wp-json\/wp\/v2\/media\/11792"}],"wp:attachment":[{"href":"https:\/\/euronut.com.tr\/en\/wp-json\/wp\/v2\/media?parent=3951"}],"curies":[{"name":"wp","href":"https:\/\/api.w.org\/{rel}","templated":true}]}}