{"id":3272,"date":"2023-02-27T07:20:32","date_gmt":"2023-02-27T07:20:32","guid":{"rendered":"https:\/\/designingmedia.com\/pawsh\/?page_id=3272"},"modified":"2026-04-28T14:31:37","modified_gmt":"2026-04-28T14:31:37","slug":"kalite-sertifikalarimiz","status":"publish","type":"page","link":"https:\/\/euronut.com.tr\/en\/quality-certificates\/","title":{"rendered":"Quality Certificates"},"content":{"rendered":"<div data-elementor-type=\"wp-page\" data-elementor-id=\"3272\" class=\"elementor elementor-3272\">\n\t\t\t\t<div class=\"elementor-element elementor-element-be0c63c e-flex e-con-boxed e-con e-parent\" data-id=\"be0c63c\" data-element_type=\"container\" data-settings=\"{&quot;background_background&quot;:&quot;classic&quot;}\">\n\t\t\t\t\t<div class=\"e-con-inner\">\n\t\t\t\t<div class=\"elementor-element elementor-element-0cb1800 elementor-absolute elementor-hidden-tablet elementor-hidden-mobile elementor-hidden-laptop elementor-widget elementor-widget-image\" data-id=\"0cb1800\" data-element_type=\"widget\" data-settings=\"{&quot;_position&quot;:&quot;absolute&quot;}\" data-widget_type=\"image.default\">\n\t\t\t\t<div class=\"elementor-widget-container\">\n\t\t\t\t\t\t\t\t\t\t\t\t\t\t\t<img decoding=\"async\" width=\"138\" height=\"333\" src=\"https:\/\/euronut.com.tr\/wp-content\/uploads\/2024\/01\/about_left_shape.png\" class=\"attachment-large size-large wp-image-7916\" alt=\"\" srcset=\"https:\/\/euronut.com.tr\/wp-content\/uploads\/2024\/01\/about_left_shape.png 138w, https:\/\/euronut.com.tr\/wp-content\/uploads\/2024\/01\/about_left_shape-124x300.png 124w\" sizes=\"(max-width: 138px) 100vw, 138px\" \/>\t\t\t\t\t\t\t\t\t\t\t\t\t\t\t<\/div>\n\t\t\t\t<\/div>\n\t\t<div class=\"elementor-element elementor-element-fc9573e e-con-full e-flex e-con e-child\" data-id=\"fc9573e\" data-element_type=\"container\">\n\t\t\t\t<div class=\"elementor-element elementor-element-d9b7924 elementor-widget__width-auto elementor-absolute elementor-hidden-tablet elementor-hidden-laptop elementor-hidden-mobile elementor-widget elementor-widget-image\" data-id=\"d9b7924\" data-element_type=\"widget\" data-settings=\"{&quot;_position&quot;:&quot;absolute&quot;}\" data-widget_type=\"image.default\">\n\t\t\t\t<div class=\"elementor-widget-container\">\n\t\t\t\t\t\t\t\t\t\t\t\t\t\t\t<img decoding=\"async\" width=\"125\" height=\"112\" src=\"https:\/\/euronut.com.tr\/wp-content\/uploads\/2023\/02\/Sparkle-design-element.png\" class=\"attachment-full size-full wp-image-807\" alt=\"\" \/>\t\t\t\t\t\t\t\t\t\t\t\t\t\t\t<\/div>\n\t\t\t\t<\/div>\n\t\t\t\t<div class=\"elementor-element elementor-element-ceab7d6 elementor-widget elementor-widget-heading\" data-id=\"ceab7d6\" data-element_type=\"widget\" data-widget_type=\"heading.default\">\n\t\t\t\t<div class=\"elementor-widget-container\">\n\t\t\t\t\t<h2 class=\"elementor-heading-title elementor-size-default\">Our Quality Policy<\/h2>\t\t\t\t<\/div>\n\t\t\t\t<\/div>\n\t\t\t\t<div class=\"elementor-element elementor-element-ca50bf7 elementor-widget elementor-widget-text-editor\" data-id=\"ca50bf7\" data-element_type=\"widget\" data-widget_type=\"text-editor.default\">\n\t\t\t\t<div class=\"elementor-widget-container\">\n\t\t\t\t\t\t\t\t\t<p>Kurulu\u015fumuz, faaliyet g\u00f6sterdi\u011fi sekt\u00f6r, sundu\u011fu \u00fcr\u00fcnler ve m\u00fc\u015fteri beklentileri do\u011frultusunda; g\u00fcvenli, yasal gerekliliklere uygun ve y\u00fcksek kaliteli \u00fcr\u00fcnler sunmay\u0131 temel ilke olarak benimsemektedir. Bu do\u011frultuda, kurulu\u015fumuzun amac\u0131 ve ba\u011flam\u0131na uygun bir y\u00f6netim sistemi olu\u015fturulmu\u015f ve etkin \u015fekilde uygulanmaktad\u0131r.<\/p><p>M\u00fckemmelli\u011fe olan ba\u011fl\u0131l\u0131\u011f\u0131m\u0131z, uluslararas\u0131 alanda tan\u0131nan kalite ve g\u0131da g\u00fcvenli\u011fi sertifikalar\u0131m\u0131z ile do\u011frulanmaktad\u0131r. Onayl\u0131 tedarik\u00e7ilerden olu\u015fan k\u00fcresel a\u011f\u0131m\u0131z sayesinde en iyi ham maddeleri temin ederek, \u00fcr\u00fcnlerimizin g\u00fcvenli, s\u00fcrd\u00fcr\u00fclebilir ve etik ko\u015fullarda elde edilmesini sa\u011flar\u0131z. G\u00fc\u00e7l\u00fc tedarik\u00e7i ili\u015fkilerimiz, sundu\u011fumuz \u00fcr\u00fcn ve hizmetlerde tutarl\u0131 kaliteyi garanti alt\u0131na almaktad\u0131r.<\/p><p>Kurulu\u015fumuz;<\/p><p>G\u0131da g\u00fcvenli\u011fi tehlikelerini kontrol alt\u0131na almay\u0131,<\/p><p>G\u00fcvenli \u00fcr\u00fcn \u00fcretimini sa\u011flamay\u0131,<\/p><p>Yasal mevzuatlara ve m\u00fc\u015fteri \u015fartlar\u0131na tam uyum g\u00f6stermeyi<\/p><p>taahh\u00fct eder.<\/p><p>Kalite kontrol faaliyetlerimiz ve titizlikle uygulanan \u00f6rnekleme planlar\u0131m\u0131z, nihai \u00fcr\u00fcnlerimizin g\u00fcvenli\u011fini ve kalitesini g\u00fcvence alt\u0131na almaktad\u0131r. Bu kapsamda olu\u015fturulan g\u0131da g\u00fcvenli\u011fi hedeflerimiz, \u00f6l\u00e7\u00fclebilir performans kriterlerinin belirlenmesine \u00e7er\u00e7eve sa\u011flamaktad\u0131r.<\/p><p>Kurulu\u015fumuz, g\u0131da g\u00fcvenli\u011fi y\u00f6netim sisteminin etkinli\u011fini s\u00fcrekli iyile\u015ftirmeyi taahh\u00fct eder. Bu do\u011frultuda kalite hedeflerimiz y\u0131ll\u0131k olarak de\u011ferlendirilmekte olup a\u015fa\u011f\u0131daki temel performans g\u00f6stergeleri (KPI\u2019lar) esas al\u0131nmaktad\u0131r:<\/p><p>Uygun olmayan \u00fcr\u00fcnlerin en aza indirilmesi<\/p><p>Tedarik\u00e7i performans\u0131n\u0131n s\u00fcrekli iyile\u015ftirilmesi<\/p><p>M\u00fc\u015fteri \u015fikayetlerinin en aza indirilmesi<\/p><p>Bu politika, kurulu\u015f genelinde t\u00fcm \u00e7al\u0131\u015fanlara iletilir, anla\u015f\u0131lmas\u0131 sa\u011flan\u0131r ve etkin bir \u015fekilde uygulan\u0131r. Ayn\u0131 zamanda ilgili t\u00fcm taraflar\u0131n eri\u015fimine a\u00e7\u0131k tutulur (\u00e7al\u0131\u015fanlar, m\u00fc\u015fteriler, denet\u00e7iler ve di\u011fer payda\u015flar).<\/p><p><br><\/p>\n<hr>\n<h3><strong>EURONUT HELAL GIDA POL\u0130T\u0130KASI<\/strong><\/h3>\n<p>Euronut olarak kuruyemi\u015f \u00fcretim faaliyetlerimizde; \u0130slami kurallara uygunluk, hijyen, g\u0131da g\u00fcvenli\u011fi ve t\u00fcketici g\u00fcvenini temel prensip olarak kabul ederiz. Helal \u00fcr\u00fcn \u00fcretimi ve s\u00fcreklili\u011fini sa\u011flamak amac\u0131yla a\u015fa\u011f\u0131daki ilkelere ba\u011fl\u0131 kalmay\u0131 taahh\u00fct ederiz:<\/p>\n<ol>\n<li><strong> Helal Uygunluk Taahh\u00fcd\u00fc<\/strong><\/li>\n<\/ol>\n<ul>\n<li>T\u00fcm hammaddelerin, katk\u0131 maddelerinin ve yard\u0131mc\u0131 proses materyallerinin helal uygunlu\u011fu do\u011frulan\u0131r.<\/li>\n<li>Helal olmayan, \u015f\u00fcpheli veya kayna\u011f\u0131 belirsiz hi\u00e7bir bile\u015fen \u00fcretimde kullan\u0131lmaz.<\/li>\n<li>Tedarik\u00e7iler helal uygunluk kriterlerine g\u00f6re de\u011ferlendirilir ve onaylan\u0131r.<\/li>\n<\/ul>\n<ol start=\"2\">\n<li><strong> \u00dcretim ve Proses Kontrol\u00fc<\/strong><\/li>\n<\/ol>\n<ul>\n<li>Helal \u00fcr\u00fcnlerin \u00fcretimi s\u0131ras\u0131nda bula\u015fma (kontaminasyon) riskini \u00f6nleyecek proses kontrolleri uygulan\u0131r.<\/li>\n<li>Depolama, ta\u015f\u0131ma ve \u00fcretim hatlar\u0131nda helal b\u00fct\u00fcnl\u00fc\u011f\u00fc korunur.<\/li>\n<li>Temizlik ve sanitasyon i\u015flemleri helal uygun kimyasallar ve y\u00f6ntemlerle ger\u00e7ekle\u015ftirilir.<\/li>\n<\/ul>\n<ol start=\"3\">\n<li><strong> Hijyen ve G\u0131da G\u00fcvenli\u011fi<\/strong><\/li>\n<\/ol>\n<ul>\n<li>\u00dcretim faaliyetleri ulusal mevzuat, g\u0131da g\u00fcvenli\u011fi standartlar\u0131 ve hijyen kurallar\u0131na uygun y\u00fcr\u00fct\u00fcl\u00fcr.<\/li>\n<li>Personel hijyen kurallar\u0131na uyar ve helal \u00fcretim fark\u0131ndal\u0131\u011f\u0131 konusunda d\u00fczenli e\u011fitim al\u0131r.<\/li>\n<\/ul>\n<ol start=\"4\">\n<li><strong> \u0130zlenebilirlik ve \u015eeffafl\u0131k<\/strong><\/li>\n<\/ol>\n<ul>\n<li>T\u00fcm \u00fcretim s\u00fcre\u00e7lerinde tam izlenebilirlik sa\u011flan\u0131r.<\/li>\n<li>Helal uygunlukla ilgili kay\u0131tlar d\u00fczenli tutulur ve denetimlere haz\u0131r halde muhafaza edilir.<\/li>\n<li>M\u00fc\u015fteri talepleri ve geri bildirimleri titizlikle de\u011ferlendirilir.<\/li>\n<\/ul>\n<ol start=\"5\">\n<li><strong> S\u00fcrekli Uygunluk ve \u0130yile\u015ftirme<\/strong><\/li>\n<\/ol>\n<ul>\n<li>Helal gerekliliklere uygunluk d\u00fczenli i\u00e7 denetimler ile do\u011frulan\u0131r.<\/li>\n<li>Uygunsuzluklar i\u00e7in d\u00fczeltici ve \u00f6nleyici faaliyetler uygulan\u0131r.<\/li>\n<li>Helal y\u00f6netim sistemi s\u00fcrekli iyile\u015ftirme yakla\u015f\u0131m\u0131yla geli\u015ftirilir.<\/li>\n<\/ul>\n<ol start=\"6\">\n<li><strong> Yasal ve Standartlara Uyum<\/strong><\/li>\n<\/ol>\n<ul>\n<li>Faaliyetlerimiz OIC\/SMIIC helal standartlar\u0131, ilgili mevzuat ve akreditasyon gerekliliklerine uygun y\u00fcr\u00fct\u00fcl\u00fcr.<\/li>\n<li>Helal belgelendirme s\u00fcrecinde akredite kurulu\u015flar ve uluslararas\u0131 kabul g\u00f6rm\u00fc\u015f kriterler esas al\u0131n\u0131r.<\/li>\n<\/ul>\n<p><strong>Euronut Y\u00f6netimi<\/strong>, helal g\u0131da \u00fcretiminin g\u00fcvenilirli\u011fini sa\u011flamak ve t\u00fcketicilere g\u00fcven vermek amac\u0131yla bu politikay\u0131 uygulamay\u0131, s\u00fcrd\u00fcrmeyi ve s\u00fcrekli iyile\u015ftirmeyi taahh\u00fct eder.<\/p>\t\t\t\t\t\t\t\t<\/div>\n\t\t\t\t<\/div>\n\t\t\t\t<div class=\"elementor-element elementor-element-9720e7a elementor-widget elementor-widget-heading\" data-id=\"9720e7a\" data-element_type=\"widget\" data-widget_type=\"heading.default\">\n\t\t\t\t<div class=\"elementor-widget-container\">\n\t\t\t\t\t<h2 class=\"elementor-heading-title elementor-size-default\">Quality and Hygiene<\/h2>\t\t\t\t<\/div>\n\t\t\t\t<\/div>\n\t\t\t\t<div class=\"elementor-element elementor-element-77e799c elementor-widget elementor-widget-text-editor\" data-id=\"77e799c\" data-element_type=\"widget\" data-widget_type=\"text-editor.default\">\n\t\t\t\t<div class=\"elementor-widget-container\">\n\t\t\t\t\t\t\t\t\t<p><strong>Euronut's scientific approach is reflected in the special packaging technology developed to preserve flavor and freshness.<\/strong><\/p><p>- Foil packs;<br \/>The highest quality materials in international standards with minimal oxygen permeability are selected for packaging and nitrogen packaging technology is used.<br \/>This prevents contact with oxygen, which causes the product to lose its taste and smell over time.<\/p><p>- Box packages;<br \/>The box packaging with non-cutting edges, easy-to-open aluminum lid and plastic lid to preserve freshness after opening is specially designed for those who want to enjoy Euronut nuts for a long time.<\/p><p>Our company successfully represents itself in many national and international fairs and promotional organizations (Anuga, Sial etc.) and develops new markets.<\/p><p>Our aim is honest trade and continuous customer satisfaction.<\/p><p>Sincerely.<\/p>\t\t\t\t\t\t\t\t<\/div>\n\t\t\t\t<\/div>\n\t\t\t\t<\/div>\n\t\t\t\t\t<\/div>\n\t\t\t\t<\/div>\n\t\t<div class=\"elementor-element elementor-element-557fca5 e-flex e-con-boxed e-con e-parent\" data-id=\"557fca5\" data-element_type=\"container\">\n\t\t\t\t\t<div class=\"e-con-inner\">\n\t\t<div class=\"elementor-element elementor-element-d54c11d e-con-full e-flex e-con e-child\" data-id=\"d54c11d\" data-element_type=\"container\">\n\t\t\t\t<div class=\"elementor-element elementor-element-c00ca3f elementor-widget elementor-widget-heading\" data-id=\"c00ca3f\" data-element_type=\"widget\" data-widget_type=\"heading.default\">\n\t\t\t\t<div class=\"elementor-widget-container\">\n\t\t\t\t\t<div class=\"elementor-heading-title elementor-size-default\">EURONUT<\/div>\t\t\t\t<\/div>\n\t\t\t\t<\/div>\n\t\t\t\t<div class=\"elementor-element elementor-element-f1e68fc elementor-widget elementor-widget-heading\" data-id=\"f1e68fc\" data-element_type=\"widget\" data-widget_type=\"heading.default\">\n\t\t\t\t<div class=\"elementor-widget-container\">\n\t\t\t\t\t<h2 class=\"elementor-heading-title elementor-size-default\">Quality Certificates<\/h2>\t\t\t\t<\/div>\n\t\t\t\t<\/div>\n\t\t\t\t<div class=\"elementor-element elementor-element-e3241c7 elementor-absolute elementor-hidden-laptop elementor-hidden-tablet elementor-hidden-mobile elementor-widget elementor-widget-image\" data-id=\"e3241c7\" data-element_type=\"widget\" data-settings=\"{&quot;_position&quot;:&quot;absolute&quot;}\" data-widget_type=\"image.default\">\n\t\t\t\t<div class=\"elementor-widget-container\">\n\t\t\t\t\t\t\t\t\t\t\t\t\t\t\t<img decoding=\"async\" width=\"167\" height=\"167\" src=\"https:\/\/euronut.com.tr\/wp-content\/uploads\/2023\/02\/Circle-lines-Design-element.png\" class=\"attachment-large size-large wp-image-271\" alt=\"\" srcset=\"https:\/\/euronut.com.tr\/wp-content\/uploads\/2023\/02\/Circle-lines-Design-element.png 167w, https:\/\/euronut.com.tr\/wp-content\/uploads\/2023\/02\/Circle-lines-Design-element-100x100.png 100w, https:\/\/euronut.com.tr\/wp-content\/uploads\/2023\/02\/Circle-lines-Design-element-150x150.png 150w\" sizes=\"(max-width: 167px) 100vw, 167px\" \/>\t\t\t\t\t\t\t\t\t\t\t\t\t\t\t<\/div>\n\t\t\t\t<\/div>\n\t\t<div class=\"elementor-element elementor-element-51c259e e-con-full e-flex e-con e-child\" data-id=\"51c259e\" data-element_type=\"container\" data-settings=\"{&quot;background_background&quot;:&quot;classic&quot;}\">\n\t\t<div class=\"elementor-element elementor-element-2ce270c e-con-full e-flex e-con e-child\" data-id=\"2ce270c\" data-element_type=\"container\">\n\t\t\t\t<div class=\"elementor-element elementor-element-0d721a1 elementor-widget elementor-widget-image\" data-id=\"0d721a1\" data-element_type=\"widget\" data-widget_type=\"image.default\">\n\t\t\t\t<div class=\"elementor-widget-container\">\n\t\t\t\t\t\t\t\t\t\t\t\t\t\t\t<img loading=\"lazy\" decoding=\"async\" width=\"670\" height=\"338\" src=\"https:\/\/euronut.com.tr\/wp-content\/uploads\/2026\/04\/iso-9001-2015.jpg\" class=\"attachment-full size-full wp-image-11879\" alt=\"\" srcset=\"https:\/\/euronut.com.tr\/wp-content\/uploads\/2026\/04\/iso-9001-2015.jpg 670w, https:\/\/euronut.com.tr\/wp-content\/uploads\/2026\/04\/iso-9001-2015-300x151.jpg 300w, https:\/\/euronut.com.tr\/wp-content\/uploads\/2026\/04\/iso-9001-2015-18x9.jpg 18w, https:\/\/euronut.com.tr\/wp-content\/uploads\/2026\/04\/iso-9001-2015-350x177.jpg 350w, https:\/\/euronut.com.tr\/wp-content\/uploads\/2026\/04\/iso-9001-2015-594x300.jpg 594w\" sizes=\"(max-width: 670px) 100vw, 670px\" \/>\t\t\t\t\t\t\t\t\t\t\t\t\t\t\t<\/div>\n\t\t\t\t<\/div>\n\t\t\t\t<\/div>\n\t\t<div class=\"elementor-element elementor-element-7f8a803 e-con-full e-flex e-con e-child\" data-id=\"7f8a803\" data-element_type=\"container\">\n\t\t\t\t<div class=\"elementor-element elementor-element-3895358 elementor-widget elementor-widget-text-editor\" data-id=\"3895358\" data-element_type=\"widget\" data-widget_type=\"text-editor.default\">\n\t\t\t\t<div class=\"elementor-widget-container\">\n\t\t\t\t\t\t\t\t\t<p>ISO 9001<\/p>\t\t\t\t\t\t\t\t<\/div>\n\t\t\t\t<\/div>\n\t\t\t\t<\/div>\n\t\t<div class=\"elementor-element elementor-element-46233eb e-con-full e-flex e-con e-child\" data-id=\"46233eb\" data-element_type=\"container\">\n\t\t\t\t<div class=\"elementor-element elementor-element-1a05a22 elementor-align-left elementor-tablet-align-center elementor-widget elementor-widget-button\" data-id=\"1a05a22\" data-element_type=\"widget\" data-widget_type=\"button.default\">\n\t\t\t\t<div class=\"elementor-widget-container\">\n\t\t\t\t\t\t\t\t\t<div class=\"elementor-button-wrapper\">\n\t\t\t\t\t<a class=\"elementor-button elementor-button-link elementor-size-sm\" href=\"https:\/\/euronut.com.tr\/wp-content\/uploads\/2026\/04\/euronut-qms_uaf_9001_certificate_matbuu-R-5.pdf\">\n\t\t\t\t\t\t<span class=\"elementor-button-content-wrapper\">\n\t\t\t\t\t\t\t\t\t<span class=\"elementor-button-text\">View<\/span>\n\t\t\t\t\t<\/span>\n\t\t\t\t\t<\/a>\n\t\t\t\t<\/div>\n\t\t\t\t\t\t\t\t<\/div>\n\t\t\t\t<\/div>\n\t\t\t\t<\/div>\n\t\t\t\t<\/div>\n\t\t<div class=\"elementor-element elementor-element-0478144 e-con-full e-flex e-con e-child\" data-id=\"0478144\" data-element_type=\"container\" data-settings=\"{&quot;background_background&quot;:&quot;classic&quot;}\">\n\t\t<div class=\"elementor-element elementor-element-a251e81 e-con-full e-flex e-con e-child\" data-id=\"a251e81\" data-element_type=\"container\">\n\t\t\t\t<div class=\"elementor-element elementor-element-c2f7dfc elementor-widget elementor-widget-image\" data-id=\"c2f7dfc\" data-element_type=\"widget\" data-widget_type=\"image.default\">\n\t\t\t\t<div class=\"elementor-widget-container\">\n\t\t\t\t\t\t\t\t\t\t\t\t\t\t\t<img decoding=\"async\" src=\"https:\/\/euronut.com.tr\/wp-content\/uploads\/2026\/04\/brcgs-food-safety-certificated.jpg\" title=\"brcgs-food-safety-certificated\" alt=\"brcgs-food-safety-certificated\" loading=\"lazy\" \/>\t\t\t\t\t\t\t\t\t\t\t\t\t\t\t<\/div>\n\t\t\t\t<\/div>\n\t\t\t\t<\/div>\n\t\t<div class=\"elementor-element elementor-element-1cb8bae e-con-full e-flex e-con e-child\" data-id=\"1cb8bae\" data-element_type=\"container\">\n\t\t\t\t<div class=\"elementor-element elementor-element-3b5e14b elementor-widget elementor-widget-text-editor\" data-id=\"3b5e14b\" data-element_type=\"widget\" data-widget_type=\"text-editor.default\">\n\t\t\t\t<div class=\"elementor-widget-container\">\n\t\t\t\t\t\t\t\t\tBRCGS Global Standard for Food Safety\n\t\t\t\t\t\t\t\t<\/div>\n\t\t\t\t<\/div>\n\t\t\t\t<\/div>\n\t\t<div class=\"elementor-element elementor-element-966add5 e-con-full e-flex e-con e-child\" data-id=\"966add5\" data-element_type=\"container\">\n\t\t\t\t<div class=\"elementor-element elementor-element-bc0abdf elementor-align-left elementor-tablet-align-center elementor-widget elementor-widget-button\" data-id=\"bc0abdf\" data-element_type=\"widget\" data-widget_type=\"button.default\">\n\t\t\t\t<div class=\"elementor-widget-container\">\n\t\t\t\t\t\t\t\t\t<div class=\"elementor-button-wrapper\">\n\t\t\t\t\t<a class=\"elementor-button elementor-button-link elementor-size-sm\" href=\"https:\/\/euronut.com.tr\/wp-content\/uploads\/2026\/04\/euronut-brcgs-2025.pdf\">\n\t\t\t\t\t\t<span class=\"elementor-button-content-wrapper\">\n\t\t\t\t\t\t\t\t\t<span class=\"elementor-button-text\">View<\/span>\n\t\t\t\t\t<\/span>\n\t\t\t\t\t<\/a>\n\t\t\t\t<\/div>\n\t\t\t\t\t\t\t\t<\/div>\n\t\t\t\t<\/div>\n\t\t\t\t<\/div>\n\t\t\t\t<\/div>\n\t\t<div class=\"elementor-element elementor-element-c823e9d e-con-full e-flex e-con e-child\" data-id=\"c823e9d\" data-element_type=\"container\" data-settings=\"{&quot;background_background&quot;:&quot;classic&quot;}\">\n\t\t<div class=\"elementor-element elementor-element-3158097 e-con-full e-flex e-con e-child\" data-id=\"3158097\" data-element_type=\"container\">\n\t\t\t\t<div class=\"elementor-element elementor-element-f5c850e elementor-widget elementor-widget-image\" data-id=\"f5c850e\" data-element_type=\"widget\" data-widget_type=\"image.default\">\n\t\t\t\t<div class=\"elementor-widget-container\">\n\t\t\t\t\t\t\t\t\t\t\t\t\t\t\t<img loading=\"lazy\" decoding=\"async\" width=\"670\" height=\"338\" src=\"https:\/\/euronut.com.tr\/wp-content\/uploads\/2026\/04\/iso-22000-2018-yeni.jpg\" class=\"attachment-full size-full wp-image-11878\" alt=\"\" srcset=\"https:\/\/euronut.com.tr\/wp-content\/uploads\/2026\/04\/iso-22000-2018-yeni.jpg 670w, https:\/\/euronut.com.tr\/wp-content\/uploads\/2026\/04\/iso-22000-2018-yeni-300x151.jpg 300w, https:\/\/euronut.com.tr\/wp-content\/uploads\/2026\/04\/iso-22000-2018-yeni-18x9.jpg 18w, https:\/\/euronut.com.tr\/wp-content\/uploads\/2026\/04\/iso-22000-2018-yeni-350x177.jpg 350w, https:\/\/euronut.com.tr\/wp-content\/uploads\/2026\/04\/iso-22000-2018-yeni-594x300.jpg 594w\" sizes=\"(max-width: 670px) 100vw, 670px\" \/>\t\t\t\t\t\t\t\t\t\t\t\t\t\t\t<\/div>\n\t\t\t\t<\/div>\n\t\t\t\t<\/div>\n\t\t<div class=\"elementor-element elementor-element-f774e4f e-con-full e-flex e-con e-child\" data-id=\"f774e4f\" data-element_type=\"container\">\n\t\t\t\t<div class=\"elementor-element elementor-element-91a65fa elementor-widget elementor-widget-text-editor\" data-id=\"91a65fa\" data-element_type=\"widget\" data-widget_type=\"text-editor.default\">\n\t\t\t\t<div class=\"elementor-widget-container\">\n\t\t\t\t\t\t\t\t\t<p>ISO 22000:2018<\/p>\t\t\t\t\t\t\t\t<\/div>\n\t\t\t\t<\/div>\n\t\t\t\t<\/div>\n\t\t<div class=\"elementor-element elementor-element-0217d53 e-con-full e-flex e-con e-child\" data-id=\"0217d53\" data-element_type=\"container\">\n\t\t\t\t<div class=\"elementor-element elementor-element-a104e80 elementor-align-left elementor-tablet-align-center elementor-widget elementor-widget-button\" data-id=\"a104e80\" data-element_type=\"widget\" data-widget_type=\"button.default\">\n\t\t\t\t<div class=\"elementor-widget-container\">\n\t\t\t\t\t\t\t\t\t<div class=\"elementor-button-wrapper\">\n\t\t\t\t\t<a class=\"elementor-button elementor-button-link elementor-size-sm\" href=\"https:\/\/euronut.com.tr\/wp-content\/uploads\/2026\/04\/euronut-fsms_uaf_22000_certificate_matbuu-R-5.pdf\">\n\t\t\t\t\t\t<span class=\"elementor-button-content-wrapper\">\n\t\t\t\t\t\t\t\t\t<span class=\"elementor-button-text\">View<\/span>\n\t\t\t\t\t<\/span>\n\t\t\t\t\t<\/a>\n\t\t\t\t<\/div>\n\t\t\t\t\t\t\t\t<\/div>\n\t\t\t\t<\/div>\n\t\t\t\t<\/div>\n\t\t\t\t<\/div>\n\t\t<div class=\"elementor-element elementor-element-602c311 e-con-full e-flex e-con e-child\" data-id=\"602c311\" data-element_type=\"container\" data-settings=\"{&quot;background_background&quot;:&quot;classic&quot;}\">\n\t\t<div class=\"elementor-element elementor-element-cf449a4 e-con-full e-flex e-con e-child\" data-id=\"cf449a4\" data-element_type=\"container\">\n\t\t\t\t<div class=\"elementor-element elementor-element-643e75d elementor-widget elementor-widget-image\" data-id=\"643e75d\" data-element_type=\"widget\" data-widget_type=\"image.default\">\n\t\t\t\t<div class=\"elementor-widget-container\">\n\t\t\t\t\t\t\t\t\t\t\t\t\t\t\t<img loading=\"lazy\" decoding=\"async\" width=\"670\" height=\"338\" src=\"https:\/\/euronut.com.tr\/wp-content\/uploads\/2026\/04\/helal-belgesi.jpg\" class=\"attachment-full size-full wp-image-11901\" alt=\"\" srcset=\"https:\/\/euronut.com.tr\/wp-content\/uploads\/2026\/04\/helal-belgesi.jpg 670w, https:\/\/euronut.com.tr\/wp-content\/uploads\/2026\/04\/helal-belgesi-300x151.jpg 300w, https:\/\/euronut.com.tr\/wp-content\/uploads\/2026\/04\/helal-belgesi-18x9.jpg 18w, https:\/\/euronut.com.tr\/wp-content\/uploads\/2026\/04\/helal-belgesi-350x177.jpg 350w, https:\/\/euronut.com.tr\/wp-content\/uploads\/2026\/04\/helal-belgesi-594x300.jpg 594w\" sizes=\"(max-width: 670px) 100vw, 670px\" \/>\t\t\t\t\t\t\t\t\t\t\t\t\t\t\t<\/div>\n\t\t\t\t<\/div>\n\t\t\t\t<\/div>\n\t\t<div class=\"elementor-element elementor-element-ed03c05 e-con-full e-flex e-con e-child\" data-id=\"ed03c05\" data-element_type=\"container\">\n\t\t\t\t<div class=\"elementor-element elementor-element-2c65bd4 elementor-widget elementor-widget-text-editor\" data-id=\"2c65bd4\" data-element_type=\"widget\" data-widget_type=\"text-editor.default\">\n\t\t\t\t<div class=\"elementor-widget-container\">\n\t\t\t\t\t\t\t\t\t<p>Helal Uygunluk Belgesi<\/p>\t\t\t\t\t\t\t\t<\/div>\n\t\t\t\t<\/div>\n\t\t\t\t<\/div>\n\t\t<div class=\"elementor-element elementor-element-f1cb14a e-con-full e-flex e-con e-child\" data-id=\"f1cb14a\" data-element_type=\"container\">\n\t\t\t\t<div class=\"elementor-element elementor-element-1a7637a elementor-align-left elementor-tablet-align-center elementor-widget elementor-widget-button\" data-id=\"1a7637a\" data-element_type=\"widget\" data-widget_type=\"button.default\">\n\t\t\t\t<div class=\"elementor-widget-container\">\n\t\t\t\t\t\t\t\t\t<div class=\"elementor-button-wrapper\">\n\t\t\t\t\t<a class=\"elementor-button elementor-button-link elementor-size-sm\" href=\"https:\/\/euronut.com.tr\/wp-content\/uploads\/2026\/04\/helal-uygunluk-belgesi.pdf\">\n\t\t\t\t\t\t<span class=\"elementor-button-content-wrapper\">\n\t\t\t\t\t\t\t\t\t<span class=\"elementor-button-text\">View<\/span>\n\t\t\t\t\t<\/span>\n\t\t\t\t\t<\/a>\n\t\t\t\t<\/div>\n\t\t\t\t\t\t\t\t<\/div>\n\t\t\t\t<\/div>\n\t\t\t\t<\/div>\n\t\t\t\t<\/div>\n\t\t\t\t<\/div>\n\t\t\t\t\t<\/div>\n\t\t\t\t<\/div>\n\t\t\t\t<\/div>","protected":false},"excerpt":{"rendered":"<p>Kalite Politikam\u0131z Kurulu\u015fumuz, faaliyet g\u00f6sterdi\u011fi sekt\u00f6r, sundu\u011fu \u00fcr\u00fcnler ve m\u00fc\u015fteri beklentileri do\u011frultusunda; g\u00fcvenli, yasal gerekliliklere uygun ve y\u00fcksek kaliteli \u00fcr\u00fcnler sunmay\u0131 temel ilke olarak benimsemektedir. Bu do\u011frultuda, kurulu\u015fumuzun amac\u0131 ve ba\u011flam\u0131na uygun bir y\u00f6netim sistemi olu\u015fturulmu\u015f ve etkin \u015fekilde uygulanmaktad\u0131r. M\u00fckemmelli\u011fe olan ba\u011fl\u0131l\u0131\u011f\u0131m\u0131z, uluslararas\u0131 alanda tan\u0131nan kalite ve g\u0131da g\u00fcvenli\u011fi sertifikalar\u0131m\u0131z ile do\u011frulanmaktad\u0131r. Onayl\u0131 tedarik\u00e7ilerden [&hellip;]<\/p>","protected":false},"author":1,"featured_media":0,"parent":0,"menu_order":0,"comment_status":"closed","ping_status":"closed","template":"elementor_header_footer","meta":{"footnotes":""},"class_list":["post-3272","page","type-page","status-publish","hentry"],"aioseo_notices":[],"_links":{"self":[{"href":"https:\/\/euronut.com.tr\/en\/wp-json\/wp\/v2\/pages\/3272","targetHints":{"allow":["GET"]}}],"collection":[{"href":"https:\/\/euronut.com.tr\/en\/wp-json\/wp\/v2\/pages"}],"about":[{"href":"https:\/\/euronut.com.tr\/en\/wp-json\/wp\/v2\/types\/page"}],"author":[{"embeddable":true,"href":"https:\/\/euronut.com.tr\/en\/wp-json\/wp\/v2\/users\/1"}],"replies":[{"embeddable":true,"href":"https:\/\/euronut.com.tr\/en\/wp-json\/wp\/v2\/comments?post=3272"}],"version-history":[{"count":61,"href":"https:\/\/euronut.com.tr\/en\/wp-json\/wp\/v2\/pages\/3272\/revisions"}],"predecessor-version":[{"id":11905,"href":"https:\/\/euronut.com.tr\/en\/wp-json\/wp\/v2\/pages\/3272\/revisions\/11905"}],"wp:attachment":[{"href":"https:\/\/euronut.com.tr\/en\/wp-json\/wp\/v2\/media?parent=3272"}],"curies":[{"name":"wp","href":"https:\/\/api.w.org\/{rel}","templated":true}]}}