{"id":11617,"date":"2025-06-12T11:54:19","date_gmt":"2025-06-12T11:54:19","guid":{"rendered":"https:\/\/euronut.com.tr\/?post_type=product&#038;p=11617"},"modified":"2025-06-12T12:20:12","modified_gmt":"2025-06-12T12:20:12","slug":"kaju-cranberry","status":"publish","type":"product","link":"https:\/\/euronut.com.tr\/de\/urunlerimiz\/kuruyemis\/cashew-cranberry\/","title":{"rendered":"Cashew &amp; Cranberry"},"content":{"rendered":"<p><strong>Cashew &amp; Cranberry<\/strong><\/p>\n<p>Die perfekte Harmonie von S\u00fc\u00dfem und Herzhaftem: <strong>Cashew &amp; Cranberry<\/strong>Gute Qualit\u00e4t <strong>Cashews <\/strong>der einzigartige Geschmack der Pistazien, s\u00fc\u00df und leicht s\u00e4uerlich <strong>Kranmuttern<\/strong> (<strong>Moosbeere<\/strong>), um eine eindeutige <strong>Keks <\/strong>Erfahrung.<\/p>\n<p>Ein gesundes und leckeres <strong>N\u00fcsse <\/strong>f\u00fcr diejenigen, die eine Alternative suchen <strong>Cashew &amp; Cranberry<\/strong> ist eine gute Wahl. Es ist ideal f\u00fcr alle, die eine andere Geschmacksrichtung in ihren t\u00e4glichen Snacks suchen und f\u00fcr diejenigen, die ihren Energiebedarf vor oder nach dem Sport auf nat\u00fcrliche Weise decken wollen. <strong>Cashew<\/strong>und die S\u00e4ttigung von <strong>Kranmuttern<\/strong>W\u00e4hrend der Reichtum an Antioxidantien zusammen pr\u00e4sentiert wird, wird das Gleichgewicht von s\u00fc\u00df und herzhaft Ihren Gaumen erfreuen. Diese besondere Mischung ist dank ihrer praktischen Verpackungen immer dabei!<\/p>\n<p><strong>Inhalt<\/strong>: Cashewn\u00fcsse, Cranberry, Apfelsaftkonzentrat, Pflanzen\u00f6l (Sonnenblumen).<\/p>\n<table border=\"1\" cellspacing=\"1\" cellpadding=\"1\">\n<caption>\u00a0<\/caption>\n<tbody>\n<tr>\n<td><strong>N\u00e4hrwerttabelle<br \/>\nN\u00e4hrwertangaben<\/strong><\/td>\n<td><strong>Pro 100g \/ Pro 100g<\/strong><\/td>\n<\/tr>\n<tr>\n<td>Kalorien \/ Energie<\/td>\n<td>2096\/502 kj\/kcal<\/td>\n<\/tr>\n<tr>\n<td>Fett \/ Fett<\/td>\n<td>29 g<\/td>\n<\/tr>\n<tr>\n<td>Ges\u00e4ttigtes Fett \/ Ges\u00e4ttigtes Fett<\/td>\n<td>4,2 g<\/td>\n<\/tr>\n<tr>\n<td>Kohlenhydrat \/ Kohlehydrat<\/td>\n<td>45 g<\/td>\n<\/tr>\n<tr>\n<td>Ballaststoffe<\/td>\n<td>12 g<\/td>\n<\/tr>\n<tr>\n<td>Zucker \/ Zucker<\/td>\n<td>30 g<\/td>\n<\/tr>\n<tr>\n<td>Eiwei\u00df \/ Eiwei\u00df<\/td>\n<td>12 g<\/td>\n<\/tr>\n<tr>\n<td>Salz \/ Salz<\/td>\n<td>0 g<\/td>\n<\/tr>\n<\/tbody>\n<\/table>\n<p><strong>Produktqualit\u00e4t und Frische:<\/strong><br \/>\nUnsere Produkte zeichnen sich durch h\u00f6chste Qualit\u00e4t, Frische und einzigartigen Geschmack aus. Die Zufriedenheit unserer Kunden steht f\u00fcr uns an erster Stelle, da wir in allen Phasen - vom Produktionsprozess bis zur Verpackung - die Qualit\u00e4t auf h\u00f6chstem Niveau halten.<\/p>\n<p><strong>Leicht zu \u00f6ffnende und frisch konservierende Verpackung:<\/strong><br \/>\nUnsere Produkte werden in einer leicht zu \u00f6ffnenden Verpackung geliefert. Ihr stilvolles und praktisches Design sorgt daf\u00fcr, dass das Produkt frisch und lecker bleibt. Indem wir die Sauerstoffmenge in der Verpackung minimieren, sorgen wir daf\u00fcr, dass die Produkte lange frisch und haltbar bleiben.<\/p>\n<p><strong>Qualit\u00e4t und Sicherheit in internationalen Normen:<\/strong><br \/>\nUnser Betrieb ist mit dem BRC-Zertifikat (British Retail Consortium Standard) zertifiziert. Es ist der Beweis daf\u00fcr, dass die Lebensmittelsicherheit und die Qualit\u00e4t der frischen und k\u00f6stlichen Produkte in den Verpackungen von Pasha Kuruyemi\u015f internationalen Standards entsprechen. Unsere moderne Anlage mit der fortschrittlichsten Technologie in Europa befindet sich in Selimpa\u015fa.<\/p>\n<p><strong>Lagerungsbedingungen und Informationen zum Inhalt:<\/strong><br \/>\nLagern Sie das Produkt vor Temperatur und Feuchtigkeit gesch\u00fctzt. Kann Spuren von Erdn\u00fcssen, Haseln\u00fcssen, Pistazien, Cashewn\u00fcssen und Gluten enthalten.<\/p>","protected":false},"excerpt":{"rendered":"<p><strong>Cashew &amp; Cranberry<\/strong><\/p>\n<p>Die perfekte Harmonie von S\u00fc\u00dfem und Herzhaftem: <strong>Cashew &amp; Cranberry<\/strong>Gute Qualit\u00e4t <strong>Cashews <\/strong>der einzigartige Geschmack der Pistazien, s\u00fc\u00df und leicht s\u00e4uerlich <strong>Kranmuttern<\/strong> (<strong>Moosbeere<\/strong>), um eine eindeutige <strong>Keks <\/strong>Erfahrung.<\/p>\n<p>Ein gesundes und leckeres <strong>N\u00fcsse <\/strong>f\u00fcr diejenigen, die eine Alternative suchen <strong>Cashew &amp; Cranberry<\/strong> ist eine gute Wahl. Es ist ideal f\u00fcr alle, die eine andere Geschmacksrichtung in ihren t\u00e4glichen Snacks suchen und f\u00fcr diejenigen, die ihren Energiebedarf vor oder nach dem Sport auf nat\u00fcrliche Weise decken wollen. <strong>Cashew<\/strong>und die S\u00e4ttigung von <strong>Kranmuttern<\/strong>W\u00e4hrend der Reichtum an Antioxidantien zusammen pr\u00e4sentiert wird, wird das Gleichgewicht von s\u00fc\u00df und herzhaft Ihren Gaumen erfreuen. Diese besondere Mischung ist dank ihrer praktischen Verpackungen immer dabei!<\/p>","protected":false},"featured_media":11598,"comment_status":"closed","ping_status":"closed","template":"","meta":[],"product_brand":[],"product_cat":[15],"product_tag":[],"class_list":{"0":"post-11617","1":"product","2":"type-product","3":"status-publish","4":"has-post-thumbnail","6":"product_cat-kuruyemis","8":"first","9":"instock","10":"shipping-taxable","11":"product-type-simple"},"aioseo_notices":[],"_links":{"self":[{"href":"https:\/\/euronut.com.tr\/de\/wp-json\/wp\/v2\/product\/11617","targetHints":{"allow":["GET"]}}],"collection":[{"href":"https:\/\/euronut.com.tr\/de\/wp-json\/wp\/v2\/product"}],"about":[{"href":"https:\/\/euronut.com.tr\/de\/wp-json\/wp\/v2\/types\/product"}],"replies":[{"embeddable":true,"href":"https:\/\/euronut.com.tr\/de\/wp-json\/wp\/v2\/comments?post=11617"}],"wp:featuredmedia":[{"embeddable":true,"href":"https:\/\/euronut.com.tr\/de\/wp-json\/wp\/v2\/media\/11598"}],"wp:attachment":[{"href":"https:\/\/euronut.com.tr\/de\/wp-json\/wp\/v2\/media?parent=11617"}],"wp:term":[{"taxonomy":"product_brand","embeddable":true,"href":"https:\/\/euronut.com.tr\/de\/wp-json\/wp\/v2\/product_brand?post=11617"},{"taxonomy":"product_cat","embeddable":true,"href":"https:\/\/euronut.com.tr\/de\/wp-json\/wp\/v2\/product_cat?post=11617"},{"taxonomy":"product_tag","embeddable":true,"href":"https:\/\/euronut.com.tr\/de\/wp-json\/wp\/v2\/product_tag?post=11617"}],"curies":[{"name":"wp","href":"https:\/\/api.w.org\/{rel}","templated":true}]}}