{"id":11601,"date":"2025-06-12T11:08:09","date_gmt":"2025-06-12T11:08:09","guid":{"rendered":"https:\/\/euronut.com.tr\/?post_type=product&#038;p=11601"},"modified":"2025-06-12T11:37:51","modified_gmt":"2025-06-12T11:37:51","slug":"cig-karisik-kuruyemis","status":"publish","type":"product","link":"https:\/\/euronut.com.tr\/de\/urunlerimiz\/kuruyemis\/rohe-gemischte-nusse\/","title":{"rendered":"Rohe gemischte N\u00fcsse"},"content":{"rendered":"<p>Diese einzigartige Mischung enth\u00e4lt einen energief\u00f6rdernden <strong>rohe Mandeln<\/strong>Erobert die Herzen mit seinem cremigen Geschmack <strong>rohe Cashewn\u00fcsse<\/strong> und knusprig <strong>rohe Haselnusskerne<\/strong> ist verf\u00fcgbar. Sorgf\u00e4ltig ausgew\u00e4hlt f\u00fcr diejenigen, die einen nat\u00fcrlichen Geschmack suchen, der ihren Gaumen vers\u00fc\u00dft <strong>Nusssorten<\/strong>ist auch reich an Vitaminen und Mineralien.<\/p>\n<p>Eine s\u00fc\u00dfe Note f\u00fcr unsere Mischung <strong>kernlose Rosinen <\/strong>und mit einem leicht sauren Geschmack <strong>Kranmuttern<\/strong>\u00a0Sie werden ein k\u00f6stliches Nusserlebnis erleben, bei dem Sie f\u00fcr ein s\u00fc\u00df-saures Gleichgewicht sorgen k\u00f6nnen.<\/p>\n<p><strong>Rohe gemischte N\u00fcsse<\/strong>bietet eine gesunde Snack-Alternative, die Sie jederzeit brauchen k\u00f6nnen. Diese praktischen Pakete, die Sie zu Hause, in der Schule, im B\u00fcro oder auf Reisen mit sich f\u00fchren k\u00f6nnen, helfen Ihnen, den N\u00e4hrstoffbedarf Ihres K\u00f6rpers zu decken und gleichzeitig Ihren Hunger zu stillen. Diese leckere Snack-Mischung, die f\u00fcr die Kaffeepause, den Filmgenuss oder den Snack nach dem Sport unentbehrlich ist, ist die einfachste Art, eine leckere Investition in Ihr gesundes Leben zu t\u00e4tigen!<\/p>\n<p><strong>Inhalt<\/strong>: \u00c7ekirdeksiz Kuru \u00dcz\u00fcm(%20), \u00c7i\u011f Badem \u0130\u00e7i(%20), \u00c7i\u011f Kaju F\u0131s\u0131t\u0131\u011f\u0131(%20), \u00c7i\u011f F\u0131nd\u0131k \u0130\u00e7i(%20), Turna Yemi\u015fi(%20) (Elma Suyu Konsantresi,Bitkisel Ya\u011f(Ay\u00e7i\u00e7ek))<\/p>\n<table border=\"1\" cellspacing=\"1\" cellpadding=\"1\">\n<caption>\u00a0<\/caption>\n<tbody>\n<tr>\n<td><strong>N\u00e4hrwerttabelle<br \/>\nN\u00e4hrwertangaben<\/strong><\/td>\n<td><strong>Pro 100g \/ Pro 100g<\/strong><\/td>\n<\/tr>\n<tr>\n<td>Kalorien \/ Energie<\/td>\n<td>2160\/516 kj\/kcal<\/td>\n<\/tr>\n<tr>\n<td>Ges\u00e4ttigtes Fett \/ Ges\u00e4ttigtes Fett<\/td>\n<td>4,3 g<\/td>\n<\/tr>\n<tr>\n<td>Fett \/ Fett<\/td>\n<td>37 g<\/td>\n<\/tr>\n<tr>\n<td>Kohlenhydrat \/ Kohlehydrat<\/td>\n<td>23,5 g<\/td>\n<\/tr>\n<tr>\n<td>Zucker \/ Zucker<\/td>\n<td>23 g<\/td>\n<\/tr>\n<tr>\n<td>Eiwei\u00df \/ Eiwei\u00df<\/td>\n<td>15 g<\/td>\n<\/tr>\n<tr>\n<td>Salz \/ Salz<\/td>\n<td>0,01 g<\/td>\n<\/tr>\n<\/tbody>\n<\/table>\n<p><strong>Produktqualit\u00e4t und Frische:<\/strong><br \/>\nUnsere Produkte zeichnen sich durch h\u00f6chste Qualit\u00e4t, Frische und einzigartigen Geschmack aus. Die Zufriedenheit unserer Kunden steht f\u00fcr uns an erster Stelle, da wir in allen Phasen - vom Produktionsprozess bis zur Verpackung - die Qualit\u00e4t auf h\u00f6chstem Niveau halten.<\/p>\n<p><strong>Leicht zu \u00f6ffnende und frisch konservierende Verpackung:<\/strong><br \/>\nUnsere Produkte werden in einer leicht zu \u00f6ffnenden Verpackung geliefert. Ihr stilvolles und praktisches Design sorgt daf\u00fcr, dass das Produkt frisch und lecker bleibt. Indem wir die Sauerstoffmenge in der Verpackung minimieren, sorgen wir daf\u00fcr, dass die Produkte lange frisch und haltbar bleiben.<\/p>\n<p><strong>Qualit\u00e4t und Sicherheit in internationalen Normen:<\/strong><br \/>\nUnser Betrieb ist mit dem BRC-Zertifikat (British Retail Consortium Standard) zertifiziert. Es ist der Beweis daf\u00fcr, dass die Lebensmittelsicherheit und die Qualit\u00e4t der frischen und k\u00f6stlichen Produkte in den Verpackungen von Pasha Kuruyemi\u015f internationalen Standards entsprechen. Unsere moderne Anlage mit der fortschrittlichsten Technologie in Europa befindet sich in Selimpa\u015fa.<\/p>\n<p><strong>Lagerungsbedingungen und Informationen zum Inhalt:<\/strong><br \/>\nHalten Sie das Produkt vor Temperatur und Feuchtigkeit gesch\u00fctzt. Enth\u00e4lt keine Farb- und Konservierungsstoffe. Kann Spuren von Erdn\u00fcssen, Pistazien und Gluten enthalten.<\/p>","protected":false},"excerpt":{"rendered":"<p>Diese einzigartige Mischung enth\u00e4lt einen energief\u00f6rdernden <strong>rohe Mandeln<\/strong>Erobert die Herzen mit seinem cremigen Geschmack <strong>rohe Cashewn\u00fcsse<\/strong> und knusprig <strong>rohe Haselnusskerne<\/strong> ist verf\u00fcgbar. Sorgf\u00e4ltig ausgew\u00e4hlt f\u00fcr diejenigen, die einen nat\u00fcrlichen Geschmack suchen, der ihren Gaumen vers\u00fc\u00dft <strong>Nusssorten<\/strong>ist auch reich an Vitaminen und Mineralien.<\/p>\n<p>Eine s\u00fc\u00dfe Note f\u00fcr unsere Mischung <strong>kernlose Rosinen <\/strong>und mit einem leicht sauren Geschmack <strong>Kranmuttern<\/strong>\u00a0Sie werden ein k\u00f6stliches Nusserlebnis erleben, bei dem Sie f\u00fcr ein s\u00fc\u00df-saures Gleichgewicht sorgen k\u00f6nnen.<\/p>\n<p><strong>Rohe gemischte N\u00fcsse<\/strong>bietet eine gesunde Snack-Alternative, die Sie jederzeit brauchen k\u00f6nnen. Diese praktischen Pakete, die Sie zu Hause, in der Schule, im B\u00fcro oder auf Reisen mit sich f\u00fchren k\u00f6nnen, helfen Ihnen, den N\u00e4hrstoffbedarf Ihres K\u00f6rpers zu decken und gleichzeitig Ihren Hunger zu stillen. Diese leckere Snack-Mischung, die f\u00fcr die Kaffeepause, den Filmgenuss oder den Snack nach dem Sport unentbehrlich ist, ist die einfachste Art, eine leckere Investition in Ihr gesundes Leben zu t\u00e4tigen!<\/p>","protected":false},"featured_media":11600,"comment_status":"open","ping_status":"closed","template":"","meta":[],"product_brand":[],"product_cat":[15],"product_tag":[],"class_list":{"0":"post-11601","1":"product","2":"type-product","3":"status-publish","4":"has-post-thumbnail","6":"product_cat-kuruyemis","8":"first","9":"instock","10":"shipping-taxable","11":"product-type-simple"},"aioseo_notices":[],"_links":{"self":[{"href":"https:\/\/euronut.com.tr\/de\/wp-json\/wp\/v2\/product\/11601","targetHints":{"allow":["GET"]}}],"collection":[{"href":"https:\/\/euronut.com.tr\/de\/wp-json\/wp\/v2\/product"}],"about":[{"href":"https:\/\/euronut.com.tr\/de\/wp-json\/wp\/v2\/types\/product"}],"replies":[{"embeddable":true,"href":"https:\/\/euronut.com.tr\/de\/wp-json\/wp\/v2\/comments?post=11601"}],"wp:featuredmedia":[{"embeddable":true,"href":"https:\/\/euronut.com.tr\/de\/wp-json\/wp\/v2\/media\/11600"}],"wp:attachment":[{"href":"https:\/\/euronut.com.tr\/de\/wp-json\/wp\/v2\/media?parent=11601"}],"wp:term":[{"taxonomy":"product_brand","embeddable":true,"href":"https:\/\/euronut.com.tr\/de\/wp-json\/wp\/v2\/product_brand?post=11601"},{"taxonomy":"product_cat","embeddable":true,"href":"https:\/\/euronut.com.tr\/de\/wp-json\/wp\/v2\/product_cat?post=11601"},{"taxonomy":"product_tag","embeddable":true,"href":"https:\/\/euronut.com.tr\/de\/wp-json\/wp\/v2\/product_tag?post=11601"}],"curies":[{"name":"wp","href":"https:\/\/api.w.org\/{rel}","templated":true}]}}