{"id":11509,"date":"2025-06-10T05:42:46","date_gmt":"2025-06-10T05:42:46","guid":{"rendered":"https:\/\/euronut.com.tr\/?post_type=product&#038;p=11509"},"modified":"2025-06-12T12:50:51","modified_gmt":"2025-06-12T12:50:51","slug":"findik","status":"publish","type":"product","link":"https:\/\/euronut.com.tr\/de\/urunlerimiz\/kuruyemis\/findik\/","title":{"rendered":"Haselnuss"},"content":{"rendered":"<h2>Haseln\u00fcsse: Eine k\u00f6stliche und gesunde Nuss<\/h2>\n<p>Haseln\u00fcsse sind beliebte Trockenfr\u00fcchte mit einzigartigem Aroma und knuspriger Textur. Sie zeichnen sich nicht nur durch ihren Geschmack, sondern auch durch ihre gesundheitlichen Vorteile aus. Die T\u00fcrkei produziert einen erheblichen Teil der weltweiten Haselnussproduktion und nimmt in der t\u00fcrkischen K\u00fcche und Wirtschaft einen besonderen Stellenwert ein.<\/p>\n<h3>Vorteile von Haseln\u00fcssen<\/h3>\n<p>Haseln\u00fcsse bieten dank ihres hohen N\u00e4hrwerts viele Vorteile:<\/p>\n<ul>\n<li><strong>Herzgesundheit:<\/strong>\u00a0Da es reich an einfach unges\u00e4ttigten Fetts\u00e4uren ist, kann es helfen, den schlechten Cholesterinspiegel zu senken und das Risiko eines Herzinfarkts zu verringern.<\/li>\n<li><strong>Quelle von Antioxidantien:<\/strong>\u00a0Es enth\u00e4lt starke Antioxidantien wie Vitamin E und Mangan. Diese Antioxidantien sch\u00fctzen den K\u00f6rper vor den sch\u00e4dlichen Auswirkungen freier Radikale.<\/li>\n<li><strong>Gehirnfunktionen:<\/strong>\u00a0Dank seines Gehalts an B-Vitaminen (insbesondere Fols\u00e4ure) und Magnesium unterst\u00fctzt es die Gesundheit des Gehirns und kann zur Verbesserung der kognitiven Funktionen beitragen.<\/li>\n<li><strong>Verdauungsgesundheit:<\/strong>\u00a0Dank seines hohen Ballaststoffgehalts tr\u00e4gt es zu einer regelm\u00e4\u00dfigen Funktion des Verdauungssystems bei und kann Verstopfung vorbeugen.<\/li>\n<li><strong>Energiequelle:<\/strong>\u00a0Dank der enthaltenen gesunden Fette, Proteine und Kohlenhydrate ist es eine gute Energiequelle.<\/li>\n<\/ul>\n<h3>Wo werden Haseln\u00fcsse verwendet?<\/h3>\n<p>Haseln\u00fcsse haben ein breites Anwendungsspektrum:<\/p>\n<ul>\n<li><strong>Einzelverbrauch:<\/strong>\u00a0Die h\u00e4ufigste Verzehrart ist der direkte Verzehr, entweder roh oder ger\u00f6stet.<\/li>\n<li><strong>Desserts und Kuchen:<\/strong>\u00a0Schokolade ist eine wesentliche Zutat in vielen Desserts wie Kuchen, Keksen, Cupcakes usw. Sie passt besonders gut zu Schokoladenprodukten.<\/li>\n<li><strong>Fr\u00fchst\u00fccksprodukte:<\/strong>\u00a0Es kann zu Fr\u00fchst\u00fccksspeisen wie Granola, M\u00fcsli und Haferflocken hinzugef\u00fcgt werden. Haselnussbutter ist auch eine gesunde Fr\u00fchst\u00fccksalternative.<\/li>\n<li><strong>Salate und Mahlzeiten:<\/strong>\u00a0Es kann verwendet werden, um einigen Salaten oder Hauptgerichten Geschmack und Biss zu verleihen.<\/li>\n<li><strong>Snacks:<\/strong>\u00a0Es kann als gesunder Snack bevorzugt werden, der Energie gibt.<\/li>\n<\/ul>\n<h3>Was Sie beim Verzehr von Haseln\u00fcssen beachten sollten<\/h3>\n<ul>\n<li><strong>Frische:<\/strong>\u00a0Die Frische von Haseln\u00fcssen ist entscheidend f\u00fcr ihren Geschmack und N\u00e4hrwert. Abgestandene Haseln\u00fcsse k\u00f6nnen bitter werden.<\/li>\n<li><strong>Haseln\u00fcsse in der Schale oder im Kern:<\/strong>\u00a0Je nach Kundenwunsch k\u00f6nnen gesch\u00e4lte oder gekernte Haseln\u00fcsse angeboten werden. W\u00e4hrend gesch\u00e4lte Haseln\u00fcsse einfacher zu verwenden sind, bleiben gesch\u00e4lte Haseln\u00fcsse l\u00e4nger frisch.<\/li>\n<li><strong>Gebraten oder roh:<\/strong>\u00a0W\u00e4hrend ger\u00f6stete Haseln\u00fcsse ein intensiveres Aroma bieten, behalten rohe Haseln\u00fcsse mehr von ihrem N\u00e4hrwert.<\/li>\n<li><strong>Verpackung:<\/strong>\u00a0Bevorzugt werden luftdichte, licht- und feuchtigkeitsdichte Verpackungen. So bleiben die Haseln\u00fcsse lange frisch.<\/li>\n<li><strong>Lagerungsbedingungen:<\/strong>\u00a0Haseln\u00fcsse sollten k\u00fchl, trocken und dunkel gelagert werden. Auch die Lagerung im K\u00fchlschrank oder Gefrierschrank tr\u00e4gt dazu bei, dass sie l\u00e4nger frisch bleiben.<\/li>\n<\/ul>\n<h3>Euronaut<\/h3>\n<p>Unsere Produkte zeichnen sich durch ihre Qualit\u00e4t, Frische und ihren Geschmack aus.<\/p>\n<p>Wir legen Wert auf hohe Qualit\u00e4t von der Produktion bis zur Verpackung.<\/p>\n<p>Indem wir die Sauerstoffmenge in der Verpackung minimieren, sorgen wir daf\u00fcr, dass die Produkte frisch bleiben.<\/p>\n<p>Unser Betrieb ist mit dem BRC-Zertifikat (British Relail Consortium Standard) zertifiziert.<\/p>\n<p>Euronut hat bewiesen, dass wir die Lebensmittelsicherheit und die Qualit\u00e4t der frischen und k\u00f6stlichen N\u00fcsse in den Packungen mit getrockneten N\u00fcssen nach internationalen Standards gew\u00e4hrleisten.<\/p>\n<p>Unsere moderne Anlage mit der fortschrittlichsten Technologie in Europa befindet sich in Selimpa\u015fa.<\/p>","protected":false},"excerpt":{"rendered":"<p>Haseln\u00fcsse sind beliebte Trockenfr\u00fcchte mit einzigartigem Aroma und knuspriger Textur. Sie zeichnen sich nicht nur durch ihren Geschmack, sondern auch durch ihre gesundheitlichen Vorteile aus. Die T\u00fcrkei produziert einen erheblichen Teil der weltweiten Haselnussproduktion und nimmt in der t\u00fcrkischen K\u00fcche und Wirtschaft einen besonderen Stellenwert ein.<\/p>\n<h3>Vorteile von Haseln\u00fcssen<\/h3>\n<p>Haseln\u00fcsse bieten dank ihres hohen N\u00e4hrwerts viele Vorteile:<\/p>\n<ul>\n<li><strong>Herzgesundheit:<\/strong>\u00a0Da es reich an einfach unges\u00e4ttigten Fetts\u00e4uren ist, kann es helfen, den schlechten Cholesterinspiegel zu senken und das Risiko eines Herzinfarkts zu verringern.<\/li>\n<li><strong>Quelle von Antioxidantien:<\/strong>\u00a0Es enth\u00e4lt starke Antioxidantien wie Vitamin E und Mangan. Diese Antioxidantien sch\u00fctzen den K\u00f6rper vor den sch\u00e4dlichen Auswirkungen freier Radikale.<\/li>\n<li><strong>Gehirnfunktionen:<\/strong>\u00a0Dank seines Gehalts an B-Vitaminen (insbesondere Fols\u00e4ure) und Magnesium unterst\u00fctzt es die Gesundheit des Gehirns und kann zur Verbesserung der kognitiven Funktionen beitragen.<\/li>\n<li><strong>Verdauungsgesundheit:<\/strong>\u00a0Dank seines hohen Ballaststoffgehalts tr\u00e4gt es zu einer regelm\u00e4\u00dfigen Funktion des Verdauungssystems bei und kann Verstopfung vorbeugen.<\/li>\n<li><strong>Energiequelle:<\/strong>\u00a0Dank der enthaltenen gesunden Fette, Proteine und Kohlenhydrate ist es eine gute Energiequelle.<\/li>\n<\/ul>","protected":false},"featured_media":11628,"comment_status":"open","ping_status":"closed","template":"","meta":[],"product_brand":[],"product_cat":[15],"product_tag":[],"class_list":{"0":"post-11509","1":"product","2":"type-product","3":"status-publish","4":"has-post-thumbnail","6":"product_cat-kuruyemis","8":"first","9":"instock","10":"shipping-taxable","11":"product-type-simple"},"aioseo_notices":[],"_links":{"self":[{"href":"https:\/\/euronut.com.tr\/de\/wp-json\/wp\/v2\/product\/11509","targetHints":{"allow":["GET"]}}],"collection":[{"href":"https:\/\/euronut.com.tr\/de\/wp-json\/wp\/v2\/product"}],"about":[{"href":"https:\/\/euronut.com.tr\/de\/wp-json\/wp\/v2\/types\/product"}],"replies":[{"embeddable":true,"href":"https:\/\/euronut.com.tr\/de\/wp-json\/wp\/v2\/comments?post=11509"}],"wp:featuredmedia":[{"embeddable":true,"href":"https:\/\/euronut.com.tr\/de\/wp-json\/wp\/v2\/media\/11628"}],"wp:attachment":[{"href":"https:\/\/euronut.com.tr\/de\/wp-json\/wp\/v2\/media?parent=11509"}],"wp:term":[{"taxonomy":"product_brand","embeddable":true,"href":"https:\/\/euronut.com.tr\/de\/wp-json\/wp\/v2\/product_brand?post=11509"},{"taxonomy":"product_cat","embeddable":true,"href":"https:\/\/euronut.com.tr\/de\/wp-json\/wp\/v2\/product_cat?post=11509"},{"taxonomy":"product_tag","embeddable":true,"href":"https:\/\/euronut.com.tr\/de\/wp-json\/wp\/v2\/product_tag?post=11509"}],"curies":[{"name":"wp","href":"https:\/\/api.w.org\/{rel}","templated":true}]}}