{"id":11506,"date":"2025-06-10T05:40:26","date_gmt":"2025-06-10T05:40:26","guid":{"rendered":"https:\/\/euronut.com.tr\/?post_type=product&#038;p=11506"},"modified":"2025-06-12T12:54:11","modified_gmt":"2025-06-12T12:54:11","slug":"kaju","status":"publish","type":"product","link":"https:\/\/euronut.com.tr\/de\/urunlerimiz\/kuruyemis\/cashews\/","title":{"rendered":"Cashew"},"content":{"rendered":"<h2>Cashewn\u00fcsse Die N\u00fcsse, bei denen sich tropischer Geschmack und Gesundheit treffen<\/h2>\n<p>Cashew ist eine weltweit beliebte Nuss mit ihrer einzigartigen Nierenform, ihrem leicht s\u00fc\u00dfen und cremigen Geschmack. Diese besondere Nuss, die aus der Frucht des in tropischem Klima wachsenden Cashew-Baums gewonnen wird, zeichnet sich nicht nur durch ihren Geschmack, sondern auch durch die vielen gesundheitlichen Vorteile aus, die sie bietet.<\/p>\n<h3>Vorteile von Cashew<\/h3>\n<p>Cashew bietet dank seines hohen N\u00e4hrstoffgehalts viele gesundheitliche Vorteile:<\/p>\n<ul>\n<li><strong>Herzfreundlich<\/strong>\u00a0Reich an einfach und mehrfach unges\u00e4ttigten Fetts\u00e4uren,\u00a0<strong>zur Senkung des schlechten Cholesterins<\/strong>\u00a0und kann zur Erhaltung der Herzgesundheit beitragen.<\/li>\n<li><strong>Mineralien-Depot:<\/strong>\u00a0<strong>Magnesium, Zink, Eisen, Phosphor und Selen<\/strong>\u00a0Es enth\u00e4lt reichlich wichtige Mineralien wie z. B.. Diese Mineralien sind f\u00fcr viele K\u00f6rperfunktionen unerl\u00e4sslich, von der Knochengesundheit bis zum Immunsystem.<\/li>\n<li><strong>Quelle von Antioxidantien:<\/strong>\u00a0Dank der Proanthocyanidine und anderer Antioxidantien, die er enth\u00e4lt, sch\u00fctzt er die Zellen vor den sch\u00e4dlichen Auswirkungen der freien Radikale,\u00a0<strong>die Entz\u00fcndung verringern<\/strong>\u00a0kann helfen.<\/li>\n<li><strong>Energizer<\/strong>\u00a0Dank seines Gehalts an gesunden Fetten und Proteinen ist er ein guter Energielieferant. Es ist ein idealer Snack, besonders f\u00fcr Sportler und Menschen, die ein aktives Leben f\u00fchren.<\/li>\n<li><strong>Blutzuckerkontrolle:<\/strong>\u00a0Dank seines niedrigen glyk\u00e4mischen Indexes kann er zur Stabilisierung des Blutzuckerspiegels beitragen, was f\u00fcr die Behandlung von Diabetes von Vorteil ist.<\/li>\n<\/ul>\n<h3>Wo wird Cashew verwendet?<\/h3>\n<p>Cashewkerne sind vielseitig verwendbar und verleihen der K\u00fcche einen anderen Geschmack:<\/p>\n<ul>\n<li><strong>Einzelverbrauch:<\/strong>\u00a0Die h\u00e4ufigste Verwendung ist der direkte Verzehr, ger\u00f6stet oder roh. Er kann als gesunder Snack w\u00e4hrend eines Films, bei der Arbeit oder tags\u00fcber bevorzugt werden.<\/li>\n<li><strong>Salate<\/strong>\u00a0Er kann in Salaten verwendet werden und verleiht ihnen Geschmack und Knackigkeit.<\/li>\n<li><strong>Mahlzeiten:<\/strong>\u00a0Vor allem in der asiatischen K\u00fcche wird es h\u00e4ufig zu H\u00fchner- oder Gem\u00fcsegerichten hinzugef\u00fcgt. In der veganen K\u00fcche wird es zur Herstellung von cremigen So\u00dfen und K\u00e4sealternativen verwendet.<\/li>\n<li><strong>Nachspeisen<\/strong>\u00a0Es wird verwendet, um Desserts wie Keksen, Kuchen, Eiscreme und Schokolade Geschmack und Konsistenz zu verleihen. Sie kann Milch ersetzen, insbesondere in veganen Desserts.<\/li>\n<li><strong>Cashew-Paste<\/strong>\u00a0Cashewpaste, eine der gesunden Fr\u00fchst\u00fccksalternativen, kann als Brotaufstrich oder als Zusatz zu Smoothies verzehrt werden.<\/li>\n<\/ul>\n<h3>Dinge, die beim Verkauf von Cashews zu beachten sind<\/h3>\n<p>Beim Verkauf von Cashew-N\u00fcssen sind die Qualit\u00e4t, die Frische und die korrekten Lagerungsbedingungen des Produkts f\u00fcr die Kundenzufriedenheit entscheidend:<\/p>\n<ul>\n<li><strong>Frische und Geschmack:<\/strong>\u00a0Frische Cashews behalten ihre cremige Konsistenz und ihren leicht s\u00fc\u00dfen Geschmack. Abgestandene Cashews k\u00f6nnen bitter oder z\u00e4h werden.<\/li>\n<li><strong>Gebraten oder roh:<\/strong>\u00a0Je nach Vorliebe des Kunden sollten ger\u00f6stete (gesalzene oder ungesalzene) oder rohe Cashews angeboten werden. W\u00e4hrend ger\u00f6stete Cashews einen intensiveren Geschmack bieten, behalten rohe Cashews einen h\u00f6heren N\u00e4hrwert.<\/li>\n<li><strong>Verpackung:<\/strong>\u00a0Cashewn\u00fcsse sollten in einer luftdichten, licht- und feuchtigkeitsgesch\u00fctzten Verpackung gelagert werden. Vakuumverpackungen sind ideal, um die Frische lange zu erhalten.<\/li>\n<li><strong>Lagerungsbedingungen:<\/strong>\u00a0Cashew sollte an einem k\u00fchlen, trockenen und dunklen Ort gelagert werden. Vor direkter Sonneneinstrahlung und Hitze zu sch\u00fctzen, verhindert den Verderb. Die Aufbewahrung im K\u00fchlschrank kann die Haltbarkeit ebenfalls verl\u00e4ngern.<\/li>\n<li><strong>Herkunft:<\/strong>\u00a0Die Kunden m\u00f6chten vielleicht wissen, woher das Produkt stammt. Es ist wichtig, hochwertige Cashewkerne von zuverl\u00e4ssigen Lieferanten zu beziehen.<\/li>\n<\/ul>\n<p>Cashew-N\u00fcsse sind weltweit wegen ihres Geschmacks und ihrer gesundheitlichen Vorteile beliebt. Die Sicherstellung der Kundenzufriedenheit durch das Angebot qualitativ hochwertiger und frischer Cashews ist f\u00fcr einen erfolgreichen Verkauf von grundlegender Bedeutung.<\/p>\n<h3>Euronaut<\/h3>\n<p>Unsere Produkte zeichnen sich durch ihre Qualit\u00e4t, Frische und ihren Geschmack aus.<\/p>\n<p>Wir legen Wert auf hohe Qualit\u00e4t von der Produktion bis zur Verpackung.<\/p>\n<p>Indem wir die Sauerstoffmenge in der Verpackung minimieren, sorgen wir daf\u00fcr, dass die Produkte frisch bleiben.<\/p>\n<p>Unser Betrieb ist mit dem BRC-Zertifikat (British Relail Consortium Standard) zertifiziert.<\/p>\n<p>Euronut hat bewiesen, dass wir die Lebensmittelsicherheit und die Qualit\u00e4t der frischen und k\u00f6stlichen N\u00fcsse in den Packungen mit getrockneten N\u00fcssen nach internationalen Standards gew\u00e4hrleisten.<\/p>\n<p>Unsere moderne Anlage mit der fortschrittlichsten Technologie in Europa befindet sich in Selimpa\u015fa.<\/p>","protected":false},"excerpt":{"rendered":"<p>Cashew ist eine weltweit beliebte Nuss mit ihrer einzigartigen Nierenform, ihrem leicht s\u00fc\u00dfen und cremigen Geschmack. Diese besondere Nuss, die aus der Frucht des in tropischem Klima wachsenden Cashew-Baums gewonnen wird, zeichnet sich nicht nur durch ihren Geschmack, sondern auch durch die vielen gesundheitlichen Vorteile aus, die sie bietet.<\/p>\n<h3>Vorteile von Cashew<\/h3>\n<p>Cashew bietet dank seines hohen N\u00e4hrstoffgehalts viele gesundheitliche Vorteile:<\/p>\n<ul>\n<li><strong>Herzfreundlich<\/strong>\u00a0Reich an einfach und mehrfach unges\u00e4ttigten Fetts\u00e4uren,\u00a0<strong>zur Senkung des schlechten Cholesterins<\/strong>\u00a0und kann zur Erhaltung der Herzgesundheit beitragen.<\/li>\n<li><strong>Mineralien-Depot:<\/strong>\u00a0<strong>Magnesium, Zink, Eisen, Phosphor und Selen<\/strong>\u00a0Es enth\u00e4lt reichlich wichtige Mineralien wie z. B.. Diese Mineralien sind f\u00fcr viele K\u00f6rperfunktionen unerl\u00e4sslich, von der Knochengesundheit bis zum Immunsystem.<\/li>\n<li><strong>Quelle von Antioxidantien:<\/strong>\u00a0Dank der Proanthocyanidine und anderer Antioxidantien, die er enth\u00e4lt, sch\u00fctzt er die Zellen vor den sch\u00e4dlichen Auswirkungen der freien Radikale,\u00a0<strong>die Entz\u00fcndung verringern<\/strong>\u00a0kann helfen.<\/li>\n<li><strong>Energizer<\/strong>\u00a0Dank seines Gehalts an gesunden Fetten und Proteinen ist er ein guter Energielieferant. Es ist ein idealer Snack, besonders f\u00fcr Sportler und Menschen, die ein aktives Leben f\u00fchren.<\/li>\n<li><strong>Blutzuckerkontrolle:<\/strong>\u00a0Dank seines niedrigen glyk\u00e4mischen Indexes kann er zur Stabilisierung des Blutzuckerspiegels beitragen, was f\u00fcr die Behandlung von Diabetes von Vorteil ist.<\/li>\n<\/ul>","protected":false},"featured_media":11630,"comment_status":"open","ping_status":"closed","template":"","meta":[],"product_brand":[],"product_cat":[15],"product_tag":[],"class_list":{"0":"post-11506","1":"product","2":"type-product","3":"status-publish","4":"has-post-thumbnail","6":"product_cat-kuruyemis","8":"first","9":"instock","10":"shipping-taxable","11":"product-type-simple"},"aioseo_notices":[],"_links":{"self":[{"href":"https:\/\/euronut.com.tr\/de\/wp-json\/wp\/v2\/product\/11506","targetHints":{"allow":["GET"]}}],"collection":[{"href":"https:\/\/euronut.com.tr\/de\/wp-json\/wp\/v2\/product"}],"about":[{"href":"https:\/\/euronut.com.tr\/de\/wp-json\/wp\/v2\/types\/product"}],"replies":[{"embeddable":true,"href":"https:\/\/euronut.com.tr\/de\/wp-json\/wp\/v2\/comments?post=11506"}],"wp:featuredmedia":[{"embeddable":true,"href":"https:\/\/euronut.com.tr\/de\/wp-json\/wp\/v2\/media\/11630"}],"wp:attachment":[{"href":"https:\/\/euronut.com.tr\/de\/wp-json\/wp\/v2\/media?parent=11506"}],"wp:term":[{"taxonomy":"product_brand","embeddable":true,"href":"https:\/\/euronut.com.tr\/de\/wp-json\/wp\/v2\/product_brand?post=11506"},{"taxonomy":"product_cat","embeddable":true,"href":"https:\/\/euronut.com.tr\/de\/wp-json\/wp\/v2\/product_cat?post=11506"},{"taxonomy":"product_tag","embeddable":true,"href":"https:\/\/euronut.com.tr\/de\/wp-json\/wp\/v2\/product_tag?post=11506"}],"curies":[{"name":"wp","href":"https:\/\/api.w.org\/{rel}","templated":true}]}}