{"id":3272,"date":"2023-02-27T07:20:32","date_gmt":"2023-02-27T07:20:32","guid":{"rendered":"https:\/\/designingmedia.com\/pawsh\/?page_id=3272"},"modified":"2026-02-23T06:35:58","modified_gmt":"2026-02-23T06:35:58","slug":"kalite-sertifikalarimiz","status":"publish","type":"page","link":"https:\/\/euronut.com.tr\/ar\/\u0634\u0647\u0627\u062f\u0627\u062a-\u0627\u0644\u062c\u0648\u062f\u0629-\u0644\u062f\u064a\u0646\u0627\/","title":{"rendered":"\u0634\u0647\u0627\u062f\u0627\u062a \u0627\u0644\u062c\u0648\u062f\u0629 \u0627\u0644\u062a\u064a \u0646\u0642\u062f\u0645\u0647\u0627"},"content":{"rendered":"<div data-elementor-type=\"wp-page\" data-elementor-id=\"3272\" class=\"elementor elementor-3272\">\n\t\t\t\t<div class=\"elementor-element elementor-element-557fca5 e-flex e-con-boxed e-con e-parent\" data-id=\"557fca5\" data-element_type=\"container\">\n\t\t\t\t\t<div class=\"e-con-inner\">\n\t\t<div class=\"elementor-element elementor-element-d54c11d e-con-full e-flex e-con e-child\" data-id=\"d54c11d\" data-element_type=\"container\">\n\t\t\t\t<div class=\"elementor-element elementor-element-c00ca3f elementor-widget elementor-widget-heading\" data-id=\"c00ca3f\" data-element_type=\"widget\" data-widget_type=\"heading.default\">\n\t\t\t\t<div class=\"elementor-widget-container\">\n\t\t\t\t\t<div class=\"elementor-heading-title elementor-size-default\">EURONUT<\/div>\t\t\t\t<\/div>\n\t\t\t\t<\/div>\n\t\t\t\t<div class=\"elementor-element elementor-element-f1e68fc elementor-widget elementor-widget-heading\" data-id=\"f1e68fc\" data-element_type=\"widget\" data-widget_type=\"heading.default\">\n\t\t\t\t<div class=\"elementor-widget-container\">\n\t\t\t\t\t<h2 class=\"elementor-heading-title elementor-size-default\">\u0634\u0647\u0627\u062f\u0627\u062a \u0627\u0644\u062c\u0648\u062f\u0629 \u0627\u0644\u062a\u064a \u0646\u0642\u062f\u0645\u0647\u0627<\/h2>\t\t\t\t<\/div>\n\t\t\t\t<\/div>\n\t\t\t\t<div class=\"elementor-element elementor-element-e3241c7 elementor-absolute elementor-hidden-laptop elementor-hidden-tablet elementor-hidden-mobile elementor-widget elementor-widget-image\" data-id=\"e3241c7\" data-element_type=\"widget\" data-settings=\"{&quot;_position&quot;:&quot;absolute&quot;}\" data-widget_type=\"image.default\">\n\t\t\t\t<div class=\"elementor-widget-container\">\n\t\t\t\t\t\t\t\t\t\t\t\t\t\t\t<img decoding=\"async\" width=\"167\" height=\"167\" src=\"https:\/\/euronut.com.tr\/wp-content\/uploads\/2023\/02\/Circle-lines-Design-element.png\" class=\"attachment-large size-large wp-image-271\" alt=\"\" srcset=\"https:\/\/euronut.com.tr\/wp-content\/uploads\/2023\/02\/Circle-lines-Design-element.png 167w, https:\/\/euronut.com.tr\/wp-content\/uploads\/2023\/02\/Circle-lines-Design-element-100x100.png 100w, https:\/\/euronut.com.tr\/wp-content\/uploads\/2023\/02\/Circle-lines-Design-element-150x150.png 150w\" sizes=\"(max-width: 167px) 100vw, 167px\" \/>\t\t\t\t\t\t\t\t\t\t\t\t\t\t\t<\/div>\n\t\t\t\t<\/div>\n\t\t<div class=\"elementor-element elementor-element-51c259e e-con-full e-flex e-con e-child\" data-id=\"51c259e\" data-element_type=\"container\" data-settings=\"{&quot;background_background&quot;:&quot;classic&quot;}\">\n\t\t<div class=\"elementor-element elementor-element-2ce270c e-con-full e-flex e-con e-child\" data-id=\"2ce270c\" data-element_type=\"container\">\n\t\t\t\t<div class=\"elementor-element elementor-element-0d721a1 elementor-widget elementor-widget-image\" data-id=\"0d721a1\" data-element_type=\"widget\" data-widget_type=\"image.default\">\n\t\t\t\t<div class=\"elementor-widget-container\">\n\t\t\t\t\t\t\t\t\t\t\t\t\t\t\t<img decoding=\"async\" width=\"150\" height=\"150\" src=\"https:\/\/euronut.com.tr\/wp-content\/uploads\/2025\/04\/iso-9001-300x300-1-150x150.png\" class=\"attachment-thumbnail size-thumbnail wp-image-11092\" alt=\"\" srcset=\"https:\/\/euronut.com.tr\/wp-content\/uploads\/2025\/04\/iso-9001-300x300-1-150x150.png 150w, https:\/\/euronut.com.tr\/wp-content\/uploads\/2025\/04\/iso-9001-300x300-1-100x100.png 100w, https:\/\/euronut.com.tr\/wp-content\/uploads\/2025\/04\/iso-9001-300x300-1.png 300w\" sizes=\"(max-width: 150px) 100vw, 150px\" \/>\t\t\t\t\t\t\t\t\t\t\t\t\t\t\t<\/div>\n\t\t\t\t<\/div>\n\t\t\t\t<\/div>\n\t\t<div class=\"elementor-element elementor-element-7f8a803 e-con-full e-flex e-con e-child\" data-id=\"7f8a803\" data-element_type=\"container\">\n\t\t\t\t<div class=\"elementor-element elementor-element-3895358 elementor-widget elementor-widget-text-editor\" data-id=\"3895358\" data-element_type=\"widget\" data-widget_type=\"text-editor.default\">\n\t\t\t\t<div class=\"elementor-widget-container\">\n\t\t\t\t\t\t\t\t\t<p>\u0627\u064a\u0632\u0648 9001<\/p>\t\t\t\t\t\t\t\t<\/div>\n\t\t\t\t<\/div>\n\t\t\t\t<\/div>\n\t\t<div class=\"elementor-element elementor-element-46233eb e-con-full e-flex e-con e-child\" data-id=\"46233eb\" data-element_type=\"container\">\n\t\t\t\t<div class=\"elementor-element elementor-element-1a05a22 elementor-align-left elementor-tablet-align-center elementor-widget elementor-widget-button\" data-id=\"1a05a22\" data-element_type=\"widget\" data-widget_type=\"button.default\">\n\t\t\t\t<div class=\"elementor-widget-container\">\n\t\t\t\t\t\t\t\t\t<div class=\"elementor-button-wrapper\">\n\t\t\t\t\t<a class=\"elementor-button elementor-button-link elementor-size-sm\" href=\"https:\/\/euronut.com.tr\/wp-content\/uploads\/2025\/04\/Euronut-UAF-Sertifika-9001-R.4.pdf\">\n\t\t\t\t\t\t<span class=\"elementor-button-content-wrapper\">\n\t\t\t\t\t\t\t\t\t<span class=\"elementor-button-text\">\u0645\u0646\u0638\u0631<\/span>\n\t\t\t\t\t<\/span>\n\t\t\t\t\t<\/a>\n\t\t\t\t<\/div>\n\t\t\t\t\t\t\t\t<\/div>\n\t\t\t\t<\/div>\n\t\t\t\t<\/div>\n\t\t\t\t<\/div>\n\t\t<div class=\"elementor-element elementor-element-0478144 e-con-full e-flex e-con e-child\" data-id=\"0478144\" data-element_type=\"container\" data-settings=\"{&quot;background_background&quot;:&quot;classic&quot;}\">\n\t\t<div class=\"elementor-element elementor-element-a251e81 e-con-full e-flex e-con e-child\" data-id=\"a251e81\" data-element_type=\"container\">\n\t\t\t\t<div class=\"elementor-element elementor-element-c2f7dfc elementor-widget elementor-widget-image\" data-id=\"c2f7dfc\" data-element_type=\"widget\" data-widget_type=\"image.default\">\n\t\t\t\t<div class=\"elementor-widget-container\">\n\t\t\t\t\t\t\t\t\t\t\t\t\t\t\t<img decoding=\"async\" width=\"150\" height=\"150\" src=\"https:\/\/euronut.com.tr\/wp-content\/uploads\/2025\/04\/BRCGS-logo-1-300x300-1-150x150.webp\" class=\"attachment-thumbnail size-thumbnail wp-image-11091\" alt=\"\" srcset=\"https:\/\/euronut.com.tr\/wp-content\/uploads\/2025\/04\/BRCGS-logo-1-300x300-1-150x150.webp 150w, https:\/\/euronut.com.tr\/wp-content\/uploads\/2025\/04\/BRCGS-logo-1-300x300-1-100x100.webp 100w, https:\/\/euronut.com.tr\/wp-content\/uploads\/2025\/04\/BRCGS-logo-1-300x300-1.webp 300w\" sizes=\"(max-width: 150px) 100vw, 150px\" \/>\t\t\t\t\t\t\t\t\t\t\t\t\t\t\t<\/div>\n\t\t\t\t<\/div>\n\t\t\t\t<\/div>\n\t\t<div class=\"elementor-element elementor-element-1cb8bae e-con-full e-flex e-con e-child\" data-id=\"1cb8bae\" data-element_type=\"container\">\n\t\t\t\t<div class=\"elementor-element elementor-element-3b5e14b elementor-widget elementor-widget-text-editor\" data-id=\"3b5e14b\" data-element_type=\"widget\" data-widget_type=\"text-editor.default\">\n\t\t\t\t<div class=\"elementor-widget-container\">\n\t\t\t\t\t\t\t\t\t\u0645\u0639\u064a\u0627\u0631 BRCGS \u0627\u0644\u0639\u0627\u0644\u0645\u064a \u0644\u0633\u0644\u0627\u0645\u0629 \u0627\u0644\u0623\u063a\u0630\u064a\u0629\n\t\t\t\t\t\t\t\t<\/div>\n\t\t\t\t<\/div>\n\t\t\t\t<\/div>\n\t\t<div class=\"elementor-element elementor-element-966add5 e-con-full e-flex e-con e-child\" data-id=\"966add5\" data-element_type=\"container\">\n\t\t\t\t<div class=\"elementor-element elementor-element-bc0abdf elementor-align-left elementor-tablet-align-center elementor-widget elementor-widget-button\" data-id=\"bc0abdf\" data-element_type=\"widget\" data-widget_type=\"button.default\">\n\t\t\t\t<div class=\"elementor-widget-container\">\n\t\t\t\t\t\t\t\t\t<div class=\"elementor-button-wrapper\">\n\t\t\t\t\t<a class=\"elementor-button elementor-button-link elementor-size-sm\" href=\"https:\/\/euronut.com.tr\/wp-content\/uploads\/2025\/04\/BRCGS-Food-Certificate-Euronut-Kuruyemis-Ve-Ticaret-AS-2025.pdf\">\n\t\t\t\t\t\t<span class=\"elementor-button-content-wrapper\">\n\t\t\t\t\t\t\t\t\t<span class=\"elementor-button-text\">\u0645\u0646\u0638\u0631<\/span>\n\t\t\t\t\t<\/span>\n\t\t\t\t\t<\/a>\n\t\t\t\t<\/div>\n\t\t\t\t\t\t\t\t<\/div>\n\t\t\t\t<\/div>\n\t\t\t\t<\/div>\n\t\t\t\t<\/div>\n\t\t<div class=\"elementor-element elementor-element-c823e9d e-con-full e-flex e-con e-child\" data-id=\"c823e9d\" data-element_type=\"container\" data-settings=\"{&quot;background_background&quot;:&quot;classic&quot;}\">\n\t\t<div class=\"elementor-element elementor-element-3158097 e-con-full e-flex e-con e-child\" data-id=\"3158097\" data-element_type=\"container\">\n\t\t\t\t<div class=\"elementor-element elementor-element-f5c850e elementor-widget elementor-widget-image\" data-id=\"f5c850e\" data-element_type=\"widget\" data-widget_type=\"image.default\">\n\t\t\t\t<div class=\"elementor-widget-container\">\n\t\t\t\t\t\t\t\t\t\t\t\t\t\t\t<img loading=\"lazy\" decoding=\"async\" width=\"150\" height=\"150\" src=\"https:\/\/euronut.com.tr\/wp-content\/uploads\/2025\/04\/iso-22000-300x300-1-150x150.jpg\" class=\"attachment-thumbnail size-thumbnail wp-image-11090\" alt=\"\" srcset=\"https:\/\/euronut.com.tr\/wp-content\/uploads\/2025\/04\/iso-22000-300x300-1-150x150.jpg 150w, https:\/\/euronut.com.tr\/wp-content\/uploads\/2025\/04\/iso-22000-300x300-1-100x100.jpg 100w, https:\/\/euronut.com.tr\/wp-content\/uploads\/2025\/04\/iso-22000-300x300-1.jpg 300w\" sizes=\"(max-width: 150px) 100vw, 150px\" \/>\t\t\t\t\t\t\t\t\t\t\t\t\t\t\t<\/div>\n\t\t\t\t<\/div>\n\t\t\t\t<\/div>\n\t\t<div class=\"elementor-element elementor-element-f774e4f e-con-full e-flex e-con e-child\" data-id=\"f774e4f\" data-element_type=\"container\">\n\t\t\t\t<div class=\"elementor-element elementor-element-91a65fa elementor-widget elementor-widget-text-editor\" data-id=\"91a65fa\" data-element_type=\"widget\" data-widget_type=\"text-editor.default\">\n\t\t\t\t<div class=\"elementor-widget-container\">\n\t\t\t\t\t\t\t\t\t<p>ISO 22000:2018<\/p>\t\t\t\t\t\t\t\t<\/div>\n\t\t\t\t<\/div>\n\t\t\t\t<\/div>\n\t\t<div class=\"elementor-element elementor-element-0217d53 e-con-full e-flex e-con e-child\" data-id=\"0217d53\" data-element_type=\"container\">\n\t\t\t\t<div class=\"elementor-element elementor-element-a104e80 elementor-align-left elementor-tablet-align-center elementor-widget elementor-widget-button\" data-id=\"a104e80\" data-element_type=\"widget\" data-widget_type=\"button.default\">\n\t\t\t\t<div class=\"elementor-widget-container\">\n\t\t\t\t\t\t\t\t\t<div class=\"elementor-button-wrapper\">\n\t\t\t\t\t<a class=\"elementor-button elementor-button-link elementor-size-sm\" href=\"https:\/\/euronut.com.tr\/wp-content\/uploads\/2025\/04\/Euronut-UAF-Sertifika-22000-R.4.pdf\">\n\t\t\t\t\t\t<span class=\"elementor-button-content-wrapper\">\n\t\t\t\t\t\t\t\t\t<span class=\"elementor-button-text\">\u0645\u0646\u0638\u0631<\/span>\n\t\t\t\t\t<\/span>\n\t\t\t\t\t<\/a>\n\t\t\t\t<\/div>\n\t\t\t\t\t\t\t\t<\/div>\n\t\t\t\t<\/div>\n\t\t\t\t<\/div>\n\t\t\t\t<\/div>\n\t\t\t\t<\/div>\n\t\t\t\t\t<\/div>\n\t\t\t\t<\/div>\n\t\t<div class=\"elementor-element elementor-element-be0c63c e-flex e-con-boxed e-con e-parent\" data-id=\"be0c63c\" data-element_type=\"container\" data-settings=\"{&quot;background_background&quot;:&quot;classic&quot;}\">\n\t\t\t\t\t<div class=\"e-con-inner\">\n\t\t\t\t<div class=\"elementor-element elementor-element-0cb1800 elementor-absolute elementor-hidden-tablet elementor-hidden-mobile elementor-hidden-laptop elementor-widget elementor-widget-image\" data-id=\"0cb1800\" data-element_type=\"widget\" data-settings=\"{&quot;_position&quot;:&quot;absolute&quot;}\" data-widget_type=\"image.default\">\n\t\t\t\t<div class=\"elementor-widget-container\">\n\t\t\t\t\t\t\t\t\t\t\t\t\t\t\t<img loading=\"lazy\" decoding=\"async\" width=\"138\" height=\"333\" src=\"https:\/\/euronut.com.tr\/wp-content\/uploads\/2024\/01\/about_left_shape.png\" class=\"attachment-large size-large wp-image-7916\" alt=\"\" srcset=\"https:\/\/euronut.com.tr\/wp-content\/uploads\/2024\/01\/about_left_shape.png 138w, https:\/\/euronut.com.tr\/wp-content\/uploads\/2024\/01\/about_left_shape-124x300.png 124w\" sizes=\"(max-width: 138px) 100vw, 138px\" \/>\t\t\t\t\t\t\t\t\t\t\t\t\t\t\t<\/div>\n\t\t\t\t<\/div>\n\t\t<div class=\"elementor-element elementor-element-fc9573e e-con-full e-flex e-con e-child\" data-id=\"fc9573e\" data-element_type=\"container\">\n\t\t\t\t<div class=\"elementor-element elementor-element-d9b7924 elementor-widget__width-auto elementor-absolute elementor-hidden-tablet elementor-hidden-laptop elementor-hidden-mobile elementor-widget elementor-widget-image\" data-id=\"d9b7924\" data-element_type=\"widget\" data-settings=\"{&quot;_position&quot;:&quot;absolute&quot;}\" data-widget_type=\"image.default\">\n\t\t\t\t<div class=\"elementor-widget-container\">\n\t\t\t\t\t\t\t\t\t\t\t\t\t\t\t<img loading=\"lazy\" decoding=\"async\" width=\"125\" height=\"112\" src=\"https:\/\/euronut.com.tr\/wp-content\/uploads\/2023\/02\/Sparkle-design-element.png\" class=\"attachment-full size-full wp-image-807\" alt=\"\" \/>\t\t\t\t\t\t\t\t\t\t\t\t\t\t\t<\/div>\n\t\t\t\t<\/div>\n\t\t\t\t<div class=\"elementor-element elementor-element-ceab7d6 elementor-widget elementor-widget-heading\" data-id=\"ceab7d6\" data-element_type=\"widget\" data-widget_type=\"heading.default\">\n\t\t\t\t<div class=\"elementor-widget-container\">\n\t\t\t\t\t<h2 class=\"elementor-heading-title elementor-size-default\">\u0633\u064a\u0627\u0633\u0629 \u0627\u0644\u062c\u0648\u062f\u0629 \u0644\u062f\u064a\u0646\u0627<\/h2>\t\t\t\t<\/div>\n\t\t\t\t<\/div>\n\t\t\t\t<div class=\"elementor-element elementor-element-ca50bf7 elementor-widget elementor-widget-text-editor\" data-id=\"ca50bf7\" data-element_type=\"widget\" data-widget_type=\"text-editor.default\">\n\t\t\t\t<div class=\"elementor-widget-container\">\n\t\t\t\t\t\t\t\t\t<p>\u0625\u0646 \u0627\u0644\u062a\u0632\u0627\u0645\u0646\u0627 \u0628\u0627\u0644\u062a\u0645\u064a\u0632 \u064a\u0624\u0643\u062f\u0647 \u0634\u0647\u0627\u062f\u0627\u062a \u0627\u0644\u062c\u0648\u062f\u0629 \u0627\u0644\u0645\u0639\u062a\u0631\u0641 \u0628\u0647\u0627 \u062f\u0648\u0644\u064a\u0627.<\/p><p>\u0646\u062d\u0646 \u0646\u062d\u0635\u0644 \u0639\u0644\u0649 \u0623\u0641\u0636\u0644 \u0627\u0644\u0645\u0648\u0627\u062f \u0627\u0644\u062e\u0627\u0645 \u0645\u0646 \u0634\u0628\u0643\u0629 \u0639\u0627\u0644\u0645\u064a\u0629 \u0645\u0646 \u0627\u0644\u0645\u0648\u0631\u062f\u064a\u0646 \u0627\u0644\u0645\u0639\u062a\u0645\u062f\u064a\u0646 \u0648\u0646\u0636\u0645\u0646 \u0623\u0646 \u0645\u0646\u062a\u062c\u0627\u062a\u0646\u0627 \u064a\u062a\u0645 \u0627\u0644\u062d\u0635\u0648\u0644 \u0639\u0644\u064a\u0647\u0627 \u0628\u0634\u0643\u0644 \u0622\u0645\u0646 \u0648\u0645\u0633\u062a\u062f\u0627\u0645 \u0648\u0623\u062e\u0644\u0627\u0642\u064a.<\/p><p>\u0639\u0644\u0627\u0642\u0627\u062a\u0646\u0627 \u0627\u0644\u0642\u0648\u064a\u0629 \u0645\u0639 \u0627\u0644\u0645\u0648\u0631\u062f\u064a\u0646 \u062a\u0645\u0643\u0646\u0646\u0627 \u0645\u0646 \u0627\u0644\u062d\u0641\u0627\u0638 \u0639\u0644\u0649 \u0627\u0644\u062c\u0648\u062f\u0629 \u0627\u0644\u062b\u0627\u0628\u062a\u0629 \u0641\u064a \u0639\u0631\u0648\u0636\u0646\u0627.<\/p><p>\u0625\u0646 \u0639\u0645\u0644\u064a\u0627\u062a \u0645\u0631\u0627\u0642\u0628\u0629 \u0627\u0644\u062c\u0648\u062f\u0629 \u0644\u062f\u064a\u0646\u0627 \u0648\u062e\u0637\u0629 \u0623\u062e\u0630 \u0627\u0644\u0639\u064a\u0646\u0627\u062a \u0627\u0644\u062a\u064a \u064a\u062a\u0645 \u062a\u0646\u0641\u064a\u0630\u0647\u0627 \u0628\u0639\u0646\u0627\u064a\u0629 \u062a\u0636\u0645\u0646 \u0633\u0644\u0627\u0645\u0629 \u0648\u062c\u0648\u062f\u0629 \u0645\u0646\u062a\u062c\u0627\u062a\u0646\u0627 \u0627\u0644\u0646\u0647\u0627\u0626\u064a\u0629.<\/p><p>\u064a\u0639\u062a\u0645\u062f \u0627\u0644\u062a\u0642\u064a\u064a\u0645 \u0627\u0644\u0633\u0646\u0648\u064a \u0644\u0623\u0647\u062f\u0627\u0641 \u0627\u0644\u062c\u0648\u062f\u0629 \u0644\u062f\u064a\u0646\u0627 \u0639\u0644\u0649 \u0645\u0624\u0634\u0631\u0627\u062a \u0627\u0644\u0623\u062f\u0627\u0621 \u0627\u0644\u0631\u0626\u064a\u0633\u064a\u0629 \u0627\u0644\u062a\u0627\u0644\u064a\u0629:<\/p><p>- \u0627\u0644\u062a\u0642\u0644\u064a\u0644 \u0645\u0646 \u0627\u0644\u0645\u0646\u062a\u062c\u0627\u062a \u063a\u064a\u0631 \u0627\u0644\u0645\u0637\u0627\u0628\u0642\u0629.<\/p><p>- \u062a\u062d\u0633\u064a\u0646 \u0627\u0644\u0623\u062f\u0627\u0621 \u0646\u064a\u0627\u0628\u0629 \u0639\u0646 \u0627\u0644\u0645\u0648\u0631\u062f\u064a\u0646 \u0644\u062f\u064a\u0646\u0627.<\/p><p>- \u0627\u0644\u062a\u0642\u0644\u064a\u0644 \u0645\u0646 \u0627\u0644\u0634\u0643\u0627\u0648\u0649 \u0627\u0644\u0645\u0642\u062f\u0645\u0629 \u0645\u0646 \u0639\u0645\u0644\u0627\u0626\u0646\u0627.<\/p><hr \/><p>\u00a0<\/p><h3><strong>EURONUT HELAL GIDA POL\u0130T\u0130KASI<\/strong><\/h3><p>Euronut olarak kuruyemi\u015f \u00fcretim faaliyetlerimizde; \u0130slami kurallara uygunluk, hijyen, g\u0131da g\u00fcvenli\u011fi ve t\u00fcketici g\u00fcvenini temel prensip olarak kabul ederiz. Helal \u00fcr\u00fcn \u00fcretimi ve s\u00fcreklili\u011fini sa\u011flamak amac\u0131yla a\u015fa\u011f\u0131daki ilkelere ba\u011fl\u0131 kalmay\u0131 taahh\u00fct ederiz:<\/p><ol><li><strong> Helal Uygunluk Taahh\u00fcd\u00fc<\/strong><\/li><\/ol><ul><li>T\u00fcm hammaddelerin, katk\u0131 maddelerinin ve yard\u0131mc\u0131 proses materyallerinin helal uygunlu\u011fu do\u011frulan\u0131r.<\/li><li>Helal olmayan, \u015f\u00fcpheli veya kayna\u011f\u0131 belirsiz hi\u00e7bir bile\u015fen \u00fcretimde kullan\u0131lmaz.<\/li><li>Tedarik\u00e7iler helal uygunluk kriterlerine g\u00f6re de\u011ferlendirilir ve onaylan\u0131r.<\/li><\/ul><ol start=\"2\"><li><strong> \u00dcretim ve Proses Kontrol\u00fc<\/strong><\/li><\/ol><ul><li>Helal \u00fcr\u00fcnlerin \u00fcretimi s\u0131ras\u0131nda bula\u015fma (kontaminasyon) riskini \u00f6nleyecek proses kontrolleri uygulan\u0131r.<\/li><li>Depolama, ta\u015f\u0131ma ve \u00fcretim hatlar\u0131nda helal b\u00fct\u00fcnl\u00fc\u011f\u00fc korunur.<\/li><li>Temizlik ve sanitasyon i\u015flemleri helal uygun kimyasallar ve y\u00f6ntemlerle ger\u00e7ekle\u015ftirilir.<\/li><\/ul><ol start=\"3\"><li><strong> Hijyen ve G\u0131da G\u00fcvenli\u011fi<\/strong><\/li><\/ol><ul><li>\u00dcretim faaliyetleri ulusal mevzuat, g\u0131da g\u00fcvenli\u011fi standartlar\u0131 ve hijyen kurallar\u0131na uygun y\u00fcr\u00fct\u00fcl\u00fcr.<\/li><li>Personel hijyen kurallar\u0131na uyar ve helal \u00fcretim fark\u0131ndal\u0131\u011f\u0131 konusunda d\u00fczenli e\u011fitim al\u0131r.<\/li><\/ul><ol start=\"4\"><li><strong> \u0130zlenebilirlik ve \u015eeffafl\u0131k<\/strong><\/li><\/ol><ul><li>T\u00fcm \u00fcretim s\u00fcre\u00e7lerinde tam izlenebilirlik sa\u011flan\u0131r.<\/li><li>Helal uygunlukla ilgili kay\u0131tlar d\u00fczenli tutulur ve denetimlere haz\u0131r halde muhafaza edilir.<\/li><li>M\u00fc\u015fteri talepleri ve geri bildirimleri titizlikle de\u011ferlendirilir.<\/li><\/ul><ol start=\"5\"><li><strong> S\u00fcrekli Uygunluk ve \u0130yile\u015ftirme<\/strong><\/li><\/ol><ul><li>Helal gerekliliklere uygunluk d\u00fczenli i\u00e7 denetimler ile do\u011frulan\u0131r.<\/li><li>Uygunsuzluklar i\u00e7in d\u00fczeltici ve \u00f6nleyici faaliyetler uygulan\u0131r.<\/li><li>Helal y\u00f6netim sistemi s\u00fcrekli iyile\u015ftirme yakla\u015f\u0131m\u0131yla geli\u015ftirilir.<\/li><\/ul><ol start=\"6\"><li><strong> Yasal ve Standartlara Uyum<\/strong><\/li><\/ol><ul><li>Faaliyetlerimiz OIC\/SMIIC helal standartlar\u0131, ilgili mevzuat ve akreditasyon gerekliliklerine uygun y\u00fcr\u00fct\u00fcl\u00fcr.<\/li><li>Helal belgelendirme s\u00fcrecinde akredite kurulu\u015flar ve uluslararas\u0131 kabul g\u00f6rm\u00fc\u015f kriterler esas al\u0131n\u0131r.<\/li><\/ul><p><strong>Euronut Y\u00f6netimi<\/strong>, helal g\u0131da \u00fcretiminin g\u00fcvenilirli\u011fini sa\u011flamak ve t\u00fcketicilere g\u00fcven vermek amac\u0131yla bu politikay\u0131 uygulamay\u0131, s\u00fcrd\u00fcrmeyi ve s\u00fcrekli iyile\u015ftirmeyi taahh\u00fct eder.<\/p><p>\u00a0<\/p>\t\t\t\t\t\t\t\t<\/div>\n\t\t\t\t<\/div>\n\t\t\t\t<div class=\"elementor-element elementor-element-9720e7a elementor-widget elementor-widget-heading\" data-id=\"9720e7a\" data-element_type=\"widget\" data-widget_type=\"heading.default\">\n\t\t\t\t<div class=\"elementor-widget-container\">\n\t\t\t\t\t<h2 class=\"elementor-heading-title elementor-size-default\">\u0627\u0644\u062c\u0648\u062f\u0629 \u0648\u0627\u0644\u0646\u0638\u0627\u0641\u0629<\/h2>\t\t\t\t<\/div>\n\t\t\t\t<\/div>\n\t\t\t\t<div class=\"elementor-element elementor-element-77e799c elementor-widget elementor-widget-text-editor\" data-id=\"77e799c\" data-element_type=\"widget\" data-widget_type=\"text-editor.default\">\n\t\t\t\t<div class=\"elementor-widget-container\">\n\t\t\t\t\t\t\t\t\t<p><strong>\u064a\u0646\u0639\u0643\u0633 \u0646\u0647\u062c Euronut \u0627\u0644\u0639\u0644\u0645\u064a \u0641\u064a \u062a\u0642\u0646\u064a\u0629 \u0627\u0644\u062a\u0639\u0628\u0626\u0629 \u0648\u0627\u0644\u062a\u063a\u0644\u064a\u0641 \u0627\u0644\u062e\u0627\u0635\u0629 \u0627\u0644\u062a\u064a \u062a\u0645 \u062a\u0637\u0648\u064a\u0631\u0647\u0627 \u0644\u0644\u062d\u0641\u0627\u0638 \u0639\u0644\u0649 \u0627\u0644\u0646\u0643\u0647\u0629 \u0648\u0627\u0644\u0646\u0636\u0627\u0631\u0629.<\/strong><\/p><p>- \u0639\u0628\u0648\u0627\u062a \u0631\u0642\u0627\u0626\u0642 \u0645\u0639\u062f\u0646\u064a\u0629;<br \/>\u064a\u062a\u0645 \u0627\u062e\u062a\u064a\u0627\u0631 \u0627\u0644\u0645\u0648\u0627\u062f \u0639\u0627\u0644\u064a\u0629 \u0627\u0644\u062c\u0648\u062f\u0629 \u0648\u0641\u0642\u064b\u0627 \u0644\u0644\u0645\u0639\u0627\u064a\u064a\u0631 \u0627\u0644\u062f\u0648\u0644\u064a\u0629\u060c \u0648\u0627\u0644\u062a\u064a \u062a\u0642\u0644\u0644 \u0645\u0646 \u0646\u0641\u0627\u0630\u064a\u0629 \u0627\u0644\u0623\u0643\u0633\u062c\u064a\u0646 \u0625\u0644\u0649 \u0623\u062f\u0646\u0649 \u062d\u062f \u0645\u0645\u0643\u0646\u060c \u0644\u0644\u062a\u063a\u0644\u064a\u0641 \u0648\u064a\u062a\u0645 \u0627\u0633\u062a\u062e\u062f\u0627\u0645 \u062a\u0642\u0646\u064a\u0629 \u0627\u0644\u062a\u063a\u0644\u064a\u0641 \u0628\u0627\u0644\u0646\u064a\u062a\u0631\u0648\u062c\u064a\u0646.<br \/>\u0648\u0628\u0627\u0644\u062a\u0627\u0644\u064a\u060c \u064a\u062a\u0645 \u0645\u0646\u0639 \u0645\u0644\u0627\u0645\u0633\u0629 \u0627\u0644\u0623\u0643\u0633\u062c\u064a\u0646 \u0627\u0644\u0630\u064a \u064a\u062a\u0633\u0628\u0628 \u0641\u064a \u0641\u0642\u062f\u0627\u0646 \u0627\u0644\u0645\u0646\u062a\u062c \u0644\u0637\u0639\u0645\u0647 \u0648\u0631\u0627\u0626\u062d\u062a\u0647 \u0628\u0645\u0631\u0648\u0631 \u0627\u0644\u0648\u0642\u062a.<\/p><p>- \u0639\u0628\u0648\u0627\u062a \u0639\u0644\u0628;<br \/>\u062a\u0645 \u062a\u0635\u0645\u064a\u0645 \u0639\u0628\u0648\u0627\u062a \u0627\u0644\u0639\u0644\u0628 \u0630\u0627\u062a \u0627\u0644\u062d\u0648\u0627\u0641 \u063a\u064a\u0631 \u0627\u0644\u0642\u0627\u0628\u0644\u0629 \u0644\u0644\u0642\u0637\u0639\u060c \u0648\u063a\u0637\u0627\u0621 \u0627\u0644\u0623\u0644\u0648\u0645\u0646\u064a\u0648\u0645 \u0633\u0647\u0644 \u0627\u0644\u0641\u062a\u062d \u0648\u0627\u0644\u063a\u0637\u0627\u0621 \u0627\u0644\u0628\u0644\u0627\u0633\u062a\u064a\u0643\u064a \u0644\u0644\u062d\u0641\u0627\u0638 \u0639\u0644\u0649 \u0646\u0636\u0627\u0631\u0629 \u0627\u0644\u0645\u0643\u0633\u0631\u0627\u062a \u0628\u0639\u062f \u0641\u062a\u062d\u0647\u0627 \u062e\u0635\u064a\u0635\u0627\u064b \u0644\u0645\u0646 \u064a\u0631\u063a\u0628\u0648\u0646 \u0641\u064a \u0627\u0644\u0627\u0633\u062a\u0645\u062a\u0627\u0639 \u0628\u0645\u0643\u0633\u0631\u0627\u062a \u064a\u0648\u0631\u0648\u0646\u0648\u062a \u0644\u0641\u062a\u0631\u0629 \u0637\u0648\u064a\u0644\u0629.<\/p><p>\u0648\u062a\u0645\u062b\u0644 \u0634\u0631\u0643\u062a\u0646\u0627 \u0646\u0641\u0633\u0647\u0627 \u0628\u0646\u062c\u0627\u062d \u0641\u064a \u0627\u0644\u0639\u062f\u064a\u062f \u0645\u0646 \u0627\u0644\u0645\u0639\u0627\u0631\u0636 \u0627\u0644\u0648\u0637\u0646\u064a\u0629 \u0648\u0627\u0644\u062f\u0648\u0644\u064a\u0629 \u0648\u0645\u0646\u0638\u0645\u0627\u062a \u0627\u0644\u062a\u0631\u0648\u064a\u062c (\u0623\u0646\u0648\u062c\u0627\u060c \u0633\u064a\u0627\u0644 \u0648\u063a\u064a\u0631\u0647\u0627) \u0648\u062a\u0637\u0648\u0631 \u0623\u0633\u0648\u0627\u0642\u064b\u0627 \u062c\u062f\u064a\u062f\u0629.<\/p><p>\u0647\u062f\u0641\u0646\u0627 \u0647\u0648 \u0627\u0644\u062a\u062c\u0627\u0631\u0629 \u0627\u0644\u0646\u0632\u064a\u0647\u0629 \u0648\u0631\u0636\u0627 \u0627\u0644\u0639\u0645\u0644\u0627\u0621 \u0627\u0644\u0645\u0633\u062a\u0645\u0631.<\/p><p>\u0628\u0635\u062f\u0642<\/p>\t\t\t\t\t\t\t\t<\/div>\n\t\t\t\t<\/div>\n\t\t\t\t<\/div>\n\t\t\t\t\t<\/div>\n\t\t\t\t<\/div>\n\t\t\t\t<\/div>","protected":false},"excerpt":{"rendered":"<p>EURONUT Kalite Sertifikalar\u0131m\u0131z ISO 9001 G\u00f6r\u00fcnt\u00fcle BRCGS G\u0131da G\u00fcvenli\u011fi K\u00fcresel Standard\u0131 G\u00f6r\u00fcnt\u00fcle ISO 22000:2018 G\u00f6r\u00fcnt\u00fcle Kalite Politikam\u0131z M\u00fckemmelli\u011fe olan ba\u011fl\u0131l\u0131\u011f\u0131m\u0131z uluslararas\u0131 alanda tan\u0131nan kalite sertifikalar\u0131m\u0131zla do\u011frulanmaktad\u0131r. Onayl\u0131 tedarik\u00e7ilerden olu\u015fan k\u00fcresel bir a\u011fdan en iyi ham maddeleri tedarik ediyoruz ve \u00fcr\u00fcnlerimizin g\u00fcvenli, s\u00fcrd\u00fcr\u00fclebilir ve etik bir \u015fekilde elde edilmesini sa\u011fl\u0131yoruz. G\u00fc\u00e7l\u00fc tedarik\u00e7i ili\u015fkilerimiz, tekliflerimizde tutarl\u0131 kaliteyi [&hellip;]<\/p>","protected":false},"author":1,"featured_media":0,"parent":0,"menu_order":0,"comment_status":"closed","ping_status":"closed","template":"elementor_header_footer","meta":{"footnotes":""},"class_list":["post-3272","page","type-page","status-publish","hentry"],"aioseo_notices":[],"_links":{"self":[{"href":"https:\/\/euronut.com.tr\/ar\/wp-json\/wp\/v2\/pages\/3272","targetHints":{"allow":["GET"]}}],"collection":[{"href":"https:\/\/euronut.com.tr\/ar\/wp-json\/wp\/v2\/pages"}],"about":[{"href":"https:\/\/euronut.com.tr\/ar\/wp-json\/wp\/v2\/types\/page"}],"author":[{"embeddable":true,"href":"https:\/\/euronut.com.tr\/ar\/wp-json\/wp\/v2\/users\/1"}],"replies":[{"embeddable":true,"href":"https:\/\/euronut.com.tr\/ar\/wp-json\/wp\/v2\/comments?post=3272"}],"version-history":[{"count":43,"href":"https:\/\/euronut.com.tr\/ar\/wp-json\/wp\/v2\/pages\/3272\/revisions"}],"predecessor-version":[{"id":11873,"href":"https:\/\/euronut.com.tr\/ar\/wp-json\/wp\/v2\/pages\/3272\/revisions\/11873"}],"wp:attachment":[{"href":"https:\/\/euronut.com.tr\/ar\/wp-json\/wp\/v2\/media?parent=3272"}],"curies":[{"name":"wp","href":"https:\/\/api.w.org\/{rel}","templated":true}]}}