{"id":10359,"date":"2024-03-12T06:41:18","date_gmt":"2024-03-12T06:41:18","guid":{"rendered":"https:\/\/designingmedia.com\/pawsh\/?page_id=10359"},"modified":"2025-06-10T08:28:52","modified_gmt":"2025-06-10T08:28:52","slug":"uretim-tesislerimiz","status":"publish","type":"page","link":"https:\/\/euronut.com.tr\/ar\/\u0645\u0631\u0627\u0641\u0642-\u0627\u0644\u0625\u0646\u062a\u0627\u062c\/","title":{"rendered":"\u0645\u0631\u0627\u0641\u0642 \u0627\u0644\u0625\u0646\u062a\u0627\u062c"},"content":{"rendered":"<div data-elementor-type=\"wp-page\" data-elementor-id=\"10359\" class=\"elementor elementor-10359\">\n\t\t\t\t<div class=\"elementor-element elementor-element-a91c504 e-flex e-con-boxed e-con e-parent\" data-id=\"a91c504\" data-element_type=\"container\" data-settings=\"{&quot;background_background&quot;:&quot;classic&quot;}\">\n\t\t\t\t\t<div class=\"e-con-inner\">\n\t\t<div class=\"elementor-element elementor-element-f26601f e-con-full e-flex e-con e-child\" data-id=\"f26601f\" data-element_type=\"container\">\n\t\t<div class=\"elementor-element elementor-element-c885ad3 e-flex e-con-boxed e-con e-child\" data-id=\"c885ad3\" data-element_type=\"container\">\n\t\t\t\t\t<div class=\"e-con-inner\">\n\t\t\t\t<div class=\"elementor-element elementor-element-5e2574c elementor-widget elementor-widget-heading\" data-id=\"5e2574c\" data-element_type=\"widget\" data-widget_type=\"heading.default\">\n\t\t\t\t<div class=\"elementor-widget-container\">\n\t\t\t\t\t<div class=\"elementor-heading-title elementor-size-default\">EURONUT<\/div>\t\t\t\t<\/div>\n\t\t\t\t<\/div>\n\t\t\t\t<div class=\"elementor-element elementor-element-0c39d33 elementor-widget elementor-widget-heading\" data-id=\"0c39d33\" data-element_type=\"widget\" data-widget_type=\"heading.default\">\n\t\t\t\t<div class=\"elementor-widget-container\">\n\t\t\t\t\t<h2 class=\"elementor-heading-title elementor-size-default\">\u0645\u0631\u0627\u0641\u0642 \u0625\u0646\u062a\u0627\u062c \u0627\u0644\u0645\u0643\u0633\u0631\u0627\u062a<\/h2>\t\t\t\t<\/div>\n\t\t\t\t<\/div>\n\t\t\t\t<div class=\"elementor-element elementor-element-46370c2 elementor-widget elementor-widget-text-editor\" data-id=\"46370c2\" data-element_type=\"widget\" data-widget_type=\"text-editor.default\">\n\t\t\t\t<div class=\"elementor-widget-container\">\n\t\t\t\t\t\t\t\t\t<p>\u0645\u0646 \u062e\u0644\u0627\u0644 \u0641\u0631\u064a\u0642 \u0639\u0645\u0644\u0646\u0627 \u0627\u0644\u0645\u062a\u0646\u0627\u0645\u064a \u0628\u0627\u0633\u062a\u0645\u0631\u0627\u0631 \u0648\u0645\u062c\u0645\u0648\u0639\u0629 \u0645\u0646\u062a\u062c\u0627\u062a\u0646\u0627\u060c \u0646\u0639\u0645\u0644 \u0628\u0639\u0646\u0627\u064a\u0629 \u0648\u062d\u0633\u0627\u0633\u064a\u0629 \u0641\u064a \u062c\u0645\u064a\u0639 \u0639\u0645\u0644\u064a\u0627\u062a\u0646\u0627 \u0644\u0646\u0642\u062f\u0645 \u0644\u0643 \u0623\u0634\u0647\u0649 \u0627\u0644\u0645\u0646\u062a\u062c\u0627\u062a \u0641\u064a \u0645\u0646\u0634\u0622\u062a\u0646\u0627 \u0630\u0627\u062a \u0627\u0644\u0628\u0646\u064a\u0629 \u0627\u0644\u062a\u062d\u062a\u064a\u0629 \u0627\u0644\u062a\u0643\u0646\u0648\u0644\u0648\u062c\u064a\u0629 \u0627\u0644\u0639\u0627\u0644\u064a\u0629 \u0639\u0644\u0649 \u0645\u0633\u0627\u062d\u0629 15.000 \u0645\u062a\u0631 \u0645\u0631\u0628\u0639\u060c \u0645\u0639 \u0625\u0639\u0637\u0627\u0621 \u0627\u0644\u0623\u0648\u0644\u0648\u064a\u0629 \u0644\u0633\u0644\u0627\u0645\u0629 \u0627\u0644\u063a\u0630\u0627\u0621\u060c \u0648\u0627\u0644\u0627\u0644\u062a\u0632\u0627\u0645 \u0628\u0627\u0644\u0648\u0639\u064a \u0628\u062d\u0645\u0627\u064a\u0629 \u0627\u0644\u0628\u0646\u064a\u0629 \u0627\u0644\u0637\u0628\u064a\u0639\u064a\u0629 \u0648\u0627\u0644\u0635\u062d\u064a\u0629 \u0644\u0644\u0645\u0643\u0633\u0631\u0627\u062a\u060c \u062f\u0648\u0646 \u0627\u0644\u0645\u0633\u0627\u0633 \u0628\u0648\u062c\u0647\u0629 \u0627\u0644\u0646\u0638\u0631 \u0627\u0644\u0639\u0644\u0645\u064a\u0629.<\/p><p>\u0644\u0637\u0627\u0644\u0645\u0627 \u062f\u0641\u0639\u062a\u0646\u0627 \u0627\u0633\u062a\u062b\u0645\u0627\u0631\u0627\u062a\u0646\u0627 \u0627\u0644\u0643\u0628\u064a\u0631\u0629 \u0641\u064a \u0627\u0644\u0627\u0628\u062a\u0643\u0627\u0631 \u0648\u0627\u0644\u0625\u0646\u062a\u0627\u062c \u0648\u0627\u0644\u0646\u0645\u0648 \u0627\u0644\u0648\u0637\u0646\u064a \u0648\u0627\u0644\u062f\u0648\u0644\u064a \u062e\u0637\u0648\u0629 \u0625\u0644\u0649 \u0627\u0644\u0623\u0645\u0627\u0645 \u0641\u064a \u0642\u0637\u0627\u0639 \u0627\u0644\u0645\u0643\u0633\u0631\u0627\u062a \u0627\u0644\u0645\u062c\u0641\u0641\u0629. \u0646\u062d\u0646 \u0646\u0648\u0627\u0635\u0644 \u0627\u0644\u0639\u0645\u0644 \u0628\u0634\u0639\u0648\u0631 \u0628\u0627\u0644\u0645\u0633\u0624\u0648\u0644\u064a\u0629 \u0627\u0644\u062a\u064a \u062a\u0645\u0646\u062d\u0646\u0627 \u0625\u064a\u0627\u0647\u0627 \u0627\u0644\u0646\u0642\u0637\u0629 \u0627\u0644\u062a\u064a \u0648\u0635\u0644\u0646\u0627 \u0625\u0644\u064a\u0647\u0627\u060c \u0648\u0647\u062f\u0641\u0646\u0627 \u0627\u0644\u0623\u0647\u0645 \u0647\u0648 \u0625\u0641\u0627\u062f\u0629 \u0642\u0637\u0627\u0639\u0646\u0627 \u0648\u0628\u0644\u062f\u0646\u0627.<\/p><p>\u064a\u0642\u0639 \u0645\u0646\u0634\u0623\u062a\u0646\u0627 \u0639\u0644\u0649 \u0628\u0639\u062f 50 \u0643\u0645 \u0645\u0646 \u0645\u0637\u0627\u0631 \u0625\u0633\u0637\u0646\u0628\u0648\u0644 \u0648\u0639\u0644\u0649 \u0628\u0639\u062f 10 \u0643\u0645 \u0645\u0646 \u0627\u0644\u0637\u0631\u064a\u0642 \u0627\u0644\u0633\u0631\u064a\u0639 \u0627\u0644\u0623\u0648\u0631\u0648\u0628\u064a.<\/p><p>\u0645\u0645\u064a\u0632\u0627\u062a \u0627\u0644\u0645\u0628\u0646\u0649: \u0645\u0633\u0627\u062d\u0629 \u0645\u063a\u0644\u0642\u0629 8000 \u0645\u062a\u0631 \u0645\u0631\u0628\u0639\u060c \u0645\u0633\u0627\u062d\u0629 \u0645\u0641\u062a\u0648\u062d\u0629 15438 \u0645\u062a\u0631 \u0645\u0631\u0628\u0639<\/p><p>\u0641\u064a \u064a\u0648\u0631\u0648\u0646\u062a\u060c \u0646\u0645\u0632\u062c \u0628\u064a\u0646 \u0627\u0644\u062a\u0642\u0627\u0644\u064a\u062f \u0627\u0644\u0639\u0631\u064a\u0642\u0629 \u0648\u0623\u062d\u062f\u062b \u0645\u0645\u0627\u0631\u0633\u0627\u062a \u0627\u0644\u062a\u062c\u0627\u0631\u0629 \u0627\u0644\u062f\u0648\u0644\u064a\u0629\u060c \u0648\u0646\u064f\u062d\u062f\u0651\u062b \u062a\u0634\u0643\u064a\u0644\u0629 \u0645\u0646\u062a\u062c\u0627\u062a\u0646\u0627 \u0628\u0627\u0633\u062a\u0645\u0631\u0627\u0631\u060c \u0648\u0646\u0633\u062a\u062b\u0645\u0631 \u0641\u064a \u062a\u0642\u0646\u064a\u0627\u062a \u0627\u0644\u0645\u0639\u0627\u0644\u062c\u0629 \u0648\u0627\u0644\u062a\u063a\u0644\u064a\u0641 \u0627\u0644\u0645\u062a\u0642\u062f\u0645\u0629. \u062e\u0628\u0631\u062a\u0646\u0627 \u0641\u064a \u0647\u0630\u0627 \u0627\u0644\u0645\u062c\u0627\u0644\u060c \u0648\u062a\u0631\u0643\u064a\u0632\u0646\u0627 \u0639\u0644\u0649 \u0627\u0644\u062c\u0648\u062f\u0629\u060c \u0648\u0623\u0633\u0639\u0627\u0631\u0646\u0627 \u0627\u0644\u062a\u0646\u0627\u0641\u0633\u064a\u0629\u060c \u0648\u0642\u064a\u0645\u0646\u0627 \u0627\u0644\u0623\u0633\u0627\u0633\u064a\u0629\u060c \u062a\u062c\u0639\u0644\u0646\u0627 \u0634\u0631\u064a\u0643\u064b\u0627 \u0639\u0627\u0644\u0645\u064a\u064b\u0627 \u0645\u0648\u062b\u0648\u0642\u064b\u0627.<\/p><p>\u0646\u0633\u0639\u0649 \u062c\u0627\u0647\u062f\u064a\u0646 \u0644\u0646\u0643\u0648\u0646 \u0627\u0644\u0634\u0631\u064a\u0643 \u0627\u0644\u0645\u0641\u0636\u0644 \u0641\u064a \u0642\u0637\u0627\u0639 \u0627\u0644\u0645\u0643\u0633\u0631\u0627\u062a\u060c \u0648\u0646\u062a\u0639\u0627\u0648\u0646 \u0645\u0639 \u0634\u0631\u0643\u0627\u0621 \u064a\u0634\u0627\u0631\u0643\u0648\u0646\u0646\u0627 \u0642\u064a\u0645\u0646\u0627 \u0627\u0644\u0645\u062a\u0645\u062b\u0644\u0629 \u0641\u064a \u0627\u0644\u062c\u0648\u062f\u0629 \u0648\u0627\u0644\u0627\u0628\u062a\u0643\u0627\u0631 \u0648\u0627\u0644\u0639\u0645\u0644\u064a\u0627\u062a \u0630\u0627\u062a \u0627\u0644\u0642\u064a\u0645\u0629 \u0627\u0644\u0645\u0636\u0627\u0641\u0629 \u0648\u0627\u0644\u0634\u0631\u0627\u0643\u0627\u062a \u0627\u0644\u0645\u0633\u062a\u062f\u0627\u0645\u0629. \u0648\u064a\u0639\u0643\u0633 \u0627\u0644\u062a\u0631\u0643\u064a\u0632 \u0627\u0644\u0645\u062a\u0632\u0627\u064a\u062f \u0639\u0644\u0649 \u0627\u0644\u0635\u062d\u0629 \u0648\u0627\u0644\u0639\u0627\u0641\u064a\u0629 \u062a\u063a\u064a\u0631 \u0623\u0648\u0644\u0648\u064a\u0627\u062a \u0627\u0644\u0639\u0645\u0644\u0627\u0621.<\/p>\t\t\t\t\t\t\t\t<\/div>\n\t\t\t\t<\/div>\n\t\t\t\t\t<\/div>\n\t\t\t\t<\/div>\n\t\t<div class=\"elementor-element elementor-element-705f9d8 e-con-full e-flex e-con e-child\" data-id=\"705f9d8\" data-element_type=\"container\">\n\t\t\t\t<div class=\"elementor-element elementor-element-49bda18 elementor-absolute elementor-hidden-laptop elementor-hidden-tablet elementor-hidden-mobile elementor-widget elementor-widget-image\" data-id=\"49bda18\" data-element_type=\"widget\" data-settings=\"{&quot;_position&quot;:&quot;absolute&quot;}\" data-widget_type=\"image.default\">\n\t\t\t\t<div class=\"elementor-widget-container\">\n\t\t\t\t\t\t\t\t\t\t\t\t\t\t\t<img decoding=\"async\" width=\"167\" height=\"167\" src=\"https:\/\/euronut.com.tr\/wp-content\/uploads\/2023\/02\/Circle-lines-Design-element.png\" class=\"attachment-large size-large wp-image-271\" alt=\"\" srcset=\"https:\/\/euronut.com.tr\/wp-content\/uploads\/2023\/02\/Circle-lines-Design-element.png 167w, https:\/\/euronut.com.tr\/wp-content\/uploads\/2023\/02\/Circle-lines-Design-element-100x100.png 100w, https:\/\/euronut.com.tr\/wp-content\/uploads\/2023\/02\/Circle-lines-Design-element-150x150.png 150w\" sizes=\"(max-width: 167px) 100vw, 167px\" \/>\t\t\t\t\t\t\t\t\t\t\t\t\t\t\t<\/div>\n\t\t\t\t<\/div>\n\t\t\t\t<div class=\"elementor-element elementor-element-e5489fb elementor-widget elementor-widget-image\" data-id=\"e5489fb\" data-element_type=\"widget\" data-widget_type=\"image.default\">\n\t\t\t\t<div class=\"elementor-widget-container\">\n\t\t\t\t\t\t\t\t\t\t\t\t\t\t\t<img fetchpriority=\"high\" decoding=\"async\" width=\"600\" height=\"600\" src=\"https:\/\/euronut.com.tr\/wp-content\/uploads\/2025\/04\/euronut-uretim.jpg\" class=\"attachment-full size-full wp-image-11131\" alt=\"\" srcset=\"https:\/\/euronut.com.tr\/wp-content\/uploads\/2025\/04\/euronut-uretim.jpg 600w, https:\/\/euronut.com.tr\/wp-content\/uploads\/2025\/04\/euronut-uretim-350x350.jpg 350w, https:\/\/euronut.com.tr\/wp-content\/uploads\/2025\/04\/euronut-uretim-100x100.jpg 100w, https:\/\/euronut.com.tr\/wp-content\/uploads\/2025\/04\/euronut-uretim-594x594.jpg 594w, https:\/\/euronut.com.tr\/wp-content\/uploads\/2025\/04\/euronut-uretim-300x300.jpg 300w, https:\/\/euronut.com.tr\/wp-content\/uploads\/2025\/04\/euronut-uretim-150x150.jpg 150w\" sizes=\"(max-width: 600px) 100vw, 600px\" \/>\t\t\t\t\t\t\t\t\t\t\t\t\t\t\t<\/div>\n\t\t\t\t<\/div>\n\t\t\t\t<div class=\"elementor-element elementor-element-b861b90 elementor-widget elementor-widget-image\" data-id=\"b861b90\" data-element_type=\"widget\" data-widget_type=\"image.default\">\n\t\t\t\t<div class=\"elementor-widget-container\">\n\t\t\t\t\t\t\t\t\t\t\t\t\t\t\t<img decoding=\"async\" width=\"600\" height=\"600\" src=\"https:\/\/euronut.com.tr\/wp-content\/uploads\/2025\/04\/euronut-fabrika2.jpg\" class=\"attachment-full size-full wp-image-11142\" alt=\"\" srcset=\"https:\/\/euronut.com.tr\/wp-content\/uploads\/2025\/04\/euronut-fabrika2.jpg 600w, https:\/\/euronut.com.tr\/wp-content\/uploads\/2025\/04\/euronut-fabrika2-350x350.jpg 350w, https:\/\/euronut.com.tr\/wp-content\/uploads\/2025\/04\/euronut-fabrika2-100x100.jpg 100w, https:\/\/euronut.com.tr\/wp-content\/uploads\/2025\/04\/euronut-fabrika2-594x594.jpg 594w, https:\/\/euronut.com.tr\/wp-content\/uploads\/2025\/04\/euronut-fabrika2-300x300.jpg 300w, https:\/\/euronut.com.tr\/wp-content\/uploads\/2025\/04\/euronut-fabrika2-150x150.jpg 150w\" sizes=\"(max-width: 600px) 100vw, 600px\" \/>\t\t\t\t\t\t\t\t\t\t\t\t\t\t\t<\/div>\n\t\t\t\t<\/div>\n\t\t\t\t<\/div>\n\t\t\t\t<\/div>\n\t\t<div class=\"elementor-element elementor-element-997d15f e-con-full e-flex e-con e-child\" data-id=\"997d15f\" data-element_type=\"container\">\n\t\t<div class=\"elementor-element elementor-element-f073c60 e-flex e-con-boxed e-con e-child\" data-id=\"f073c60\" data-element_type=\"container\">\n\t\t\t\t\t<div class=\"e-con-inner\">\n\t\t\t\t<div class=\"elementor-element elementor-element-844593e elementor-widget elementor-widget-heading\" data-id=\"844593e\" data-element_type=\"widget\" data-widget_type=\"heading.default\">\n\t\t\t\t<div class=\"elementor-widget-container\">\n\t\t\t\t\t<div class=\"elementor-heading-title elementor-size-default\">EURONUT<\/div>\t\t\t\t<\/div>\n\t\t\t\t<\/div>\n\t\t\t\t<div class=\"elementor-element elementor-element-96a0c1a elementor-widget elementor-widget-heading\" data-id=\"96a0c1a\" data-element_type=\"widget\" data-widget_type=\"heading.default\">\n\t\t\t\t<div class=\"elementor-widget-container\">\n\t\t\t\t\t<h2 class=\"elementor-heading-title elementor-size-default\">\u062a\u0642\u064a\u064a\u0645 \u0627\u0644\u0623\u062f\u0627\u0621 \u0627\u0644\u062c\u064a\u062f<\/h2>\t\t\t\t<\/div>\n\t\t\t\t<\/div>\n\t\t\t\t<div class=\"elementor-element elementor-element-057789f elementor-widget elementor-widget-text-editor\" data-id=\"057789f\" data-element_type=\"widget\" data-widget_type=\"text-editor.default\">\n\t\t\t\t<div class=\"elementor-widget-container\">\n\t\t\t\t\t\t\t\t\t<p>\u0641\u064a \u064a\u0648\u0631\u0648\u0646\u062a\u060c \u0627\u0644\u062c\u0648\u062f\u0629 \u0647\u064a \u0648\u0639\u062f\u0646\u0627 \u0648\u0641\u062e\u0631\u0646\u0627. \u0646\u0644\u062a\u0632\u0645 \u0628\u062a\u0642\u062f\u064a\u0645 \u0645\u0646\u062a\u062c\u0627\u062a \u062a\u0644\u0628\u064a \u0623\u0639\u0644\u0649 \u0627\u0644\u0645\u0639\u0627\u064a\u064a\u0631 \u0627\u0644\u062f\u0648\u0644\u064a\u0629\u060c \u0628\u0645\u0627 \u0641\u064a \u0630\u0644\u0643 BRCGS \u0648FSSC 22000 \u0648ISO 22000:2018.<\/p><p>\u064a\u0636\u0645\u0646 \u0641\u0631\u064a\u0642\u0646\u0627 \u0627\u0644\u0645\u062a\u062e\u0635\u0635 \u0641\u064a \u0645\u0631\u0627\u0642\u0628\u0629 \u0627\u0644\u062c\u0648\u062f\u0629 \u0633\u0644\u0627\u0645\u0629 \u0648\u062c\u0648\u062f\u0629 \u0648\u0623\u0635\u0627\u0644\u0629 \u0643\u0644 \u0645\u0646\u062a\u062c \u0646\u0647\u0627\u0626\u064a. \u0646\u0633\u062a\u062e\u062f\u0645 \u0623\u062d\u062f\u062b \u0627\u0644\u062a\u0642\u0646\u064a\u0627\u062a \u0644\u0625\u062c\u0631\u0627\u0621 \u0639\u0645\u0644\u064a\u0627\u062a \u0645\u0631\u0627\u0642\u0628\u0629 \u062c\u0648\u062f\u0629 \u0635\u0627\u0631\u0645\u0629\u060c \u0648\u0646\u0633\u062a\u062b\u0645\u0631 \u0628\u0627\u0633\u062a\u0645\u0631\u0627\u0631 \u0641\u064a \u0627\u0644\u0627\u0628\u062a\u0643\u0627\u0631 \u0644\u0646\u062a\u062c\u0627\u0648\u0632 \u062a\u0648\u0642\u0639\u0627\u062a \u0639\u0645\u0644\u0627\u0626\u0646\u0627.<\/p><p>- \u0639\u0645\u0644\u064a\u0627\u062a \u062c\u0648\u062f\u0629 \u0633\u0644\u0627\u0645\u0629 \u0627\u0644\u0623\u063a\u0630\u064a\u0629<br \/>- \u062a\u0642\u064a\u064a\u0645 \u0623\u062f\u0627\u0621 \u062c\u0648\u062f\u0629 \u064a\u0648\u0631\u0648\u0646\u062a<br \/>- \u062a\u0642\u064a\u064a\u0645 \u062c\u0648\u062f\u0629 \u0627\u0644\u0623\u062f\u0627\u0621<\/p><p>\u0646\u062d\u0646 \u0646\u062d\u0635\u0644 \u0639\u0644\u0649 \u0623\u0641\u0636\u0644 \u0627\u0644\u0645\u0648\u0627\u062f \u0627\u0644\u062e\u0627\u0645 \u0645\u0646 \u0634\u0628\u0643\u0629 \u0639\u0627\u0644\u0645\u064a\u0629 \u0645\u0646 \u0627\u0644\u0645\u0648\u0631\u062f\u064a\u0646 \u0627\u0644\u0645\u0639\u062a\u0645\u062f\u064a\u0646\u060c \u0645\u0645\u0627 \u064a\u0636\u0645\u0646 \u0623\u0646 \u0645\u0646\u062a\u062c\u0627\u062a\u0646\u0627 \u064a\u062a\u0645 \u0627\u0644\u062d\u0635\u0648\u0644 \u0639\u0644\u064a\u0647\u0627 \u0628\u0634\u0643\u0644 \u0622\u0645\u0646 \u0648\u0645\u0633\u062a\u062f\u0627\u0645 \u0648\u0623\u062e\u0644\u0627\u0642\u064a.<\/p><p>\u0639\u0644\u0627\u0642\u0627\u062a\u0646\u0627 \u0627\u0644\u0642\u0648\u064a\u0629 \u0645\u0639 \u0627\u0644\u0645\u0648\u0631\u062f\u064a\u0646 \u062a\u064f\u0645\u0643\u0651\u0646\u0646\u0627 \u0645\u0646 \u0627\u0644\u062d\u0641\u0627\u0638 \u0639\u0644\u0649 \u062c\u0648\u062f\u0629 \u062b\u0627\u0628\u062a\u0629 \u0641\u064a \u0639\u0631\u0648\u0636\u0646\u0627. \u062a\u0636\u0645\u0646 \u0639\u0645\u0644\u064a\u0627\u062a \u0645\u0631\u0627\u0642\u0628\u0629 \u0627\u0644\u062c\u0648\u062f\u0629 \u0644\u062f\u064a\u0646\u0627 \u0648\u062e\u0637\u0629 \u0623\u062e\u0630 \u0627\u0644\u0639\u064a\u0646\u0627\u062a \u0627\u0644\u0645\u064f\u0637\u0628\u0642\u0629 \u0628\u0639\u0646\u0627\u064a\u0629 \u0633\u0644\u0627\u0645\u0629 \u0648\u062c\u0648\u062f\u0629 \u0645\u0646\u062a\u062c\u0627\u062a\u0646\u0627 \u0627\u0644\u0646\u0647\u0627\u0626\u064a\u0629.<\/p><p>\u064a\u0639\u062a\u0645\u062f \u0627\u0644\u062a\u0642\u064a\u064a\u0645 \u0627\u0644\u0633\u0646\u0648\u064a \u0644\u0623\u0647\u062f\u0627\u0641 \u0627\u0644\u062c\u0648\u062f\u0629 \u0644\u062f\u064a\u0646\u0627 \u0639\u0644\u0649 \u0645\u0624\u0634\u0631\u0627\u062a \u0627\u0644\u0623\u062f\u0627\u0621 \u0627\u0644\u0631\u0626\u064a\u0633\u064a\u0629 \u0627\u0644\u062a\u0627\u0644\u064a\u0629:<\/p><p>\u062a\u0642\u0644\u064a\u0644 \u0627\u0644\u0645\u0646\u062a\u062c\u0627\u062a \u063a\u064a\u0631 \u0627\u0644\u0645\u0637\u0627\u0628\u0642\u0629.<br \/>\u062a\u062d\u0633\u064a\u0646 \u0627\u0644\u0623\u062f\u0627\u0621 \u0644\u0635\u0627\u0644\u062d \u0627\u0644\u0645\u0648\u0631\u062f\u064a\u0646 \u0644\u062f\u064a\u0646\u0627.<br \/>\u062a\u0642\u0644\u064a\u0644 \u0627\u0644\u0634\u0643\u0627\u0648\u0649 \u0627\u0644\u0645\u0642\u062f\u0645\u0629 \u0645\u0646 \u0639\u0645\u0644\u0627\u0626\u0646\u0627.<\/p>\t\t\t\t\t\t\t\t<\/div>\n\t\t\t\t<\/div>\n\t\t\t\t\t<\/div>\n\t\t\t\t<\/div>\n\t\t<div class=\"elementor-element elementor-element-a3c942f e-con-full e-flex e-con e-child\" data-id=\"a3c942f\" data-element_type=\"container\">\n\t\t\t\t<div class=\"elementor-element elementor-element-9df4e10 elementor-absolute elementor-hidden-laptop elementor-hidden-tablet elementor-hidden-mobile elementor-widget elementor-widget-image\" data-id=\"9df4e10\" data-element_type=\"widget\" data-settings=\"{&quot;_position&quot;:&quot;absolute&quot;}\" data-widget_type=\"image.default\">\n\t\t\t\t<div class=\"elementor-widget-container\">\n\t\t\t\t\t\t\t\t\t\t\t\t\t\t\t<img decoding=\"async\" width=\"167\" height=\"167\" src=\"https:\/\/euronut.com.tr\/wp-content\/uploads\/2023\/02\/Circle-lines-Design-element.png\" class=\"attachment-large size-large wp-image-271\" alt=\"\" srcset=\"https:\/\/euronut.com.tr\/wp-content\/uploads\/2023\/02\/Circle-lines-Design-element.png 167w, https:\/\/euronut.com.tr\/wp-content\/uploads\/2023\/02\/Circle-lines-Design-element-100x100.png 100w, https:\/\/euronut.com.tr\/wp-content\/uploads\/2023\/02\/Circle-lines-Design-element-150x150.png 150w\" sizes=\"(max-width: 167px) 100vw, 167px\" \/>\t\t\t\t\t\t\t\t\t\t\t\t\t\t\t<\/div>\n\t\t\t\t<\/div>\n\t\t\t\t<div class=\"elementor-element elementor-element-7e21a96 elementor-widget elementor-widget-image\" data-id=\"7e21a96\" data-element_type=\"widget\" data-widget_type=\"image.default\">\n\t\t\t\t<div class=\"elementor-widget-container\">\n\t\t\t\t\t\t\t\t\t\t\t\t\t\t\t<img loading=\"lazy\" decoding=\"async\" width=\"600\" height=\"600\" src=\"https:\/\/euronut.com.tr\/wp-content\/uploads\/2025\/04\/euronut-labaratuvar.jpg\" class=\"attachment-full size-full wp-image-11130\" alt=\"\" srcset=\"https:\/\/euronut.com.tr\/wp-content\/uploads\/2025\/04\/euronut-labaratuvar.jpg 600w, https:\/\/euronut.com.tr\/wp-content\/uploads\/2025\/04\/euronut-labaratuvar-350x350.jpg 350w, https:\/\/euronut.com.tr\/wp-content\/uploads\/2025\/04\/euronut-labaratuvar-100x100.jpg 100w, https:\/\/euronut.com.tr\/wp-content\/uploads\/2025\/04\/euronut-labaratuvar-594x594.jpg 594w, https:\/\/euronut.com.tr\/wp-content\/uploads\/2025\/04\/euronut-labaratuvar-300x300.jpg 300w, https:\/\/euronut.com.tr\/wp-content\/uploads\/2025\/04\/euronut-labaratuvar-150x150.jpg 150w\" sizes=\"(max-width: 600px) 100vw, 600px\" \/>\t\t\t\t\t\t\t\t\t\t\t\t\t\t\t<\/div>\n\t\t\t\t<\/div>\n\t\t\t\t<div class=\"elementor-element elementor-element-59d3851 elementor-widget elementor-widget-image\" data-id=\"59d3851\" data-element_type=\"widget\" data-widget_type=\"image.default\">\n\t\t\t\t<div class=\"elementor-widget-container\">\n\t\t\t\t\t\t\t\t\t\t\t\t\t\t\t<img loading=\"lazy\" decoding=\"async\" width=\"600\" height=\"600\" src=\"https:\/\/euronut.com.tr\/wp-content\/uploads\/2025\/04\/euronut-fabrika-3.jpg\" class=\"attachment-full size-full wp-image-11141\" alt=\"\" srcset=\"https:\/\/euronut.com.tr\/wp-content\/uploads\/2025\/04\/euronut-fabrika-3.jpg 600w, https:\/\/euronut.com.tr\/wp-content\/uploads\/2025\/04\/euronut-fabrika-3-350x350.jpg 350w, https:\/\/euronut.com.tr\/wp-content\/uploads\/2025\/04\/euronut-fabrika-3-100x100.jpg 100w, https:\/\/euronut.com.tr\/wp-content\/uploads\/2025\/04\/euronut-fabrika-3-594x594.jpg 594w, https:\/\/euronut.com.tr\/wp-content\/uploads\/2025\/04\/euronut-fabrika-3-300x300.jpg 300w, https:\/\/euronut.com.tr\/wp-content\/uploads\/2025\/04\/euronut-fabrika-3-150x150.jpg 150w\" sizes=\"(max-width: 600px) 100vw, 600px\" \/>\t\t\t\t\t\t\t\t\t\t\t\t\t\t\t<\/div>\n\t\t\t\t<\/div>\n\t\t\t\t<\/div>\n\t\t\t\t<\/div>\n\t\t\t\t\t<\/div>\n\t\t\t\t<\/div>\n\t\t\t\t<\/div>","protected":false},"excerpt":{"rendered":"<p>EURONUT Kuruyemi\u015f \u00dcretim Tesisleri Her g\u00fcn b\u00fcy\u00fcyen ekibimiz ve \u00fcr\u00fcn gam\u0131m\u0131zla, 15.000 metrekarelik alanda, y\u00fcksek teknolojik alt yap\u0131ya sahip tesislerimizde, g\u0131da g\u00fcvenli\u011fini \u00f6n planda tutan, kuruyemi\u015fin do\u011fal, sa\u011fl\u0131kl\u0131 yap\u0131s\u0131n\u0131 koruma bilincine ba\u011fl\u0131 kalarak, bilimsel bak\u0131\u015f a\u00e7\u0131s\u0131ndan \u00f6d\u00fcn vermeden, en lezzetli \u00fcr\u00fcnlerle sizi bulu\u015fturmak i\u00e7in, t\u00fcm s\u00fcre\u00e7lerimizde \u00f6zen ve hassasiyetle \u00e7al\u0131\u015f\u0131yoruz. \u0130novasyona, \u00fcretime, ulusal ve uluslararas\u0131 [&hellip;]<\/p>","protected":false},"author":1,"featured_media":0,"parent":0,"menu_order":0,"comment_status":"closed","ping_status":"closed","template":"elementor_header_footer","meta":{"footnotes":""},"class_list":["post-10359","page","type-page","status-publish","hentry"],"aioseo_notices":[],"_links":{"self":[{"href":"https:\/\/euronut.com.tr\/ar\/wp-json\/wp\/v2\/pages\/10359","targetHints":{"allow":["GET"]}}],"collection":[{"href":"https:\/\/euronut.com.tr\/ar\/wp-json\/wp\/v2\/pages"}],"about":[{"href":"https:\/\/euronut.com.tr\/ar\/wp-json\/wp\/v2\/types\/page"}],"author":[{"embeddable":true,"href":"https:\/\/euronut.com.tr\/ar\/wp-json\/wp\/v2\/users\/1"}],"replies":[{"embeddable":true,"href":"https:\/\/euronut.com.tr\/ar\/wp-json\/wp\/v2\/comments?post=10359"}],"version-history":[{"count":12,"href":"https:\/\/euronut.com.tr\/ar\/wp-json\/wp\/v2\/pages\/10359\/revisions"}],"predecessor-version":[{"id":11549,"href":"https:\/\/euronut.com.tr\/ar\/wp-json\/wp\/v2\/pages\/10359\/revisions\/11549"}],"wp:attachment":[{"href":"https:\/\/euronut.com.tr\/ar\/wp-json\/wp\/v2\/media?parent=10359"}],"curies":[{"name":"wp","href":"https:\/\/api.w.org\/{rel}","templated":true}]}}